{"id":23981,"date":"2026-03-24T09:11:27","date_gmt":"2026-03-24T08:11:27","guid":{"rendered":"http:\/\/sionbartoszyce.pl\/?page_id=23981"},"modified":"2026-05-04T12:34:07","modified_gmt":"2026-05-04T10:34:07","slug":"wsm","status":"publish","type":"page","link":"http:\/\/sionbartoszyce.pl\/en\/wsm\/","title":{"rendered":"Wspomaganie Spo\u0142eczno\u015bci Mieszkaniowej ,,WSM&#8221;"},"content":{"rendered":"<div class=\"wp-block-group is-layout-constrained wp-block-group-is-layout-constrained\">\n<div class=\"wp-block-file\"><a id=\"wp-block-file--media-e10da966-ce82-48c1-a4c1-11e4f2d8273a\" href=\"http:\/\/sionbartoszyce.pl\/wp-content\/uploads\/2026\/03\/wniosek-osoby-ubiegajA\u2026cej-siA\u2122-o-prawo-do-zamieszkania-w-WSM-1.docx\">wniosek-osoby-ubiegajA\u2026cej-siA\u2122-o-prawo-do-zamieszkania-w-WSM-<img decoding=\"async\" class=\"wp-image-24007\" style=\"width: NaNpx;\" src=\"http:\/\/sionbartoszyce.pl\/wp-content\/uploads\/2026\/03\/regulamin-organizacyjny-WSM-1-2-1.docx\" alt=\"\">1<\/a><a href=\"http:\/\/sionbartoszyce.pl\/wp-content\/uploads\/2026\/03\/wniosek-osoby-ubiegajA\u2026cej-siA\u2122-o-prawo-do-zamieszkania-w-WSM-1.docx\" class=\"wp-block-file__button wp-element-button\" download aria-describedby=\"wp-block-file--media-e10da966-ce82-48c1-a4c1-11e4f2d8273a\">Pobierz<\/a><\/div>\n\n\n\n<div class=\"wp-block-file\"><a id=\"wp-block-file--media-4591117f-69e2-4565-b0f4-f1a33dc8af88\" href=\"http:\/\/sionbartoszyce.pl\/wp-content\/uploads\/2026\/03\/regulamin-organizacyjny-WSM-1-2.docx\">regulamin-organizacyjny-WSM-1-2<\/a><a href=\"http:\/\/sionbartoszyce.pl\/wp-content\/uploads\/2026\/03\/regulamin-organizacyjny-WSM-1-2.docx\" class=\"wp-block-file__button wp-element-button\" download aria-describedby=\"wp-block-file--media-4591117f-69e2-4565-b0f4-f1a33dc8af88\">Pobierz<\/a><\/div>\n\n\n\n<div class=\"wp-block-file\"><a id=\"wp-block-file--media-33fb8f9b-8507-420a-8122-0b8e9c1412ad\" href=\"http:\/\/sionbartoszyce.pl\/wp-content\/uploads\/2026\/03\/Klauzula-informacyjna-dla-programu-WSM-1-2.docx\">Klauzula-informacyjna-dla-programu-WSM-1-2<\/a><a href=\"http:\/\/sionbartoszyce.pl\/wp-content\/uploads\/2026\/03\/Klauzula-informacyjna-dla-programu-WSM-1-2.docx\" class=\"wp-block-file__button wp-element-button\" download aria-describedby=\"wp-block-file--media-33fb8f9b-8507-420a-8122-0b8e9c1412ad\">Pobierz<\/a><\/div>\n\n\n\n<div class=\"wp-block-file\"><a id=\"wp-block-file--media-90e26890-45b3-4679-9512-ca883063a3b9\" href=\"http:\/\/sionbartoszyce.pl\/wp-content\/uploads\/2026\/03\/wzr-umowy-najmu-WSM-1-2.docx\">wzr-umowy-najmu-WSM-1-2<\/a><a href=\"http:\/\/sionbartoszyce.pl\/wp-content\/uploads\/2026\/03\/wzr-umowy-najmu-WSM-1-2.docx\" class=\"wp-block-file__button wp-element-button\" download aria-describedby=\"wp-block-file--media-90e26890-45b3-4679-9512-ca883063a3b9\">Pobierz<\/a><\/div>\n\n\n\n<div class=\"wp-block-file\"><a id=\"wp-block-file--media-ca000781-2a2b-4406-9948-bdba6e19c3f6\" href=\"http:\/\/sionbartoszyce.pl\/wp-content\/uploads\/2026\/03\/regulamin-rekrutacji-osob-ubiegajacych-sie-o-prawo-do-zamieszkania-w-WSM-1-2.docx\">regulamin-rekrutacji-osob-ubiegajacych-sie-o-prawo-do-zamieszkania-w-WSM-1-2<\/a><a href=\"http:\/\/sionbartoszyce.pl\/wp-content\/uploads\/2026\/03\/regulamin-rekrutacji-osob-ubiegajacych-sie-o-prawo-do-zamieszkania-w-WSM-1-2.docx\" class=\"wp-block-file__button wp-element-button\" download aria-describedby=\"wp-block-file--media-ca000781-2a2b-4406-9948-bdba6e19c3f6\">Pobierz<\/a><\/div>\n<\/div>\n\n\n\n<figure class=\"wp-block-image size-large\"><img data-dominant-color=\"e6d0c5\" data-has-transparency=\"false\" style=\"--dominant-color: #e6d0c5;\" loading=\"lazy\" decoding=\"async\" width=\"683\" height=\"1024\" src=\"http:\/\/sionbartoszyce.pl\/wp-content\/uploads\/2026\/03\/image-683x1024.png\" alt=\"\" class=\"wp-image-23992 not-transparent\" srcset=\"http:\/\/sionbartoszyce.pl\/wp-content\/uploads\/2026\/03\/image-683x1024.png 683w, http:\/\/sionbartoszyce.pl\/wp-content\/uploads\/2026\/03\/image-200x300.png 200w, http:\/\/sionbartoszyce.pl\/wp-content\/uploads\/2026\/03\/image-768x1152.png 768w, http:\/\/sionbartoszyce.pl\/wp-content\/uploads\/2026\/03\/image-8x12.png 8w, http:\/\/sionbartoszyce.pl\/wp-content\/uploads\/2026\/03\/image.png 1024w\" sizes=\"auto, (max-width: 683px) 100vw, 683px\" \/><\/figure>\n\n\n\n<hr class=\"wp-block-separator has-alpha-channel-opacity\"\/>\n\n\n\n<h2 class=\"wp-block-heading\">Uroczyste otwarcie Wspomaganej Spo\u0142eczno\u015bci Mieszkaniowej w Bartoszycach .<\/h2>\n\n\n\n<p>W pi\u0105tek 27 lutego odby\u0142o si\u0119 uroczyste otwarcie Wspomaganej Spo\u0142eczno\u015bci Mieszkaniowej przy ul. K\u0119trzy\u0144skiej 29 w Bartoszycach. Inwestycja zosta\u0142a zrealizowana przez Stowarzyszenie Integracji Os\u00f3b Niepe\u0142nosprawnych SION w Bartoszycach, dzi\u0119ki dofinansowaniu z Pa\u0144stwowego Funduszu Rehabilitacji Os\u00f3b Niepe\u0142nosprawnych w ramach programu \u201e<strong>Samodzielno\u015b\u0107 \u2013 Aktywno\u015b\u0107 \u2013 Mobilno\u015b\u0107<\/strong>\u201d.<\/p>\n\n\n\n<p>Uroczysto\u015b\u0107 mia\u0142a podnios\u0142y i wyj\u0105tkowy charakter. W wydarzeniu uczestniczyli zaproszeni go\u015bcie, w\u015br\u00f3d kt\u00f3rych obecny by\u0142 m.in. Pe\u0142nomocnik Wojewody Warmi\u0144sko-Mazurskiego ds. Os\u00f3b Niepe\u0142nosprawnych \u2013 Mariusz Kowalski, Dyrektor PFRON w Olsztynie Robert Szyszka, oraz przedstawiciele w\u0142adz samorz\u0105dowych z terenu miasta i powiatu Bartoszyce, przyjaciele Stowarzyszenia oraz Ala z rodzin\u0105 &#8211; reprezentantka przysz\u0142ych mieszka\u0144c\u00f3w \u2013 dla kt\u00f3rej wr\u0119czono symboliczny pierwszy klucz do mieszkania.<\/p>\n\n\n\n<p>Podczas spotkania nie zabrak\u0142o s\u0142\u00f3w uznania, podzi\u0119kowa\u0144 i gratulacji dla wszystkich os\u00f3b zaanga\u017cowanych w realizacj\u0119 tego wa\u017cnego przedsi\u0119wzi\u0119cia. Podkre\u015blano, jak istotn\u0105 rol\u0119 odgrywa tworzenie miejsc, kt\u00f3re wspieraj\u0105 samodzielno\u015b\u0107 i aktywno\u015b\u0107 os\u00f3b z niepe\u0142nosprawno\u015bciami, umo\u017cliwiaj\u0105c im godne i bezpieczne \u017cycie w lokalnej spo\u0142eczno\u015bci.<\/p>\n\n\n\n<p>Uroczystego po\u015bwi\u0119cenia budynku dokona\u0142 Ksi\u0105dz Jerzy Olechnowicz Dziekan Dekanatu Bartoszyckiego. Po cz\u0119\u015bci oficjalnej go\u015bcie mieli mo\u017cliwo\u015b\u0107 obejrzenia mieszka\u0144 przystosowanych dla os\u00f3b z niepe\u0142nosprawno\u015bciami oraz zapoznania si\u0119 z warunkami mieszkaniowymi . Otwarcie Wspomaganej Spo\u0142eczno\u015bci Mieszkaniowej w Bartoszycach to wa\u017cny krok w kierunku tworzenia bardziej dost\u0119pnej, przyjaznej i sprzyjaj\u0105cej samodzielno\u015bci przestrzeni dla os\u00f3b z niepe\u0142nosprawno\u015bciami.<\/p>\n\n\n\n<figure class=\"wp-block-gallery has-nested-images columns-default is-cropped wp-block-gallery-1 is-layout-flex wp-block-gallery-is-layout-flex\">\n<figure class=\"wp-block-image size-full\"><img data-dominant-color=\"92908e\" data-has-transparency=\"false\" style=\"--dominant-color: #92908e;\" loading=\"lazy\" decoding=\"async\" width=\"720\" height=\"480\" data-id=\"24664\" src=\"http:\/\/sionbartoszyce.pl\/wp-content\/uploads\/2026\/04\/DSC_0184.jpg\" alt=\"\" class=\"wp-image-24664 not-transparent\" srcset=\"http:\/\/sionbartoszyce.pl\/wp-content\/uploads\/2026\/04\/DSC_0184.jpg 720w, http:\/\/sionbartoszyce.pl\/wp-content\/uploads\/2026\/04\/DSC_0184-300x200.jpg 300w, http:\/\/sionbartoszyce.pl\/wp-content\/uploads\/2026\/04\/DSC_0184-18x12.jpg 18w\" sizes=\"auto, (max-width: 720px) 100vw, 720px\" \/><\/figure>\n\n\n\n<figure class=\"wp-block-image size-full\"><img data-dominant-color=\"6f6c6a\" data-has-transparency=\"false\" style=\"--dominant-color: #6f6c6a;\" loading=\"lazy\" decoding=\"async\" width=\"720\" height=\"480\" data-id=\"24663\" src=\"http:\/\/sionbartoszyce.pl\/wp-content\/uploads\/2026\/04\/DSC_0186.jpg\" alt=\"\" class=\"wp-image-24663 not-transparent\" srcset=\"http:\/\/sionbartoszyce.pl\/wp-content\/uploads\/2026\/04\/DSC_0186.jpg 720w, http:\/\/sionbartoszyce.pl\/wp-content\/uploads\/2026\/04\/DSC_0186-300x200.jpg 300w, http:\/\/sionbartoszyce.pl\/wp-content\/uploads\/2026\/04\/DSC_0186-18x12.jpg 18w\" sizes=\"auto, (max-width: 720px) 100vw, 720px\" \/><\/figure>\n\n\n\n<figure class=\"wp-block-image size-full\"><img data-dominant-color=\"83766e\" data-has-transparency=\"false\" style=\"--dominant-color: #83766e;\" loading=\"lazy\" decoding=\"async\" width=\"720\" height=\"480\" data-id=\"24662\" src=\"http:\/\/sionbartoszyce.pl\/wp-content\/uploads\/2026\/04\/DSC_0316.jpg\" alt=\"\" class=\"wp-image-24662 not-transparent\" srcset=\"http:\/\/sionbartoszyce.pl\/wp-content\/uploads\/2026\/04\/DSC_0316.jpg 720w, http:\/\/sionbartoszyce.pl\/wp-content\/uploads\/2026\/04\/DSC_0316-300x200.jpg 300w, http:\/\/sionbartoszyce.pl\/wp-content\/uploads\/2026\/04\/DSC_0316-18x12.jpg 18w\" sizes=\"auto, (max-width: 720px) 100vw, 720px\" \/><\/figure>\n\n\n\n<figure class=\"wp-block-image size-full\"><img data-dominant-color=\"83837e\" data-has-transparency=\"false\" style=\"--dominant-color: #83837e;\" loading=\"lazy\" decoding=\"async\" width=\"720\" height=\"480\" data-id=\"24661\" src=\"http:\/\/sionbartoszyce.pl\/wp-content\/uploads\/2026\/04\/DSC_0233.jpg\" alt=\"\" class=\"wp-image-24661 not-transparent\" srcset=\"http:\/\/sionbartoszyce.pl\/wp-content\/uploads\/2026\/04\/DSC_0233.jpg 720w, http:\/\/sionbartoszyce.pl\/wp-content\/uploads\/2026\/04\/DSC_0233-300x200.jpg 300w, http:\/\/sionbartoszyce.pl\/wp-content\/uploads\/2026\/04\/DSC_0233-18x12.jpg 18w\" sizes=\"auto, (max-width: 720px) 100vw, 720px\" \/><\/figure>\n<\/figure>\n\n\n\n<p><\/p>","protected":false},"excerpt":{"rendered":"<p>Uroczyste otwarcie Wspomaganej Spo\u0142eczno\u015bci Mieszkaniowej w Bartoszycach . W pi\u0105tek 27 lutego odby\u0142o si\u0119 uroczyste otwarcie Wspomaganej Spo\u0142eczno\u015bci Mieszkaniowej przy ul. K\u0119trzy\u0144skiej 29 w Bartoszycach. Inwestycja zosta\u0142a zrealizowana przez Stowarzyszenie Integracji Os\u00f3b Niepe\u0142nosprawnych SION w Bartoszycach, dzi\u0119ki dofinansowaniu z Pa\u0144stwowego Funduszu Rehabilitacji Os\u00f3b Niepe\u0142nosprawnych w ramach programu \u201eSamodzielno\u015b\u0107 \u2013 Aktywno\u015b\u0107 \u2013 Mobilno\u015b\u0107\u201d. Uroczysto\u015b\u0107 mia\u0142a podnios\u0142y [&hellip;]<\/p>\n","protected":false},"author":1,"featured_media":0,"parent":0,"menu_order":0,"comment_status":"closed","ping_status":"closed","template":"","meta":{"site-sidebar-layout":"no-sidebar","site-content-layout":"","ast-site-content-layout":"normal-width-container","site-content-style":"default","site-sidebar-style":"default","ast-global-header-display":"","ast-banner-title-visibility":"","ast-main-header-display":"disabled","ast-hfb-above-header-display":"","ast-hfb-below-header-display":"disabled","ast-hfb-mobile-header-display":"disabled","site-post-title":"","ast-breadcrumbs-content":"","ast-featured-img":"","footer-sml-layout":"","ast-disable-related-posts":"","theme-transparent-header-meta":"enabled","adv-header-id-meta":"","stick-header-meta":"","header-above-stick-meta":"","header-main-stick-meta":"","header-below-stick-meta":"","astra-migrate-meta-layouts":"set","ast-page-background-enabled":"default","ast-page-background-meta":{"desktop":{"background-color":"","background-image":"","background-repeat":"repeat","background-position":"center center","background-size":"auto","background-attachment":"scroll","background-type":"","background-media":"","overlay-type":"","overlay-color":"","overlay-opacity":"","overlay-gradient":""},"tablet":{"background-color":"","background-image":"","background-repeat":"repeat","background-position":"center center","background-size":"auto","background-attachment":"scroll","background-type":"","background-media":"","overlay-type":"","overlay-color":"","overlay-opacity":"","overlay-gradient":""},"mobile":{"background-color":"","background-image":"","background-repeat":"repeat","background-position":"center center","background-size":"auto","background-attachment":"scroll","background-type":"","background-media":"","overlay-type":"","overlay-color":"","overlay-opacity":"","overlay-gradient":""}},"ast-content-background-meta":{"desktop":{"background-color":"var(--ast-global-color-5)","background-image":"","background-repeat":"repeat","background-position":"center center","background-size":"auto","background-attachment":"scroll","background-type":"","background-media":"","overlay-type":"","overlay-color":"","overlay-opacity":"","overlay-gradient":""},"tablet":{"background-color":"var(--ast-global-color-5)","background-image":"","background-repeat":"repeat","background-position":"center center","background-size":"auto","background-attachment":"scroll","background-type":"","background-media":"","overlay-type":"","overlay-color":"","overlay-opacity":"","overlay-gradient":""},"mobile":{"background-color":"var(--ast-global-color-5)","background-image":"","background-repeat":"repeat","background-position":"center center","background-size":"auto","background-attachment":"scroll","background-type":"","background-media":"","overlay-type":"","overlay-color":"","overlay-opacity":"","overlay-gradient":""}},"ngg_post_thumbnail":0,"footnotes":""},"class_list":["post-23981","page","type-page","status-publish","hentry"],"_links":{"self":[{"href":"http:\/\/sionbartoszyce.pl\/en\/wp-json\/wp\/v2\/pages\/23981","targetHints":{"allow":["GET"]}}],"collection":[{"href":"http:\/\/sionbartoszyce.pl\/en\/wp-json\/wp\/v2\/pages"}],"about":[{"href":"http:\/\/sionbartoszyce.pl\/en\/wp-json\/wp\/v2\/types\/page"}],"author":[{"embeddable":true,"href":"http:\/\/sionbartoszyce.pl\/en\/wp-json\/wp\/v2\/users\/1"}],"replies":[{"embeddable":true,"href":"http:\/\/sionbartoszyce.pl\/en\/wp-json\/wp\/v2\/comments?post=23981"}],"version-history":[{"count":15,"href":"http:\/\/sionbartoszyce.pl\/en\/wp-json\/wp\/v2\/pages\/23981\/revisions"}],"predecessor-version":[{"id":24798,"href":"http:\/\/sionbartoszyce.pl\/en\/wp-json\/wp\/v2\/pages\/23981\/revisions\/24798"}],"wp:attachment":[{"href":"http:\/\/sionbartoszyce.pl\/en\/wp-json\/wp\/v2\/media?parent=23981"}],"curies":[{"name":"wp","href":"https:\/\/api.w.org\/{rel}","templated":true}]}}