{"id":23603,"date":"2025-11-25T12:43:51","date_gmt":"2025-11-25T11:43:51","guid":{"rendered":"http:\/\/sionbartoszyce.pl\/?page_id=23603"},"modified":"2025-11-25T12:51:49","modified_gmt":"2025-11-25T11:51:49","slug":"zawiadomienie-o-wyborze-oferty-2","status":"publish","type":"page","link":"http:\/\/sionbartoszyce.pl\/en\/zawiadomienie-o-wyborze-oferty-2\/","title":{"rendered":"zawiadomienie o wyborze oferty"},"content":{"rendered":"<p>Na og\u0142oszone zapytania nr 2\/WSM\/2025 na zakup, dostaw\u0119 i monta\u017c sprz\u0119tu i wyposa\u017cenia dla<br>Wspomaganej Spo\u0142eczno\u015bci Mieszkaniowej przy ul. K\u0119trzy\u0144skiej 29 w Bartoszycach wp\u0142yn\u0119\u0142y dwie<br>oferty, z\u0142o\u017cone przez:<\/p>\n\n\n\n<ol class=\"wp-block-list\">\n<li>P.H.U. EL-NAR Dariusz Zygnerski ul. Warszawska 4,11-200 Bartoszyce<\/li>\n\n\n\n<li>Astra Szymon G\u00f3ral, ul. Poniatowskiego 25, 11-200 Bartoszyce<br>Zbiorcze zestawienie ofert<\/li>\n<\/ol>\n\n\n\n<figure class=\"wp-block-table\">\n<table class=\"has-fixed-layout\">\n<tbody>\n<tr>\n<td style=\"width:55px;\">Lp.<\/td>\n<td>Nazwa oferenta<\/td>\n<td>Cena ofertowa<br>(brutto)<\/td>\n<td>Suma<br>punkt\u00f3w\/uwagi<\/td>\n<\/tr>\n\n<tr>\n<td style=\"width:50px;\">1<\/td>\n<td>Astra Szymon G\u00f3ral<br>Ul. Poniatowskiego 25<br>11-200 Bartoszyce<\/td>\n<td>394 000,00 z\u0142<\/td>\n<td>100 pkt<\/td>\n<\/tr>\n\n<tr>\n<td style=\"width:50px;\">2<\/td>\n<td>P.H.U. EL-NAR Dariusz<br>Zygnerski<br>Ul. Warszawska 4<br>11-200 Bartoszyce<\/td>\n<td>423 278,00 z\u0142<\/td>\n<td>93 pkt<\/td>\n<\/tr>\n<\/tbody>\n<\/table>\n<\/figure>\n\n\n\n\n<p><\/p>\n\n\n\n<p><strong>Za najkorzystniejsz\u0105 ofert\u0119 uznano:<\/strong><br><em>Astra Szymon G\u00f3ral, ul. Poniatowskiego 25, 11-200 Bartoszyce<\/em><br><strong>Uzasadnienie:<\/strong><br>Zaproponowana oferta spe\u0142ni\u0142a warunki zawarte w zapytaniu ofertowym i otrzyma\u0142a najwi\u0119ksz\u0105<br>liczb\u0119 punkt\u00f3w.<\/p>\n\n\n\n<p><\/p>","protected":false},"excerpt":{"rendered":"<p>Na og\u0142oszone zapytania nr 2\/WSM\/2025 na zakup, dostaw\u0119 i monta\u017c sprz\u0119tu i wyposa\u017cenia dlaWspomaganej Spo\u0142eczno\u015bci Mieszkaniowej przy ul. K\u0119trzy\u0144skiej 29 w Bartoszycach wp\u0142yn\u0119\u0142y dwieoferty, z\u0142o\u017cone przez: Lp. Nazwa oferenta Cena ofertowa(brutto) Sumapunkt\u00f3w\/uwagi 1 Astra Szymon G\u00f3ralUl. Poniatowskiego 2511-200 Bartoszyce 394 000,00 z\u0142 100 pkt 2 P.H.U. EL-NAR DariuszZygnerskiUl. Warszawska 411-200 Bartoszyce 423 278,00 z\u0142 93 [&hellip;]<\/p>\n","protected":false},"author":1,"featured_media":0,"parent":0,"menu_order":0,"comment_status":"closed","ping_status":"closed","template":"","meta":{"site-sidebar-layout":"default","site-content-layout":"","ast-site-content-layout":"default","site-content-style":"default","site-sidebar-style":"default","ast-global-header-display":"","ast-banner-title-visibility":"","ast-main-header-display":"","ast-hfb-above-header-display":"","ast-hfb-below-header-display":"","ast-hfb-mobile-header-display":"","site-post-title":"","ast-breadcrumbs-content":"","ast-featured-img":"","footer-sml-layout":"","ast-disable-related-posts":"","theme-transparent-header-meta":"","adv-header-id-meta":"","stick-header-meta":"","header-above-stick-meta":"","header-main-stick-meta":"","header-below-stick-meta":"","astra-migrate-meta-layouts":"set","ast-page-background-enabled":"default","ast-page-background-meta":{"desktop":{"background-color":"","background-image":"","background-repeat":"repeat","background-position":"center center","background-size":"auto","background-attachment":"scroll","background-type":"","background-media":"","overlay-type":"","overlay-color":"","overlay-opacity":"","overlay-gradient":""},"tablet":{"background-color":"","background-image":"","background-repeat":"repeat","background-position":"center center","background-size":"auto","background-attachment":"scroll","background-type":"","background-media":"","overlay-type":"","overlay-color":"","overlay-opacity":"","overlay-gradient":""},"mobile":{"background-color":"","background-image":"","background-repeat":"repeat","background-position":"center center","background-size":"auto","background-attachment":"scroll","background-type":"","background-media":"","overlay-type":"","overlay-color":"","overlay-opacity":"","overlay-gradient":""}},"ast-content-background-meta":{"desktop":{"background-color":"var(--ast-global-color-5)","background-image":"","background-repeat":"repeat","background-position":"center center","background-size":"auto","background-attachment":"scroll","background-type":"","background-media":"","overlay-type":"","overlay-color":"","overlay-opacity":"","overlay-gradient":""},"tablet":{"background-color":"var(--ast-global-color-5)","background-image":"","background-repeat":"repeat","background-position":"center center","background-size":"auto","background-attachment":"scroll","background-type":"","background-media":"","overlay-type":"","overlay-color":"","overlay-opacity":"","overlay-gradient":""},"mobile":{"background-color":"var(--ast-global-color-5)","background-image":"","background-repeat":"repeat","background-position":"center center","background-size":"auto","background-attachment":"scroll","background-type":"","background-media":"","overlay-type":"","overlay-color":"","overlay-opacity":"","overlay-gradient":""}},"ngg_post_thumbnail":0,"footnotes":""},"class_list":["post-23603","page","type-page","status-publish","hentry"],"_links":{"self":[{"href":"http:\/\/sionbartoszyce.pl\/en\/wp-json\/wp\/v2\/pages\/23603","targetHints":{"allow":["GET"]}}],"collection":[{"href":"http:\/\/sionbartoszyce.pl\/en\/wp-json\/wp\/v2\/pages"}],"about":[{"href":"http:\/\/sionbartoszyce.pl\/en\/wp-json\/wp\/v2\/types\/page"}],"author":[{"embeddable":true,"href":"http:\/\/sionbartoszyce.pl\/en\/wp-json\/wp\/v2\/users\/1"}],"replies":[{"embeddable":true,"href":"http:\/\/sionbartoszyce.pl\/en\/wp-json\/wp\/v2\/comments?post=23603"}],"version-history":[{"count":5,"href":"http:\/\/sionbartoszyce.pl\/en\/wp-json\/wp\/v2\/pages\/23603\/revisions"}],"predecessor-version":[{"id":23611,"href":"http:\/\/sionbartoszyce.pl\/en\/wp-json\/wp\/v2\/pages\/23603\/revisions\/23611"}],"wp:attachment":[{"href":"http:\/\/sionbartoszyce.pl\/en\/wp-json\/wp\/v2\/media?parent=23603"}],"curies":[{"name":"wp","href":"https:\/\/api.w.org\/{rel}","templated":true}]}}