{"id":23584,"date":"2025-11-13T04:21:34","date_gmt":"2025-11-13T03:21:34","guid":{"rendered":"http:\/\/sionbartoszyce.pl\/?page_id=23584"},"modified":"2025-11-21T08:44:53","modified_gmt":"2025-11-21T07:44:53","slug":"zapytanie-ofertowe-nr-2-wsm-2025","status":"publish","type":"page","link":"http:\/\/sionbartoszyce.pl\/en\/zapytanie-ofertowe-nr-2-wsm-2025\/","title":{"rendered":"Zapytanie ofertowe nr 2\/WSM\/2025"},"content":{"rendered":"<ol class=\"wp-block-list\">\n<li>Zwracamy si\u0119 z pro\u015bba o przedstawienie oferty cenowej na zakup i dostaw\u0119 i monta\u017c sprz\u0119tu oraz<br>wyposa\u017cenia dla Wspomaganej Spo\u0142eczno\u015bci Mieszkaniowej przy ul. K\u0119trzy\u0144skiej 29<br>w Bartoszycach.<\/li>\n\n\n\n<li>Opis przedmiotu zam\u00f3wienia: zgodnie z za\u0142\u0105czonym wykazem.<\/li>\n\n\n\n<li>Termin wykonania do ko\u0144ca listopada 2025 r.<\/li>\n\n\n\n<li>Kryteria wyboru oferty:<br>Cena brutto: 100%<\/li>\n\n\n\n<li>Ofert\u0119 cenow\u0105 mo\u017cna sk\u0142ada\u0107 w terminie do 13.11.2025 r. do godz. 14:00<\/li>\n<\/ol>\n\n\n\n<ul class=\"wp-block-list\">\n<li>osobi\u015bcie w Biurze Stowarzyszenia Integracji Os\u00f3b Niepe\u0142nosprawnych SION<br>w Bartoszycach przy ul. Bema 51 A.<\/li>\n\n\n\n<li>poczt\u0105 na adres: Stowarzyszenie Integracji Os\u00f3b Niepe\u0142nosprawnych SION<br>w Bartoszycach, ul. Bema 51 A, 11-200 Bartoszyce.<\/li>\n<\/ul>\n\n\n\n<ol class=\"wp-block-list\">\n<li>Oferty z\u0142o\u017cone po tym terminie nie b\u0119d\u0105 rozpatrywane.<\/li>\n\n\n\n<li>Otwarcie ofert nast\u0105pi 13.11.2025 r. o godz. 14:15.<\/li>\n\n\n\n<li>Oferta winna by\u0107 podpisana przez osob\u0119 upowa\u017cnion\u0105 do reprezentowania<br>Wykonawcy.<\/li>\n\n\n\n<li>Zamawiaj\u0105cy zastrzega sobie uniewa\u017cnienie procedury zapytania ofertowego bez<br>podania przyczyny.<\/li>\n<\/ol>\n\n\n\n<p>Zapraszamy do sk\u0142adania ofert<\/p>\n\n\n\n<p><\/p>\n\n\n\n<div class=\"wp-block-buttons is-layout-flex wp-block-buttons-is-layout-flex\"><\/div>\n\n\n\n<div class=\"wp-block-file\"><a id=\"wp-block-file--media-78196266-4652-416c-a0f3-d4c54e909d7d\" href=\"http:\/\/sionbartoszyce.pl\/wp-content\/uploads\/2025\/11\/Zalacznik-nr-1-do-zapytania-nr-2WSM2025.docx\">Za\u0142\u0105cznik nr 1 do zapytania nr 2WSM2025<\/a><a href=\"http:\/\/sionbartoszyce.pl\/wp-content\/uploads\/2025\/11\/Zalacznik-nr-1-do-zapytania-nr-2WSM2025.docx\" class=\"wp-block-file__button wp-element-button\" download aria-describedby=\"wp-block-file--media-78196266-4652-416c-a0f3-d4c54e909d7d\">Pobierz<\/a><\/div>\n\n\n\n<p><\/p>","protected":false},"excerpt":{"rendered":"<p>Zapraszamy do sk\u0142adania ofert<\/p>","protected":false},"author":1,"featured_media":0,"parent":0,"menu_order":0,"comment_status":"closed","ping_status":"closed","template":"","meta":{"site-sidebar-layout":"default","site-content-layout":"","ast-site-content-layout":"default","site-content-style":"default","site-sidebar-style":"default","ast-global-header-display":"","ast-banner-title-visibility":"","ast-main-header-display":"","ast-hfb-above-header-display":"","ast-hfb-below-header-display":"","ast-hfb-mobile-header-display":"","site-post-title":"","ast-breadcrumbs-content":"","ast-featured-img":"","footer-sml-layout":"","ast-disable-related-posts":"","theme-transparent-header-meta":"","adv-header-id-meta":"","stick-header-meta":"","header-above-stick-meta":"","header-main-stick-meta":"","header-below-stick-meta":"","astra-migrate-meta-layouts":"set","ast-page-background-enabled":"default","ast-page-background-meta":{"desktop":{"background-color":"","background-image":"","background-repeat":"repeat","background-position":"center center","background-size":"auto","background-attachment":"scroll","background-type":"","background-media":"","overlay-type":"","overlay-color":"","overlay-opacity":"","overlay-gradient":""},"tablet":{"background-color":"","background-image":"","background-repeat":"repeat","background-position":"center center","background-size":"auto","background-attachment":"scroll","background-type":"","background-media":"","overlay-type":"","overlay-color":"","overlay-opacity":"","overlay-gradient":""},"mobile":{"background-color":"","background-image":"","background-repeat":"repeat","background-position":"center center","background-size":"auto","background-attachment":"scroll","background-type":"","background-media":"","overlay-type":"","overlay-color":"","overlay-opacity":"","overlay-gradient":""}},"ast-content-background-meta":{"desktop":{"background-color":"var(--ast-global-color-5)","background-image":"","background-repeat":"repeat","background-position":"center center","background-size":"auto","background-attachment":"scroll","background-type":"","background-media":"","overlay-type":"","overlay-color":"","overlay-opacity":"","overlay-gradient":""},"tablet":{"background-color":"var(--ast-global-color-5)","background-image":"","background-repeat":"repeat","background-position":"center center","background-size":"auto","background-attachment":"scroll","background-type":"","background-media":"","overlay-type":"","overlay-color":"","overlay-opacity":"","overlay-gradient":""},"mobile":{"background-color":"var(--ast-global-color-5)","background-image":"","background-repeat":"repeat","background-position":"center center","background-size":"auto","background-attachment":"scroll","background-type":"","background-media":"","overlay-type":"","overlay-color":"","overlay-opacity":"","overlay-gradient":""}},"ngg_post_thumbnail":0,"footnotes":""},"class_list":["post-23584","page","type-page","status-publish","hentry"],"_links":{"self":[{"href":"http:\/\/sionbartoszyce.pl\/en\/wp-json\/wp\/v2\/pages\/23584","targetHints":{"allow":["GET"]}}],"collection":[{"href":"http:\/\/sionbartoszyce.pl\/en\/wp-json\/wp\/v2\/pages"}],"about":[{"href":"http:\/\/sionbartoszyce.pl\/en\/wp-json\/wp\/v2\/types\/page"}],"author":[{"embeddable":true,"href":"http:\/\/sionbartoszyce.pl\/en\/wp-json\/wp\/v2\/users\/1"}],"replies":[{"embeddable":true,"href":"http:\/\/sionbartoszyce.pl\/en\/wp-json\/wp\/v2\/comments?post=23584"}],"version-history":[{"count":3,"href":"http:\/\/sionbartoszyce.pl\/en\/wp-json\/wp\/v2\/pages\/23584\/revisions"}],"predecessor-version":[{"id":23597,"href":"http:\/\/sionbartoszyce.pl\/en\/wp-json\/wp\/v2\/pages\/23584\/revisions\/23597"}],"wp:attachment":[{"href":"http:\/\/sionbartoszyce.pl\/en\/wp-json\/wp\/v2\/media?parent=23584"}],"curies":[{"name":"wp","href":"https:\/\/api.w.org\/{rel}","templated":true}]}}