{"id":22572,"date":"2025-05-16T13:52:37","date_gmt":"2025-05-16T11:52:37","guid":{"rendered":"http:\/\/sionbartoszyce.pl\/?page_id=22572"},"modified":"2025-05-19T13:10:56","modified_gmt":"2025-05-19T11:10:56","slug":"dokumenty","status":"publish","type":"page","link":"http:\/\/sionbartoszyce.pl\/en\/dokumenty\/","title":{"rendered":""},"content":{"rendered":"<style>\n  .dokumenty-strona {\n    max-width: 600px;\n    margin: 40px auto;\n    padding: 20px;\n    background-color: #f3e8dc;\n    border-radius: 16px;\n    box-shadow: 0 4px 12px rgba(100, 70, 40, 0.15);\n    font-family: 'Arial', sans-serif;\n  }\n\n  .dokumenty-strona h2 {\n    text-align: center;\n    font-size: 28px;\n    margin-bottom: 30px;\n    color: #5a3e2b;\n  }\n\n  .dokument-link,\n  .folder-toggle {\n    display: flex;\n    align-items: center;\n    background-color: #fff8f1;\n    border: 1px solid #c8b09c;\n    border-radius: 12px;\n    padding: 14px 20px;\n    margin-bottom: 10px;\n    text-decoration: none;\n    color: #4e342e;\n    cursor: pointer;\n    transition: all 0.2s ease;\n  }\n\n  .dokument-link:hover,\n  .folder-toggle:hover {\n    background-color: #e0c7aa;\n    border-color: #8d6e63;\n    color: #4e342e;\n  }\n\n  .dokument-link i,\n  .folder-toggle i {\n    margin-right: 12px;\n    font-size: 20px;\n    color: #6d4c41;\n  }\n\n  .submenu {\n    margin-left: 32px;\n    margin-top: 10px;\n    display: none;\n    flex-direction: column;\n  }\n\n  .submenu a {\n    margin-bottom: 8px;\n    background-color: #fff8f1;\n    border: 1px solid #d4b8a3;\n    border-radius: 10px;\n    padding: 10px 16px;\n    text-decoration: none;\n    color: #4e342e;\n    display: flex;\n    align-items: center;\n    transition: all 0.2s ease;\n  }\n\n  .submenu a:hover {\n    background-color: #e6ccb2;\n    border-color: #8d6e63;\n    color: #3e2723;\n  }\n\n  .submenu a i {\n    color: #6d4c41;\n    margin-right: 10px;\n  }\n<\/style>\n\n<div class=\"dokumenty-strona\">\n  <h2>Dokumenty<\/h2>\n\n  <a class=\"dokument-link\" href=\"http:\/\/sionbartoszyce.pl\/en\/wniosek-o-przyjecie-do-wtz-2\/\" target=\"_blank\">\n    <i class=\"fa fa-external-link\"><\/i> Wniosek o przyj\u0119cie do WTZ\n  <\/a>\n\n  <div class=\"folder-toggle\" onclick=\"toggleSubmenu(this)\">\n    <i class=\"fa fa-folder\"><\/i> Zaj\u0119cia klubowe w WTZ\n  <\/div>\n\n  <div class=\"submenu\">\n    <a href=\"http:\/\/sionbartoszyce.pl\/en\/program-zajecia-klubowe-w-wtz\/\" target=\"_blank\">\n      <i class=\"fa fa-external-link\"><\/i> Program \u201eZaj\u0119cia Klubowe w WTZ\u201d\n    <\/a>\n\n    <a href=\"http:\/\/sionbartoszyce.pl\/wp-content\/uploads\/2021\/03\/Wniosek-osoby-ubiegaj\u0105cej-si\u0119-o-uczestnictwo-w-zaj\u0119ciach-klubowych.doc\" target=\"_blank\">\n      <i class=\"fa fa-file-pdf-o\"><\/i> Wniosek osoby ubiegaj\u0105cej si\u0119 o uczestnictwo w zaj\u0119ciach klubowych\n    <\/a>\n  <\/div>\n<\/div>\n\n<script>\n  function toggleSubmenu(toggle) {\n    const submenu = toggle.nextElementSibling;\n    submenu.style.display = submenu.style.display === 'flex' ? 'none' : 'flex';\n  }\n<\/script>\n\n<!-- Font Awesome (je\u015bli jeszcze nie za\u0142adowane globalnie w motywie) -->\n<link rel=\"stylesheet\" href=\"https:\/\/cdnjs.cloudflare.com\/ajax\/libs\/font-awesome\/4.7.0\/css\/font-awesome.min.css\">\n\n\n\n\n<p><\/p>","protected":false},"excerpt":{"rendered":"<p>Dokumenty Wniosek o przyj\u0119cie do WTZ Zaj\u0119cia klubowe w WTZ Program \u201eZaj\u0119cia Klubowe w WTZ\u201d Wniosek osoby ubiegaj\u0105cej si\u0119 o uczestnictwo w zaj\u0119ciach klubowych<\/p>","protected":false},"author":1,"featured_media":0,"parent":0,"menu_order":0,"comment_status":"closed","ping_status":"closed","template":"","meta":{"site-sidebar-layout":"default","site-content-layout":"","ast-site-content-layout":"default","site-content-style":"default","site-sidebar-style":"default","ast-global-header-display":"","ast-banner-title-visibility":"","ast-main-header-display":"","ast-hfb-above-header-display":"","ast-hfb-below-header-display":"","ast-hfb-mobile-header-display":"","site-post-title":"","ast-breadcrumbs-content":"","ast-featured-img":"","footer-sml-layout":"","ast-disable-related-posts":"","theme-transparent-header-meta":"","adv-header-id-meta":"","stick-header-meta":"","header-above-stick-meta":"","header-main-stick-meta":"","header-below-stick-meta":"","astra-migrate-meta-layouts":"set","ast-page-background-enabled":"default","ast-page-background-meta":{"desktop":{"background-color":"","background-image":"","background-repeat":"repeat","background-position":"center center","background-size":"auto","background-attachment":"scroll","background-type":"","background-media":"","overlay-type":"","overlay-color":"","overlay-opacity":"","overlay-gradient":""},"tablet":{"background-color":"","background-image":"","background-repeat":"repeat","background-position":"center center","background-size":"auto","background-attachment":"scroll","background-type":"","background-media":"","overlay-type":"","overlay-color":"","overlay-opacity":"","overlay-gradient":""},"mobile":{"background-color":"","background-image":"","background-repeat":"repeat","background-position":"center center","background-size":"auto","background-attachment":"scroll","background-type":"","background-media":"","overlay-type":"","overlay-color":"","overlay-opacity":"","overlay-gradient":""}},"ast-content-background-meta":{"desktop":{"background-color":"var(--ast-global-color-5)","background-image":"","background-repeat":"repeat","background-position":"center center","background-size":"auto","background-attachment":"scroll","background-type":"","background-media":"","overlay-type":"","overlay-color":"","overlay-opacity":"","overlay-gradient":""},"tablet":{"background-color":"var(--ast-global-color-5)","background-image":"","background-repeat":"repeat","background-position":"center center","background-size":"auto","background-attachment":"scroll","background-type":"","background-media":"","overlay-type":"","overlay-color":"","overlay-opacity":"","overlay-gradient":""},"mobile":{"background-color":"var(--ast-global-color-5)","background-image":"","background-repeat":"repeat","background-position":"center center","background-size":"auto","background-attachment":"scroll","background-type":"","background-media":"","overlay-type":"","overlay-color":"","overlay-opacity":"","overlay-gradient":""}},"ngg_post_thumbnail":0,"footnotes":""},"class_list":["post-22572","page","type-page","status-publish","hentry"],"_links":{"self":[{"href":"http:\/\/sionbartoszyce.pl\/en\/wp-json\/wp\/v2\/pages\/22572","targetHints":{"allow":["GET"]}}],"collection":[{"href":"http:\/\/sionbartoszyce.pl\/en\/wp-json\/wp\/v2\/pages"}],"about":[{"href":"http:\/\/sionbartoszyce.pl\/en\/wp-json\/wp\/v2\/types\/page"}],"author":[{"embeddable":true,"href":"http:\/\/sionbartoszyce.pl\/en\/wp-json\/wp\/v2\/users\/1"}],"replies":[{"embeddable":true,"href":"http:\/\/sionbartoszyce.pl\/en\/wp-json\/wp\/v2\/comments?post=22572"}],"version-history":[{"count":7,"href":"http:\/\/sionbartoszyce.pl\/en\/wp-json\/wp\/v2\/pages\/22572\/revisions"}],"predecessor-version":[{"id":24190,"href":"http:\/\/sionbartoszyce.pl\/en\/wp-json\/wp\/v2\/pages\/22572\/revisions\/24190"}],"wp:attachment":[{"href":"http:\/\/sionbartoszyce.pl\/en\/wp-json\/wp\/v2\/media?parent=22572"}],"curies":[{"name":"wp","href":"https:\/\/api.w.org\/{rel}","templated":true}]}}