{"id":21754,"date":"2025-03-31T11:14:43","date_gmt":"2025-03-31T09:14:43","guid":{"rendered":"http:\/\/sionbartoszyce.pl\/?page_id=21754"},"modified":"2025-07-08T12:41:21","modified_gmt":"2025-07-08T10:41:21","slug":"droga-ku-zatrudnieniu-edycja-ii-4","status":"publish","type":"page","link":"http:\/\/sionbartoszyce.pl\/en\/droga-ku-zatrudnieniu-edycja-ii-4\/","title":{"rendered":"Droga ku zatrudnieniu &#8211; Edycja II"},"content":{"rendered":"<h2> Informacja o wyborze instytucji szkoleniowej<\/h2> \n\n\n\n<p>                                                                                                                                                                                                   Bartoszyce, 08.07.2025r.<br><br><strong>Og\u0142oszenie o wynikach post\u0119powania<\/strong><br>Stowarzyszenie Integracji Os\u00f3b Niepe\u0142nosprawnych SION w Bartoszycach informuje o<br>zako\u0144czeniu post\u0119powania prowadzonego w ramach projektu pn. \u201eDroga ku<br>zatrudnieniu- edycja II\u201d Nr umowy:. ZZO\/000318\/14\/D realizowanego w ramach w art. 36<br>ustawy o rehabilitacji zawodowej i spo\u0142ecznej oraz zatrudnianiu os\u00f3b<br>niepe\u0142nosprawnych.<br>Przy zastosowaniu kryteri\u00f3w oceny wskazanych w rozeznaniu rynku<br>nr\u00a01\/PFRON\/2025\u00a0wybrano najkorzystniejsz\u0105 ofert\u0119 szkoleniow\u0105 firmy: Warmi\u0144sko-<br>Mazurski Zak\u0142ad Doskonalenia Zawodowego w Olsztynie, Centrum Edukacji w<br>Bartoszycach, ul. 11- go Listopada 10, 11-200 Bartoszyce.\u00a0<br>Uzasadnienie: Firma Warmi\u0144sko-Mazurski Zak\u0142ad Doskonalenia Zawodowego w<br>Olsztynie, Centrum Edukacji w Bartoszycach z\u0142o\u017cy\u0142a oferty na realizacj\u0119 us\u0142ug, kt\u00f3re<br>spe\u0142ni\u0142y warunki udzia\u0142u w post\u0119powaniu oraz zaproponowa\u0142a cen\u0119, kt\u00f3ra nie przekracza<br>kwoty, jak\u0105 Zamawiaj\u0105cy przeznaczy\u0142 na realizacj\u0119 przedmiotu zam\u00f3wienia. Ponadto<br>Zak\u0142ad Doskonalenia Zawodowego wykaza\u0142, \u017ce posiada do\u015bwiadczenie w prowadzeniu<br>grupowych szkole\u0144 z zakresu kurs\u00f3w zawodowych \u201epomocnik kucharza\u201d, \u201epracownik<br>gospodarczy z elementami piel\u0119gnacji teren\u00f3w zielonych\u201d i \u201epracownik ochrony fizycznej\u201d<br>w grupie szkoleniowej obejmuj\u0105cej osoby z orzeczeniem o niepe\u0142nosprawno\u015bci.<\/p>\n\n\n\n<p class=\"has-text-align-center\">&nbsp; &nbsp; &nbsp; &nbsp; &nbsp; &nbsp; &nbsp; &nbsp; &nbsp; &nbsp; &nbsp; &nbsp; &nbsp; &nbsp; &nbsp; &nbsp; &nbsp; &nbsp; &nbsp; &nbsp; &nbsp; &nbsp; &nbsp; &nbsp; &nbsp; &nbsp; &nbsp; &nbsp; &nbsp; &nbsp; &nbsp; &nbsp; &nbsp; &nbsp; &nbsp; &nbsp; &nbsp; &nbsp; &nbsp; &nbsp; &nbsp; &nbsp; &nbsp; &nbsp; &nbsp; &nbsp; &nbsp; &nbsp; &nbsp; &nbsp; &nbsp; &nbsp; &nbsp; &nbsp; &nbsp; &nbsp; &nbsp; &nbsp; &nbsp; &nbsp; &nbsp; &nbsp; &nbsp; &nbsp; &nbsp; &nbsp; &nbsp; &nbsp; &nbsp; &nbsp; Bartoszyce 30.06.2025r.&nbsp;<\/p>\n\n\n\n<p>Szanowni Pa\u0144stwo,<\/p>\n\n\n\n<p>&nbsp;&nbsp;&nbsp;&nbsp;&nbsp;&nbsp;&nbsp;&nbsp;&nbsp;&nbsp;&nbsp;&nbsp;&nbsp;&nbsp;&nbsp;&nbsp;&nbsp;&nbsp;&nbsp; Stowarzyszenie Integracji Os\u00f3b Niepe\u0142nosprawnych SION w Bartoszycach&nbsp; zaprasza do sk\u0142adania ofert cenowych na organizacj\u0119 i przeprowadzenie kurs\u00f3w zawodowych realizowanych w ramach w projektu pn. \u201eDroga ku zatrudnieniu- edycja II\u201d zgodnie z umow\u0105 Nr ZZO\/000318\/14\/D dnia 10.05.2023r. w ramach art. 36 ustawy o rehabilitacji zawodowej i spo\u0142ecznej oraz zatrudnianiu os\u00f3b niepe\u0142nosprawnych.<\/p>\n\n\n\n<p>Termin sk\u0142adania ofert up\u0142ywa&nbsp;<a>07.07.2025r.&nbsp;&nbsp;<\/a><\/p>\n\n\n\n<div class=\"wp-block-file\"><a id=\"wp-block-file--media-5a20d4f1-f2ec-4951-aa98-3ae60745082c\" href=\"http:\/\/sionbartoszyce.pl\/wp-content\/uploads\/2025\/06\/rozeznanie-rynku-2025.docx\">rozeznanie rynku 2025<\/a><a href=\"http:\/\/sionbartoszyce.pl\/wp-content\/uploads\/2025\/06\/rozeznanie-rynku-2025.docx\" class=\"wp-block-file__button wp-element-button\" download aria-describedby=\"wp-block-file--media-5a20d4f1-f2ec-4951-aa98-3ae60745082c\">Pobierz<\/a><\/div>\n\n\n\n<hr class=\"wp-block-separator has-alpha-channel-opacity\"\/>\n\n\n\n<p>Stowarzyszenie Integracji Os\u00f3b Niepe\u0142nosprawnych SION od 01.04.2025 r.&nbsp;rozpoczyna realizacj\u0119 projektu pt. \u201eDroga ku zatrudnieniu\u2013 edycja II w ramach konkursu 1\/2022 pn. \u201eDzia\u0142amy razem\u201d z dnia 29- 10-2022.&nbsp;<br>Projekt skierowany jest do pozostaj\u0105cych bez zatrudnienia 16 os\u00f3b niepe\u0142nosprawnych, zamieszkuj\u0105cych powiat bartoszycki, bez wzgl\u0119du na rodzaj i stopie\u0144 niepe\u0142nosprawno\u015bci. Osoby te zostan\u0105 obj\u0119te kompleksowym wsparciem psychologicznym, doradztwem zawodowym oraz wezm\u0105 udzia\u0142 w kursach zawodowych dostosowanych do ich oczekiwa\u0144 i predyspozycji zawodowych. Dla os\u00f3b wykazuj\u0105cych najwi\u0119ksz\u0105 motywacj\u0119 do podj\u0119cia zatrudnienia zorganizowane zostan\u0105&nbsp; 6 -cio miesi\u0119czne sta\u017ce zawodowe u lokalnych pracodawc\u00f3w.<\/p>\n\n\n\n<p>Rekrutacja uczestnik\u00f3w prowadzona jest od 01.04.2025r. do 30.04.2025r. w biurze projektu mieszcz\u0105cym si\u0119 w Zak\u0142adzie Aktywno\u015bci Zawodowej na ulicy Bema 39 w Bartoszycach.&nbsp;<\/p>\n\n\n\n<p>Szczeg\u00f3\u0142owe informacje dost\u0119pne pod numerem telefonu : 89 762 01 75&nbsp;<\/p>\n\n\n\n<p>Zapraszamy !!!<\/p>\n\n\n\n<p><a href=\"http:\/\/sionbartoszyce.pl\/wp-content\/uploads\/2025\/03\/ankieta-rekrutacyjna-PFRON.doc\"><strong><mark style=\"background-color:rgba(0, 0, 0, 0)\" class=\"has-inline-color has-ast-global-color-0-color\">Ankieta Rekrutacyjna<\/mark><\/strong><\/a><\/p>\n\n\n\n<p><\/p>\n\n\n\n<p class=\"has-text-align-center\"><strong>HARMONOGRAM projektu \u201eDroga ku zatrudnieniu &#8211; edycja II\u201d<\/strong><\/p>\n\n\n\n<p>Kwiecie\u0144 2025 \u2013 Rekrutacja Uczestnik\u00f3w<\/p>\n\n\n\n<p>Maj 2025 \u2013 Utworzenie Indywidualnego Planu Dzia\u0142ania (1 godz. x 16 os.) . Warsztaty z zakresu nabywania umiej\u0119tno\u015bci i kompetencji spo\u0142ecznych&nbsp; (40 godz.)<\/p>\n\n\n\n<p>Czerwiec 2025 \u2013 Warsztaty zakresu nabywania umiej\u0119tno\u015bci i kompetencji zawodowych&nbsp; ( 40 godz.).<\/p>\n\n\n\n<p>Lipiec \u2013 Sierpie\u0144 \u2013 Wrzesie\u0144 2025 \u2013 Kurs zawodowy do wyboru&nbsp; (150 godz.).<\/p>\n\n\n\n<p>Pa\u017adziernik 2025 \u2013 marzec 2026 \u2013 Sta\u017c zawodowy&nbsp; (6 miesi\u0119cy )<\/p>\n\n\n\n<p>Maj 2025 \u2013 marzec 2026 \u2013 Indywidualne konsultacje z doradc\u0105 zawodowym \/&nbsp; psychologiem ( po\u015brednictwo pracy,&nbsp; konstruowanie dokument\u00f3w aplikacyjnych, porady psychologiczne, interwencje kryzysu psychicznego).<\/p>\n\n\n\n<p><\/p>\n\n\n\n<p><\/p>\n\n\n\n<p class=\"has-text-align-center\"><strong>Stowarzyszenie Integracji Os\u00f3b Niepe\u0142nosprawnych SION w Bartoszycach<\/strong><br>realizuje bezp\u0142atny projekt:<\/p>\n\n\n\n<p class=\"has-text-align-center\"><strong>\u201dDROGA KU ZATRUDNIENIU- edycja II\u201d<\/strong><\/p>\n\n\n\n<p class=\"has-text-align-center\"><strong>Termin realizacji projektu: od 01 kwietnia 2025 roku do 31 marca 2026 roku &nbsp;&nbsp;&nbsp;&nbsp;&nbsp;&nbsp;&nbsp;&nbsp;&nbsp;<\/strong><\/p>\n\n\n\n<p class=\"has-text-align-center\">Celem projektu jest wej\u015bcie os\u00f3b niepe\u0142nosprawnych na rynek pracy poprzez aktywizacj\u0119 zawodow\u0105&nbsp; 48 uczestnik\u00f3w projektu z powiatu bartoszyckiego, obejmuj\u0105c\u0105 przeprowadzenie doradztwa zawodowego, warsztat\u00f3w, szkole\u0144, sta\u017cy oraz wsparcia trenera pracy.<\/p>\n\n\n\n<p class=\"has-text-align-center\"><strong>Projekt skierowany jest do os\u00f3b, kt\u00f3re \u0142\u0105cznie spe\u0142niaj\u0105 nast\u0119puj\u0105ce warunki<\/strong>:<\/p>\n\n\n\n<p class=\"has-text-align-center\">&#8211; posiadaj\u0105 orzeczenie o niepe\u0142nosprawno\u015bci lub dokument r\u00f3wnorz\u0119dny,<\/p>\n\n\n\n<p class=\"has-text-align-center\">&#8211; zamieszkuj\u0105 powiat bartoszycki,<\/p>\n\n\n\n<p class=\"has-text-align-center\">&#8211; pozostaj\u0105 bez zatrudnienia<\/p>\n\n\n\n<p class=\"has-text-align-center\">&#8211; <a>nie osi\u0105gn\u0119\u0142y wieku emerytalnego.<\/a><\/p>\n\n\n\n<p class=\"has-text-align-center\"><strong>Oferujemy:<\/strong><\/p>\n\n\n\n<p class=\"has-text-align-center\">DORADZTWO ZAWODOWE<\/p>\n\n\n\n<p class=\"has-text-align-center\">PORADNICTWO PSYCHOLOGICZNE<\/p>\n\n\n\n<p class=\"has-text-align-center\">KURSY ZAWODOWE DO WYBORU<\/p>\n\n\n\n<p class=\"has-text-align-center\">STYPENDIUM FINANSOWE<\/p>\n\n\n\n<p class=\"has-text-align-center\">6 MIESI\u0118CZNE STA\u017bE ZAWODOWE<\/p>\n\n\n\n<p class=\"has-text-align-center\"><strong>Zapewniamy<\/strong>:<\/p>\n\n\n\n<p class=\"has-text-align-center\">&#8211; zwrot koszt\u00f3w dojazdu<\/p>\n\n\n\n<p class=\"has-text-align-center\">&#8211; stypendium finansowe za udzia\u0142 w kursach zawodowych&nbsp;<\/p>\n\n\n\n<p class=\"has-text-align-center\">&#8211; za\u015bwiadczenie potwierdzaj\u0105ce nabycie kwalifikacji zawodowych<\/p>\n\n\n\n<p class=\"has-text-align-center\">&#8211; stypendium sta\u017cowe dla os\u00f3b odbywaj\u0105cych sta\u017c zawodowy<\/p>\n\n\n\n<p class=\"has-text-align-center\">&#8211; materia\u0142y szkoleniowe<\/p>\n\n\n\n<p class=\"has-text-align-center\"><strong>Osoby zainteresowane zapraszamy do Biura Projektu:<\/strong><br><strong>&nbsp;ul. Bema 39, 11-200 Bartoszyce<\/strong><br><strong>tel. 89 762 01 75<\/strong><br>e-mail: <a href=\"mailto:sionbartoszyce@wp.pl\">sionbartoszyce@wp.pl<\/a><\/p>\n\n\n\n<p class=\"has-text-align-center\">Projekt dofinansowany jest ze \u015brodk\u00f3w&nbsp; <strong>Pa\u0144stwowego Funduszu Rehabilitacji Os\u00f3b Niepe\u0142nosprawnych<\/strong> na podstawie art. 36 ustawy z dnia 27 sierpnia 1997 roku o rehabilitacji zawodowej i spo\u0142ecznej oraz zatrudnianiu os\u00f3b niepe\u0142nosprawnych w ramach konkursu 1\/2022 pn. Kierunek \u201eDzia\u0142amy razem&#8221; z dnia 29-10-2022r.<\/p>\n\n\n\n<figure class=\"wp-block-image aligncenter size-full\"><img loading=\"lazy\" decoding=\"async\" width=\"253\" height=\"88\" src=\"http:\/\/sionbartoszyce.pl\/wp-content\/uploads\/2025\/03\/obraz-3.png\" alt=\"\" class=\"wp-image-21758\"\/><\/figure>\n\n\n\n<p class=\"has-text-align-center\"><\/p>\n\n\n\n<figure class=\"wp-block-image aligncenter size-full\"><img loading=\"lazy\" decoding=\"async\" width=\"109\" height=\"97\" src=\"http:\/\/sionbartoszyce.pl\/wp-content\/uploads\/2025\/03\/obraz-2.png\" alt=\"\" class=\"wp-image-21757\"\/><\/figure>\n\n\n\n<p class=\"has-text-align-center\"><\/p>\n\n\n\n<figure class=\"wp-block-image size-full\"><img loading=\"lazy\" decoding=\"async\" width=\"724\" height=\"1024\" src=\"http:\/\/sionbartoszyce.pl\/wp-content\/uploads\/2025\/03\/plakat.jpg\" alt=\"\" class=\"wp-image-21760\" srcset=\"http:\/\/sionbartoszyce.pl\/wp-content\/uploads\/2025\/03\/plakat.jpg 724w, http:\/\/sionbartoszyce.pl\/wp-content\/uploads\/2025\/03\/plakat-600x849.jpg 600w, http:\/\/sionbartoszyce.pl\/wp-content\/uploads\/2025\/03\/plakat-212x300.jpg 212w\" sizes=\"auto, (max-width: 724px) 100vw, 724px\" \/><\/figure>","protected":false},"excerpt":{"rendered":"<p>Informacja o wyborze instytucji szkoleniowej Bartoszyce, 08.07.2025r. Og\u0142oszenie o wynikach post\u0119powaniaStowarzyszenie Integracji Os\u00f3b Niepe\u0142nosprawnych SION w Bartoszycach informuje ozako\u0144czeniu post\u0119powania prowadzonego w ramach projektu pn. \u201eDroga kuzatrudnieniu- edycja II\u201d Nr umowy:. ZZO\/000318\/14\/D realizowanego w ramach w art. 36ustawy o rehabilitacji zawodowej i spo\u0142ecznej oraz zatrudnianiu os\u00f3bniepe\u0142nosprawnych.Przy zastosowaniu kryteri\u00f3w oceny wskazanych w rozeznaniu rynkunr\u00a01\/PFRON\/2025\u00a0wybrano najkorzystniejsz\u0105 ofert\u0119 [&hellip;]<\/p>\n","protected":false},"author":1,"featured_media":0,"parent":0,"menu_order":0,"comment_status":"closed","ping_status":"closed","template":"","meta":{"site-sidebar-layout":"default","site-content-layout":"","ast-site-content-layout":"default","site-content-style":"default","site-sidebar-style":"default","ast-global-header-display":"","ast-banner-title-visibility":"","ast-main-header-display":"","ast-hfb-above-header-display":"","ast-hfb-below-header-display":"","ast-hfb-mobile-header-display":"","site-post-title":"","ast-breadcrumbs-content":"","ast-featured-img":"","footer-sml-layout":"","ast-disable-related-posts":"","theme-transparent-header-meta":"","adv-header-id-meta":"","stick-header-meta":"","header-above-stick-meta":"","header-main-stick-meta":"","header-below-stick-meta":"","astra-migrate-meta-layouts":"set","ast-page-background-enabled":"default","ast-page-background-meta":{"desktop":{"background-color":"","background-image":"","background-repeat":"repeat","background-position":"center center","background-size":"auto","background-attachment":"scroll","background-type":"","background-media":"","overlay-type":"","overlay-color":"","overlay-opacity":"","overlay-gradient":""},"tablet":{"background-color":"","background-image":"","background-repeat":"repeat","background-position":"center center","background-size":"auto","background-attachment":"scroll","background-type":"","background-media":"","overlay-type":"","overlay-color":"","overlay-opacity":"","overlay-gradient":""},"mobile":{"background-color":"","background-image":"","background-repeat":"repeat","background-position":"center center","background-size":"auto","background-attachment":"scroll","background-type":"","background-media":"","overlay-type":"","overlay-color":"","overlay-opacity":"","overlay-gradient":""}},"ast-content-background-meta":{"desktop":{"background-color":"var(--ast-global-color-5)","background-image":"","background-repeat":"repeat","background-position":"center center","background-size":"auto","background-attachment":"scroll","background-type":"","background-media":"","overlay-type":"","overlay-color":"","overlay-opacity":"","overlay-gradient":""},"tablet":{"background-color":"var(--ast-global-color-5)","background-image":"","background-repeat":"repeat","background-position":"center center","background-size":"auto","background-attachment":"scroll","background-type":"","background-media":"","overlay-type":"","overlay-color":"","overlay-opacity":"","overlay-gradient":""},"mobile":{"background-color":"var(--ast-global-color-5)","background-image":"","background-repeat":"repeat","background-position":"center center","background-size":"auto","background-attachment":"scroll","background-type":"","background-media":"","overlay-type":"","overlay-color":"","overlay-opacity":"","overlay-gradient":""}},"ngg_post_thumbnail":0,"footnotes":""},"class_list":["post-21754","page","type-page","status-publish","hentry"],"_links":{"self":[{"href":"http:\/\/sionbartoszyce.pl\/en\/wp-json\/wp\/v2\/pages\/21754","targetHints":{"allow":["GET"]}}],"collection":[{"href":"http:\/\/sionbartoszyce.pl\/en\/wp-json\/wp\/v2\/pages"}],"about":[{"href":"http:\/\/sionbartoszyce.pl\/en\/wp-json\/wp\/v2\/types\/page"}],"author":[{"embeddable":true,"href":"http:\/\/sionbartoszyce.pl\/en\/wp-json\/wp\/v2\/users\/1"}],"replies":[{"embeddable":true,"href":"http:\/\/sionbartoszyce.pl\/en\/wp-json\/wp\/v2\/comments?post=21754"}],"version-history":[{"count":9,"href":"http:\/\/sionbartoszyce.pl\/en\/wp-json\/wp\/v2\/pages\/21754\/revisions"}],"predecessor-version":[{"id":23162,"href":"http:\/\/sionbartoszyce.pl\/en\/wp-json\/wp\/v2\/pages\/21754\/revisions\/23162"}],"wp:attachment":[{"href":"http:\/\/sionbartoszyce.pl\/en\/wp-json\/wp\/v2\/media?parent=21754"}],"curies":[{"name":"wp","href":"https:\/\/api.w.org\/{rel}","templated":true}]}}