{"id":21514,"date":"2025-02-24T14:16:47","date_gmt":"2025-02-24T13:16:47","guid":{"rendered":"http:\/\/sionbartoszyce.pl\/?page_id=21514"},"modified":"2025-04-25T23:14:54","modified_gmt":"2025-04-25T21:14:54","slug":"2025-2","status":"publish","type":"page","link":"http:\/\/sionbartoszyce.pl\/en\/2025-2\/","title":{"rendered":"2025"},"content":{"rendered":"<p><a href=\"http:\/\/sionbartoszyce.pl\/en\/droga-ku-zatrudnieniu-edycja-ii-4\/\" data-type=\"page\" data-id=\"21754\"><strong><mark style=\"background-color:rgba(0, 0, 0, 0)\" class=\"has-inline-color has-ast-global-color-0-color\">Droga ku zatrudnieniu &#8211; Edycja II<\/mark><\/strong><\/a><\/p>\n\n\n\n<p><a href=\"http:\/\/sionbartoszyce.pl\/en\/2025\/04\/08\/centrum-poradnictwa-dla-osob-z-niepelnosprawnosciami\/\" data-type=\"link\" data-id=\"http:\/\/sionbartoszyce.pl\/2025\/04\/08\/centrum-poradnictwa-dla-osob-z-niepelnosprawnosciami\/\"><strong><mark style=\"background-color:rgba(0, 0, 0, 0)\" class=\"has-inline-color has-ast-global-color-0-color\">Centrum poradnictwa dla os\u00f3b z niepe\u0142nosprawno\u015bciami<\/mark><\/strong><\/a><\/p>\n\n\n\n<p><strong><a href=\"http:\/\/sionbartoszyce.pl\/en\/2025\/04\/08\/centrum-wsparcia-osob-niepelnosprawnych-wspieramy-aktywnosc\/\" data-type=\"link\" data-id=\"http:\/\/sionbartoszyce.pl\/2025\/04\/08\/centrum-wsparcia-osob-niepelnosprawnych-wspieramy-aktywnosc\/\"><mark style=\"background-color:rgba(0, 0, 0, 0)\" class=\"has-inline-color has-ast-global-color-0-color\">Centrum Wsparcia Os\u00f3b Niepe\u0142nosprawnych &lt;Wspieramy aktywno\u015b\u0107&gt;<\/mark><\/a><\/strong><\/p>\n\n\n\n<p><strong><a href=\"http:\/\/sionbartoszyce.pl\/en\/2025\/04\/25\/zdrowie-najwazniejsze\/\" data-type=\"link\" data-id=\"http:\/\/sionbartoszyce.pl\/2025\/04\/25\/zdrowie-najwazniejsze\/\"><mark style=\"background-color:rgba(0, 0, 0, 0)\" class=\"has-inline-color has-ast-global-color-0-color\">Zdrowie najwa\u017cniejsze<\/mark><\/a><\/strong><\/p>\n\n\n\n<p><\/p>","protected":false},"excerpt":{"rendered":"<p>Droga ku zatrudnieniu &#8211; Edycja II Centrum poradnictwa dla os\u00f3b z niepe\u0142nosprawno\u015bciami Centrum Wsparcia Os\u00f3b Niepe\u0142nosprawnych &lt;Wspieramy aktywno\u015b\u0107&gt; Zdrowie najwa\u017cniejsze<\/p>","protected":false},"author":1,"featured_media":0,"parent":0,"menu_order":0,"comment_status":"closed","ping_status":"closed","template":"","meta":{"site-sidebar-layout":"default","site-content-layout":"","ast-site-content-layout":"default","site-content-style":"default","site-sidebar-style":"default","ast-global-header-display":"","ast-banner-title-visibility":"","ast-main-header-display":"","ast-hfb-above-header-display":"","ast-hfb-below-header-display":"","ast-hfb-mobile-header-display":"","site-post-title":"","ast-breadcrumbs-content":"","ast-featured-img":"","footer-sml-layout":"","ast-disable-related-posts":"","theme-transparent-header-meta":"","adv-header-id-meta":"","stick-header-meta":"","header-above-stick-meta":"","header-main-stick-meta":"","header-below-stick-meta":"","astra-migrate-meta-layouts":"set","ast-page-background-enabled":"default","ast-page-background-meta":{"desktop":{"background-color":"","background-image":"","background-repeat":"repeat","background-position":"center center","background-size":"auto","background-attachment":"scroll","background-type":"","background-media":"","overlay-type":"","overlay-color":"","overlay-opacity":"","overlay-gradient":""},"tablet":{"background-color":"","background-image":"","background-repeat":"repeat","background-position":"center center","background-size":"auto","background-attachment":"scroll","background-type":"","background-media":"","overlay-type":"","overlay-color":"","overlay-opacity":"","overlay-gradient":""},"mobile":{"background-color":"","background-image":"","background-repeat":"repeat","background-position":"center center","background-size":"auto","background-attachment":"scroll","background-type":"","background-media":"","overlay-type":"","overlay-color":"","overlay-opacity":"","overlay-gradient":""}},"ast-content-background-meta":{"desktop":{"background-color":"var(--ast-global-color-5)","background-image":"","background-repeat":"repeat","background-position":"center center","background-size":"auto","background-attachment":"scroll","background-type":"","background-media":"","overlay-type":"","overlay-color":"","overlay-opacity":"","overlay-gradient":""},"tablet":{"background-color":"var(--ast-global-color-5)","background-image":"","background-repeat":"repeat","background-position":"center center","background-size":"auto","background-attachment":"scroll","background-type":"","background-media":"","overlay-type":"","overlay-color":"","overlay-opacity":"","overlay-gradient":""},"mobile":{"background-color":"var(--ast-global-color-5)","background-image":"","background-repeat":"repeat","background-position":"center center","background-size":"auto","background-attachment":"scroll","background-type":"","background-media":"","overlay-type":"","overlay-color":"","overlay-opacity":"","overlay-gradient":""}},"ngg_post_thumbnail":0,"footnotes":""},"class_list":["post-21514","page","type-page","status-publish","hentry"],"_links":{"self":[{"href":"http:\/\/sionbartoszyce.pl\/en\/wp-json\/wp\/v2\/pages\/21514","targetHints":{"allow":["GET"]}}],"collection":[{"href":"http:\/\/sionbartoszyce.pl\/en\/wp-json\/wp\/v2\/pages"}],"about":[{"href":"http:\/\/sionbartoszyce.pl\/en\/wp-json\/wp\/v2\/types\/page"}],"author":[{"embeddable":true,"href":"http:\/\/sionbartoszyce.pl\/en\/wp-json\/wp\/v2\/users\/1"}],"replies":[{"embeddable":true,"href":"http:\/\/sionbartoszyce.pl\/en\/wp-json\/wp\/v2\/comments?post=21514"}],"version-history":[{"count":7,"href":"http:\/\/sionbartoszyce.pl\/en\/wp-json\/wp\/v2\/pages\/21514\/revisions"}],"predecessor-version":[{"id":22506,"href":"http:\/\/sionbartoszyce.pl\/en\/wp-json\/wp\/v2\/pages\/21514\/revisions\/22506"}],"wp:attachment":[{"href":"http:\/\/sionbartoszyce.pl\/en\/wp-json\/wp\/v2\/media?parent=21514"}],"curies":[{"name":"wp","href":"https:\/\/api.w.org\/{rel}","templated":true}]}}