{"id":21507,"date":"2025-02-21T09:01:31","date_gmt":"2025-02-21T08:01:31","guid":{"rendered":"http:\/\/sionbartoszyce.pl\/?page_id=21507"},"modified":"2025-04-25T09:44:06","modified_gmt":"2025-04-25T07:44:06","slug":"15-podatku","status":"publish","type":"page","link":"http:\/\/sionbartoszyce.pl\/en\/15-podatku\/","title":{"rendered":"1.5% tax"},"content":{"rendered":"<p>Zach\u0119camy do przekazania 1,5% podatku na Stowarzyszenie Integracji Os\u00f3b Niepe\u0142nosprawnych.<br>Jeste\u015bmy organizacj\u0105 po\u017cytku publicznego, kt\u00f3rej mo\u017cna przekaza\u0107 1,5% podatku \u2013 wystarczy, \u017ce w rocznym zeznaniu podatkowym wpiszesz nasz numer KRS: 0000051822.<\/p>\n\n\n\n<p>Numer konta: <div class=\"copy-bank-manual\">23 1020 3570 0000 2802 0026 5603<\/div> PKO BP S.A.o\/BARTOSZYCE<\/p>\n\n\n\n<figure class=\"wp-block-image size-large\"><img loading=\"lazy\" decoding=\"async\" width=\"1024\" height=\"724\" src=\"http:\/\/sionbartoszyce.pl\/wp-content\/uploads\/2025\/02\/Ulotka-na-strone-projekt-1-v4-\u2014-kopia-1024x724.png\" alt=\"\" class=\"wp-image-21452\" srcset=\"http:\/\/sionbartoszyce.pl\/wp-content\/uploads\/2025\/02\/Ulotka-na-strone-projekt-1-v4-\u2014-kopia-1024x724.png 1024w, http:\/\/sionbartoszyce.pl\/wp-content\/uploads\/2025\/02\/Ulotka-na-strone-projekt-1-v4-\u2014-kopia-600x424.png 600w, http:\/\/sionbartoszyce.pl\/wp-content\/uploads\/2025\/02\/Ulotka-na-strone-projekt-1-v4-\u2014-kopia-300x212.png 300w, http:\/\/sionbartoszyce.pl\/wp-content\/uploads\/2025\/02\/Ulotka-na-strone-projekt-1-v4-\u2014-kopia-768x543.png 768w, http:\/\/sionbartoszyce.pl\/wp-content\/uploads\/2025\/02\/Ulotka-na-strone-projekt-1-v4-\u2014-kopia.png 1528w\" sizes=\"auto, (max-width: 1024px) 100vw, 1024px\" \/><\/figure>","protected":false},"excerpt":{"rendered":"<p>Zach\u0119camy do przekazania 1,5% podatku na Stowarzyszenie Integracji Os\u00f3b Niepe\u0142nosprawnych.Jeste\u015bmy organizacj\u0105 po\u017cytku publicznego, kt\u00f3rej mo\u017cna przekaza\u0107 1,5% podatku \u2013 wystarczy, \u017ce w rocznym zeznaniu podatkowym wpiszesz nasz numer KRS: 0000051822. Numer konta: 23 1020 3570 0000 2802 0026 5603 PKO BP S.A.o\/BARTOSZYCE<\/p>","protected":false},"author":1,"featured_media":0,"parent":0,"menu_order":0,"comment_status":"closed","ping_status":"closed","template":"","meta":{"site-sidebar-layout":"default","site-content-layout":"","ast-site-content-layout":"default","site-content-style":"default","site-sidebar-style":"default","ast-global-header-display":"","ast-banner-title-visibility":"","ast-main-header-display":"","ast-hfb-above-header-display":"","ast-hfb-below-header-display":"","ast-hfb-mobile-header-display":"","site-post-title":"","ast-breadcrumbs-content":"","ast-featured-img":"","footer-sml-layout":"","ast-disable-related-posts":"","theme-transparent-header-meta":"","adv-header-id-meta":"","stick-header-meta":"","header-above-stick-meta":"","header-main-stick-meta":"","header-below-stick-meta":"","astra-migrate-meta-layouts":"set","ast-page-background-enabled":"default","ast-page-background-meta":{"desktop":{"background-color":"","background-image":"","background-repeat":"repeat","background-position":"center center","background-size":"auto","background-attachment":"scroll","background-type":"","background-media":"","overlay-type":"","overlay-color":"","overlay-opacity":"","overlay-gradient":""},"tablet":{"background-color":"","background-image":"","background-repeat":"repeat","background-position":"center center","background-size":"auto","background-attachment":"scroll","background-type":"","background-media":"","overlay-type":"","overlay-color":"","overlay-opacity":"","overlay-gradient":""},"mobile":{"background-color":"","background-image":"","background-repeat":"repeat","background-position":"center center","background-size":"auto","background-attachment":"scroll","background-type":"","background-media":"","overlay-type":"","overlay-color":"","overlay-opacity":"","overlay-gradient":""}},"ast-content-background-meta":{"desktop":{"background-color":"var(--ast-global-color-5)","background-image":"","background-repeat":"repeat","background-position":"center center","background-size":"auto","background-attachment":"scroll","background-type":"","background-media":"","overlay-type":"","overlay-color":"","overlay-opacity":"","overlay-gradient":""},"tablet":{"background-color":"var(--ast-global-color-5)","background-image":"","background-repeat":"repeat","background-position":"center center","background-size":"auto","background-attachment":"scroll","background-type":"","background-media":"","overlay-type":"","overlay-color":"","overlay-opacity":"","overlay-gradient":""},"mobile":{"background-color":"var(--ast-global-color-5)","background-image":"","background-repeat":"repeat","background-position":"center center","background-size":"auto","background-attachment":"scroll","background-type":"","background-media":"","overlay-type":"","overlay-color":"","overlay-opacity":"","overlay-gradient":""}},"ngg_post_thumbnail":0,"footnotes":""},"class_list":["post-21507","page","type-page","status-publish","hentry"],"_links":{"self":[{"href":"http:\/\/sionbartoszyce.pl\/en\/wp-json\/wp\/v2\/pages\/21507","targetHints":{"allow":["GET"]}}],"collection":[{"href":"http:\/\/sionbartoszyce.pl\/en\/wp-json\/wp\/v2\/pages"}],"about":[{"href":"http:\/\/sionbartoszyce.pl\/en\/wp-json\/wp\/v2\/types\/page"}],"author":[{"embeddable":true,"href":"http:\/\/sionbartoszyce.pl\/en\/wp-json\/wp\/v2\/users\/1"}],"replies":[{"embeddable":true,"href":"http:\/\/sionbartoszyce.pl\/en\/wp-json\/wp\/v2\/comments?post=21507"}],"version-history":[{"count":4,"href":"http:\/\/sionbartoszyce.pl\/en\/wp-json\/wp\/v2\/pages\/21507\/revisions"}],"predecessor-version":[{"id":22038,"href":"http:\/\/sionbartoszyce.pl\/en\/wp-json\/wp\/v2\/pages\/21507\/revisions\/22038"}],"wp:attachment":[{"href":"http:\/\/sionbartoszyce.pl\/en\/wp-json\/wp\/v2\/media?parent=21507"}],"curies":[{"name":"wp","href":"https:\/\/api.w.org\/{rel}","templated":true}]}}