{"id":20901,"date":"2024-09-01T13:15:00","date_gmt":"2024-09-01T11:15:00","guid":{"rendered":"http:\/\/sionbartoszyce.pl\/?page_id=20901"},"modified":"2024-09-26T14:19:35","modified_gmt":"2024-09-26T12:19:35","slug":"kreatywna-przestrzen","status":"publish","type":"page","link":"http:\/\/sionbartoszyce.pl\/en\/kreatywna-przestrzen\/","title":{"rendered":"Kreatywna przestrze\u0144"},"content":{"rendered":"<p>Umowa o realizacj\u0119 zadania publicznego o kt\u00f3rej mowa w art. 16 ust 1* ustawy z dnia 24 kwietnia 2003 roku o dzia\u0142alno\u015bci po\u017cytku publicznego i o wolontariacie (Dz. I. z 2023 r. poz. 571 z p\u00f3\u017an. zm), ze \u015brodk\u00f3w Pa\u0144stwowego Funduszu Rehabilitacji Os\u00f3b Niepe\u0142nosprawnych b\u0119d\u0105cych w dyspozycji Samorz\u0105du Wojew\u00f3dztwa Warmi\u0144sko &#8211; Mazurskiego<\/p>\n\n\n\n<p>nr Umowy: ROPS-V.614.4.19.2024<\/p>\n\n\n\n<p><strong>Tytu\u0142 projektu:<\/strong> Kreatywna przestrze\u0144<br><strong>Data zawarcia umowy:<\/strong> 25.07.2024 r. w Olsztynie<br><strong>Termin realizacji zadania:<\/strong> od 1.09.2024 r. do 31.10.2024 r.<br><strong>Ca\u0142kowity koszt zadania publicznego:<\/strong> 15 700,00 z\u0142<br><br><\/p>\n\n\n\n<figure class=\"wp-block-image size-large\"><img loading=\"lazy\" decoding=\"async\" width=\"724\" height=\"1024\" src=\"http:\/\/sionbartoszyce.pl\/wp-content\/uploads\/2024\/09\/459009956_967141488781947_1785439897465633960_n-724x1024.jpg\" alt=\"\" class=\"wp-image-20904\" srcset=\"http:\/\/sionbartoszyce.pl\/wp-content\/uploads\/2024\/09\/459009956_967141488781947_1785439897465633960_n-724x1024.jpg 724w, http:\/\/sionbartoszyce.pl\/wp-content\/uploads\/2024\/09\/459009956_967141488781947_1785439897465633960_n-600x849.jpg 600w, http:\/\/sionbartoszyce.pl\/wp-content\/uploads\/2024\/09\/459009956_967141488781947_1785439897465633960_n-212x300.jpg 212w, http:\/\/sionbartoszyce.pl\/wp-content\/uploads\/2024\/09\/459009956_967141488781947_1785439897465633960_n-768x1086.jpg 768w, http:\/\/sionbartoszyce.pl\/wp-content\/uploads\/2024\/09\/459009956_967141488781947_1785439897465633960_n-1086x1536.jpg 1086w, http:\/\/sionbartoszyce.pl\/wp-content\/uploads\/2024\/09\/459009956_967141488781947_1785439897465633960_n.jpg 1448w\" sizes=\"auto, (max-width: 724px) 100vw, 724px\" \/><\/figure>\n\n\n\n<p><a href=\"http:\/\/sionbartoszyce.pl\/wp-content\/uploads\/2024\/09\/ankieta-rekrutacyjna2.docx\"><strong><mark style=\"background-color:rgba(0, 0, 0, 0)\" class=\"has-inline-color has-ast-global-color-0-color\">ankieta rekrutacyjna<\/mark><\/strong><\/a><\/p>\n\n\n\n<p><\/p>","protected":false},"excerpt":{"rendered":"<p>Umowa o realizacj\u0119 zadania publicznego o kt\u00f3rej mowa w art. 16 ust 1* ustawy z dnia 24 kwietnia 2003 roku o dzia\u0142alno\u015bci po\u017cytku publicznego i o wolontariacie (Dz. I. z 2023 r. poz. 571 z p\u00f3\u017an. zm), ze \u015brodk\u00f3w Pa\u0144stwowego Funduszu Rehabilitacji Os\u00f3b Niepe\u0142nosprawnych b\u0119d\u0105cych w dyspozycji Samorz\u0105du Wojew\u00f3dztwa Warmi\u0144sko &#8211; Mazurskiego nr Umowy: ROPS-V.614.4.19.2024 [&hellip;]<\/p>\n","protected":false},"author":1,"featured_media":0,"parent":0,"menu_order":0,"comment_status":"closed","ping_status":"closed","template":"","meta":{"site-sidebar-layout":"default","site-content-layout":"","ast-site-content-layout":"default","site-content-style":"default","site-sidebar-style":"default","ast-global-header-display":"","ast-banner-title-visibility":"","ast-main-header-display":"","ast-hfb-above-header-display":"","ast-hfb-below-header-display":"","ast-hfb-mobile-header-display":"","site-post-title":"","ast-breadcrumbs-content":"","ast-featured-img":"","footer-sml-layout":"","ast-disable-related-posts":"","theme-transparent-header-meta":"","adv-header-id-meta":"","stick-header-meta":"","header-above-stick-meta":"","header-main-stick-meta":"","header-below-stick-meta":"","astra-migrate-meta-layouts":"set","ast-page-background-enabled":"default","ast-page-background-meta":{"desktop":{"background-color":"","background-image":"","background-repeat":"repeat","background-position":"center center","background-size":"auto","background-attachment":"scroll","background-type":"","background-media":"","overlay-type":"","overlay-color":"","overlay-opacity":"","overlay-gradient":""},"tablet":{"background-color":"","background-image":"","background-repeat":"repeat","background-position":"center center","background-size":"auto","background-attachment":"scroll","background-type":"","background-media":"","overlay-type":"","overlay-color":"","overlay-opacity":"","overlay-gradient":""},"mobile":{"background-color":"","background-image":"","background-repeat":"repeat","background-position":"center center","background-size":"auto","background-attachment":"scroll","background-type":"","background-media":"","overlay-type":"","overlay-color":"","overlay-opacity":"","overlay-gradient":""}},"ast-content-background-meta":{"desktop":{"background-color":"var(--ast-global-color-5)","background-image":"","background-repeat":"repeat","background-position":"center center","background-size":"auto","background-attachment":"scroll","background-type":"","background-media":"","overlay-type":"","overlay-color":"","overlay-opacity":"","overlay-gradient":""},"tablet":{"background-color":"var(--ast-global-color-5)","background-image":"","background-repeat":"repeat","background-position":"center center","background-size":"auto","background-attachment":"scroll","background-type":"","background-media":"","overlay-type":"","overlay-color":"","overlay-opacity":"","overlay-gradient":""},"mobile":{"background-color":"var(--ast-global-color-5)","background-image":"","background-repeat":"repeat","background-position":"center center","background-size":"auto","background-attachment":"scroll","background-type":"","background-media":"","overlay-type":"","overlay-color":"","overlay-opacity":"","overlay-gradient":""}},"ngg_post_thumbnail":0,"footnotes":""},"class_list":["post-20901","page","type-page","status-publish","hentry"],"_links":{"self":[{"href":"http:\/\/sionbartoszyce.pl\/en\/wp-json\/wp\/v2\/pages\/20901","targetHints":{"allow":["GET"]}}],"collection":[{"href":"http:\/\/sionbartoszyce.pl\/en\/wp-json\/wp\/v2\/pages"}],"about":[{"href":"http:\/\/sionbartoszyce.pl\/en\/wp-json\/wp\/v2\/types\/page"}],"author":[{"embeddable":true,"href":"http:\/\/sionbartoszyce.pl\/en\/wp-json\/wp\/v2\/users\/1"}],"replies":[{"embeddable":true,"href":"http:\/\/sionbartoszyce.pl\/en\/wp-json\/wp\/v2\/comments?post=20901"}],"version-history":[{"count":3,"href":"http:\/\/sionbartoszyce.pl\/en\/wp-json\/wp\/v2\/pages\/20901\/revisions"}],"predecessor-version":[{"id":23987,"href":"http:\/\/sionbartoszyce.pl\/en\/wp-json\/wp\/v2\/pages\/20901\/revisions\/23987"}],"wp:attachment":[{"href":"http:\/\/sionbartoszyce.pl\/en\/wp-json\/wp\/v2\/media?parent=20901"}],"curies":[{"name":"wp","href":"https:\/\/api.w.org\/{rel}","templated":true}]}}