{"id":19746,"date":"2023-12-29T11:58:32","date_gmt":"2023-12-29T10:58:32","guid":{"rendered":"http:\/\/sionbartoszyce.pl\/?page_id=19746"},"modified":"2023-12-29T12:02:32","modified_gmt":"2023-12-29T11:02:32","slug":"zawiadomienie-o-wyborze-oferty","status":"publish","type":"page","link":"http:\/\/sionbartoszyce.pl\/en\/zawiadomienie-o-wyborze-oferty\/","title":{"rendered":"ZAWIADOMIENIE O WYBORZE OFERTY"},"content":{"rendered":"<p>Nr. post\u0119powania :\u00a0 SION\/2\/2023<\/p>\n\n\n\n<p class=\"has-text-align-right\">Bartoszyce 29-12-2023<\/p>\n\n\n\n<p>ZAMAWIAJ\u0104CY:<br>Stowarzyszenie Integracji Os\u00f3b Niepe\u0142nosprawnych SION w Bartoszycach<br>Ul. Bema 51A<br>11-200 Bartoszyce<\/p>\n\n\n\n<p><strong>ZAWIADOMIENIE O WYBORZE OFERTY<\/strong><\/p>\n\n\n\n<p>Dot: \u201eBudowa budynku mieszkalnego wielorodzinnego Wspomaganej Spo\u0142eczno\u015bci Mieszkaniowej oraz rozbi\u00f3rka budynk\u00f3w ul. K\u0119trzy\u0144ska 29-31 w Bartoszycach\u201d.<br>Zamawiaj\u0105cy informuje o wyborze najkorzystniejszej oferty w post\u0119powaniu \u2013 zaproszenie do sk\u0142adania ofert .<br>Zamawiaj\u0105cy przeprowadzi\u0142 badanie, ocen\u0119 z\u0142o\u017conych i niepodlegaj\u0105cych odrzuceniu ofert na podstawie kryteri\u00f3w okre\u015blonych w zaproszeniu do sk\u0142adania ofert, stosuj\u0105c zasad\u0119 r\u00f3wnego traktowania ,uczciwej konkurencji i przejrzysto\u015bci.<br><strong>Wybrana zosta\u0142a oferta nr 4<\/strong><\/p>\n\n\n\n<p>Wykonawcy:<br>BOG-DACH Sp. z o.o.<br>Kiertyny Wielkie 28A<br>11-200 Bartoszyce<br>za cen\u0119 4&nbsp;359&nbsp;377,76 z\u0142., kt\u00f3ry spe\u0142ni\u0142 warunki udzia\u0142u w post\u0119powaniu, a oferta odpowiada wszystkim wymaganiom okre\u015blonym w zaproszeniu do sk\u0142adania ofert.<\/p>\n\n\n\n<p>Punktacja przyznana ofertom:<\/p>\n\n\n\n<figure class=\"wp-block-table\"><table><tbody><tr><td>Nr oferta<\/td><td class=\"has-text-align-center\" data-align=\"center\">wykonawca<\/td><td>Liczba pkt w kryterium ocena<\/td><td>liczba punkt\u00f3w ocenianej oferty<\/td><\/tr><tr><td>1<\/td><td class=\"has-text-align-center\" data-align=\"center\">Zak\u0142ad Remontowo \u2013 Budowlany STOLBUD <br>Jan Podolak<br>ul. Nadbrze\u017cna 10<br>11-220 G\u00f3rowo &#8211; I\u0142aweckie<\/td><td>100 %<\/td><td>93,75 %<\/td><\/tr><tr><td>2<\/td><td class=\"has-text-align-center\" data-align=\"center\">Jan Mierzwa Zak\u0142ad Remontowo \u2013 Budowlany \u201eMIERZBUD\u201d<br>Wiewi\u00f3rki 6<br>11-220 G\u00f3rowo -I\u0142aweckie<\/td><td>100 %<\/td><td>85,80 %<\/td><\/tr><tr><td>3<\/td><td class=\"has-text-align-center\" data-align=\"center\">Przedsi\u0119biorstwo us\u0142ugowe <br>Adam Stadnik <br>Ul. S\u0142oneczna 2\/4<br> 11-430 Korsze<\/td><td>100 %<\/td><td>90,27 %<\/td><\/tr><tr><td>4<\/td><td class=\"has-text-align-center\" data-align=\"center\">BOG-DACH Sp. Z o.o. <br>Kiertyny Wielkie 28A <br>11-200 Bartoszyce<\/td><td>100%<\/td><td>100 %<\/td><\/tr><\/tbody><\/table><\/figure>\n\n\n\n<p class=\"has-text-align-right\">Zatwierdzi\u0142:<\/p>\n\n\n\n<p class=\"has-text-align-right\">&nbsp;Lucyna J\u0119dryczka<br>Prezes Stowarzyszenia Integracji<br>Os\u00f3b Niepe\u0142nosprawnych<br>SION w Bartoszycach<\/p>","protected":false},"excerpt":{"rendered":"<p>Nr. post\u0119powania :\u00a0 SION\/2\/2023 Bartoszyce 29-12-2023 ZAMAWIAJ\u0104CY:Stowarzyszenie Integracji Os\u00f3b Niepe\u0142nosprawnych SION w BartoszycachUl. Bema 51A11-200 Bartoszyce ZAWIADOMIENIE O WYBORZE OFERTY Dot: \u201eBudowa budynku mieszkalnego wielorodzinnego Wspomaganej Spo\u0142eczno\u015bci Mieszkaniowej oraz rozbi\u00f3rka budynk\u00f3w ul. K\u0119trzy\u0144ska 29-31 w Bartoszycach\u201d.Zamawiaj\u0105cy informuje o wyborze najkorzystniejszej oferty w post\u0119powaniu \u2013 zaproszenie do sk\u0142adania ofert .Zamawiaj\u0105cy przeprowadzi\u0142 badanie, ocen\u0119 z\u0142o\u017conych i niepodlegaj\u0105cych [&hellip;]<\/p>\n","protected":false},"author":1,"featured_media":0,"parent":0,"menu_order":0,"comment_status":"closed","ping_status":"closed","template":"","meta":{"site-sidebar-layout":"default","site-content-layout":"","ast-site-content-layout":"default","site-content-style":"default","site-sidebar-style":"default","ast-global-header-display":"","ast-banner-title-visibility":"","ast-main-header-display":"","ast-hfb-above-header-display":"","ast-hfb-below-header-display":"","ast-hfb-mobile-header-display":"","site-post-title":"","ast-breadcrumbs-content":"","ast-featured-img":"","footer-sml-layout":"","ast-disable-related-posts":"","theme-transparent-header-meta":"","adv-header-id-meta":"","stick-header-meta":"","header-above-stick-meta":"","header-main-stick-meta":"","header-below-stick-meta":"","astra-migrate-meta-layouts":"default","ast-page-background-enabled":"default","ast-page-background-meta":{"desktop":{"background-color":"","background-image":"","background-repeat":"repeat","background-position":"center center","background-size":"auto","background-attachment":"scroll","background-type":"","background-media":"","overlay-type":"","overlay-color":"","overlay-opacity":"","overlay-gradient":""},"tablet":{"background-color":"","background-image":"","background-repeat":"repeat","background-position":"center center","background-size":"auto","background-attachment":"scroll","background-type":"","background-media":"","overlay-type":"","overlay-color":"","overlay-opacity":"","overlay-gradient":""},"mobile":{"background-color":"","background-image":"","background-repeat":"repeat","background-position":"center center","background-size":"auto","background-attachment":"scroll","background-type":"","background-media":"","overlay-type":"","overlay-color":"","overlay-opacity":"","overlay-gradient":""}},"ast-content-background-meta":{"desktop":{"background-color":"var(--ast-global-color-5)","background-image":"","background-repeat":"repeat","background-position":"center center","background-size":"auto","background-attachment":"scroll","background-type":"","background-media":"","overlay-type":"","overlay-color":"","overlay-opacity":"","overlay-gradient":""},"tablet":{"background-color":"var(--ast-global-color-5)","background-image":"","background-repeat":"repeat","background-position":"center center","background-size":"auto","background-attachment":"scroll","background-type":"","background-media":"","overlay-type":"","overlay-color":"","overlay-opacity":"","overlay-gradient":""},"mobile":{"background-color":"var(--ast-global-color-5)","background-image":"","background-repeat":"repeat","background-position":"center center","background-size":"auto","background-attachment":"scroll","background-type":"","background-media":"","overlay-type":"","overlay-color":"","overlay-opacity":"","overlay-gradient":""}},"ngg_post_thumbnail":0,"footnotes":""},"class_list":["post-19746","page","type-page","status-publish","hentry"],"_links":{"self":[{"href":"http:\/\/sionbartoszyce.pl\/en\/wp-json\/wp\/v2\/pages\/19746","targetHints":{"allow":["GET"]}}],"collection":[{"href":"http:\/\/sionbartoszyce.pl\/en\/wp-json\/wp\/v2\/pages"}],"about":[{"href":"http:\/\/sionbartoszyce.pl\/en\/wp-json\/wp\/v2\/types\/page"}],"author":[{"embeddable":true,"href":"http:\/\/sionbartoszyce.pl\/en\/wp-json\/wp\/v2\/users\/1"}],"replies":[{"embeddable":true,"href":"http:\/\/sionbartoszyce.pl\/en\/wp-json\/wp\/v2\/comments?post=19746"}],"version-history":[{"count":2,"href":"http:\/\/sionbartoszyce.pl\/en\/wp-json\/wp\/v2\/pages\/19746\/revisions"}],"predecessor-version":[{"id":19754,"href":"http:\/\/sionbartoszyce.pl\/en\/wp-json\/wp\/v2\/pages\/19746\/revisions\/19754"}],"wp:attachment":[{"href":"http:\/\/sionbartoszyce.pl\/en\/wp-json\/wp\/v2\/media?parent=19746"}],"curies":[{"name":"wp","href":"https:\/\/api.w.org\/{rel}","templated":true}]}}