{"id":19690,"date":"2023-12-12T12:13:23","date_gmt":"2023-12-12T11:13:23","guid":{"rendered":"http:\/\/sionbartoszyce.pl\/?page_id=19690"},"modified":"2023-12-12T12:13:23","modified_gmt":"2023-12-12T11:13:23","slug":"komunikat","status":"publish","type":"page","link":"http:\/\/sionbartoszyce.pl\/en\/komunikat\/","title":{"rendered":"KOMUNIKAT"},"content":{"rendered":"<p class=\"has-text-align-center\"><strong><span style=\"color:#c90508\" class=\"has-inline-color\">Zamawiaj\u0105cy informuje, \u017ce zgodnie ze Specyfikacj\u0105 Zam\u00f3wienia &#8211; Zaproszenia do sk\u0142adania ofert &#8222;Budowa budynku mieszkalnego wielorodzinnego Wspomaganej Spo\u0142eczno\u015bci Mieszkaniowej oraz rozbi\u00f3rka budynk\u00f3w ul. K\u0119trzy\u0144ska 29-31 w Bartoszycach&#8221;. Ofert\u0119 nale\u017cy sporz\u0105dzi\u0107 na podstawie dokumentacji projektowej a za\u0142\u0105czony przedmiar rob\u00f3t jest materia\u0142em pomocniczym do sporz\u0105dzenia oferty.<\/span><\/strong><\/p>","protected":false},"excerpt":{"rendered":"<p>Zamawiaj\u0105cy informuje, \u017ce zgodnie ze Specyfikacj\u0105 Zam\u00f3wienia &#8211; Zaproszenia do sk\u0142adania ofert &#8222;Budowa budynku mieszkalnego wielorodzinnego Wspomaganej Spo\u0142eczno\u015bci Mieszkaniowej oraz rozbi\u00f3rka budynk\u00f3w ul. K\u0119trzy\u0144ska 29-31 w Bartoszycach&#8221;. Ofert\u0119 nale\u017cy sporz\u0105dzi\u0107 na podstawie dokumentacji projektowej a za\u0142\u0105czony przedmiar rob\u00f3t jest materia\u0142em pomocniczym do sporz\u0105dzenia oferty.<\/p>","protected":false},"author":1,"featured_media":0,"parent":0,"menu_order":0,"comment_status":"closed","ping_status":"closed","template":"","meta":{"site-sidebar-layout":"default","site-content-layout":"","ast-site-content-layout":"default","site-content-style":"default","site-sidebar-style":"default","ast-global-header-display":"","ast-banner-title-visibility":"","ast-main-header-display":"","ast-hfb-above-header-display":"","ast-hfb-below-header-display":"","ast-hfb-mobile-header-display":"","site-post-title":"","ast-breadcrumbs-content":"","ast-featured-img":"","footer-sml-layout":"","ast-disable-related-posts":"","theme-transparent-header-meta":"","adv-header-id-meta":"","stick-header-meta":"","header-above-stick-meta":"","header-main-stick-meta":"","header-below-stick-meta":"","astra-migrate-meta-layouts":"default","ast-page-background-enabled":"default","ast-page-background-meta":{"desktop":{"background-color":"","background-image":"","background-repeat":"repeat","background-position":"center center","background-size":"auto","background-attachment":"scroll","background-type":"","background-media":"","overlay-type":"","overlay-color":"","overlay-opacity":"","overlay-gradient":""},"tablet":{"background-color":"","background-image":"","background-repeat":"repeat","background-position":"center center","background-size":"auto","background-attachment":"scroll","background-type":"","background-media":"","overlay-type":"","overlay-color":"","overlay-opacity":"","overlay-gradient":""},"mobile":{"background-color":"","background-image":"","background-repeat":"repeat","background-position":"center center","background-size":"auto","background-attachment":"scroll","background-type":"","background-media":"","overlay-type":"","overlay-color":"","overlay-opacity":"","overlay-gradient":""}},"ast-content-background-meta":{"desktop":{"background-color":"var(--ast-global-color-5)","background-image":"","background-repeat":"repeat","background-position":"center center","background-size":"auto","background-attachment":"scroll","background-type":"","background-media":"","overlay-type":"","overlay-color":"","overlay-opacity":"","overlay-gradient":""},"tablet":{"background-color":"var(--ast-global-color-5)","background-image":"","background-repeat":"repeat","background-position":"center center","background-size":"auto","background-attachment":"scroll","background-type":"","background-media":"","overlay-type":"","overlay-color":"","overlay-opacity":"","overlay-gradient":""},"mobile":{"background-color":"var(--ast-global-color-5)","background-image":"","background-repeat":"repeat","background-position":"center center","background-size":"auto","background-attachment":"scroll","background-type":"","background-media":"","overlay-type":"","overlay-color":"","overlay-opacity":"","overlay-gradient":""}},"ngg_post_thumbnail":0,"footnotes":""},"class_list":["post-19690","page","type-page","status-publish","hentry"],"_links":{"self":[{"href":"http:\/\/sionbartoszyce.pl\/en\/wp-json\/wp\/v2\/pages\/19690","targetHints":{"allow":["GET"]}}],"collection":[{"href":"http:\/\/sionbartoszyce.pl\/en\/wp-json\/wp\/v2\/pages"}],"about":[{"href":"http:\/\/sionbartoszyce.pl\/en\/wp-json\/wp\/v2\/types\/page"}],"author":[{"embeddable":true,"href":"http:\/\/sionbartoszyce.pl\/en\/wp-json\/wp\/v2\/users\/1"}],"replies":[{"embeddable":true,"href":"http:\/\/sionbartoszyce.pl\/en\/wp-json\/wp\/v2\/comments?post=19690"}],"version-history":[{"count":1,"href":"http:\/\/sionbartoszyce.pl\/en\/wp-json\/wp\/v2\/pages\/19690\/revisions"}],"predecessor-version":[{"id":19692,"href":"http:\/\/sionbartoszyce.pl\/en\/wp-json\/wp\/v2\/pages\/19690\/revisions\/19692"}],"wp:attachment":[{"href":"http:\/\/sionbartoszyce.pl\/en\/wp-json\/wp\/v2\/media?parent=19690"}],"curies":[{"name":"wp","href":"https:\/\/api.w.org\/{rel}","templated":true}]}}