{"id":19679,"date":"2023-12-12T11:48:23","date_gmt":"2023-12-12T10:48:23","guid":{"rendered":"http:\/\/sionbartoszyce.pl\/?page_id=19679"},"modified":"2023-12-14T09:19:32","modified_gmt":"2023-12-14T08:19:32","slug":"odpowiedzi-na-zapytania-do-zaproszenia-do-skladania-ofert","status":"publish","type":"page","link":"http:\/\/sionbartoszyce.pl\/en\/odpowiedzi-na-zapytania-do-zaproszenia-do-skladania-ofert\/","title":{"rendered":"Odpowiedzi na zapytania do zaproszenia do sk\u0142adania ofert:"},"content":{"rendered":"<p><\/p>\n\n\n\n<p><strong>1.<\/strong> Czy Zamawiaj\u0105cy dopuszcz\u0105 udzia\u0142 w post\u0119powaniu Wykonawc\u00f3w, kt\u00f3rzy dokumentuj\u0105 do\u015bwiadczenie w wykonaniu rob\u00f3t o podobnych parametrach przy innych budynkach ni\u017c mieszkalne wielorodzinne np. : s\u0142u\u017c\u0105cych celowi publicznemu (hale sportowe, przebudowy dworc\u00f3w) a tak\u017ce przebudowy takich budynk\u00f3w<\/p>\n\n\n\n<p><strong>Odp.<\/strong> pkt VI Wykaz o\u015bwiadcze\u0144 i dokument\u00f3w ppkt 1)&nbsp; :<br>Zamawiaj\u0105cy dopuszcza rozszerzenie wykazu wykonanych rob\u00f3t o roboty s\u0142u\u017c\u0105ce celom publicznym z wy\u0142\u0105czeniem obiekt\u00f3w sportowych.<\/p>\n\n\n\n<p><strong>2. <\/strong>Czy Zamawiaj\u0105cy mo\u017ce okre\u015bli\u0107, \u017ce Wykonawca przedstawi polis\u0119 ubezpieczeniow\u0105 na 5000000,00 po wygraniu przetargu a nie w dokumentach ofertowych. Podpisanie takiej polisy przed rozstrzygni\u0119ciem przetargowym b\u0119dzie generowa\u0107 du\u017ce koszty dla Wykonawcy.<\/p>\n\n\n\n<p><strong>Odp.<\/strong> Zamawiaj\u0105cy w specyfikacji zam\u00f3wienia \u2013 Zaproszenie do sk\u0142adania ofert w pkt VI Wykaz o\u015bwiadcze\u0144 i dokument\u00f3w ppkt 4) umie\u015bci\u0142 dopisek:<br>\u201eWykonawca, kt\u00f3rego oferta zostanie wybrana zostanie poproszony o dostarczenie dokumentu ubezpieczenia przed podpisaniem umowy\u201d.<\/p>\n\n\n\n<p><strong>3<\/strong>. Przedmiar zawiera zapis o stacji \u0142adowania o mocy 3,7 kW, natomiast w projekcie widnieje stacja \u0142adowania o mocy 11 kW. Prosimy o sprecyzowanie, kt\u00f3r\u0105 stacj\u0119 zastosowa\u0107.<\/p>\n\n\n\n<p><strong>Odp.<\/strong> Poprawiona informacja o stacji \u0142adowania pojazdu z 3,7kW na 11kW z uwagi na rozbie\u017cno\u015b\u0107 z projektem &#8211; do wyceny nale\u017cy przyj\u0105\u0107 w\u0142a\u015bciwie stacj\u0119 o mocy 11kW (jak jest w projekcie)<\/p>\n\n\n\n<p><strong>4.<\/strong> Prosimy o informacj\u0119 jaki rodzaj kabla zastosowano do zasilenia stacji \u0142adowania.<\/p>\n\n\n\n<p><strong>Odp.<\/strong>  Zweryfikowano b\u0142\u0119dnie podane ilo\u015bci rob\u00f3t ziemnych dot. kopania rowu kablowego i nasypania podsypki z piasku &#8211; zmieniono ilo\u015bci w pozycjach nr 69, 70, 72, 92, 93 i 94 Ponadto w kosztorysie nie uwzgl\u0119dniono uk\u0142adania kabla YKXS5x16 do stacji \u0142adowania &#8211; w robotach zewn\u0119trznych.<\/p>\n\n\n\n<p><strong>5.<\/strong> Czy zamawiaj\u0105cy uzna referencje o nast\u0119puj\u0105cej tre\u015bci:<br>   1. Przebudowa budynku Internatu Szko\u0142y o warto\u015bci zam\u00f3wienia oko\u0142o 4 mln z\u0142otych.<br>   2. Przebudowa budynku u\u017cyteczno\u015bci publicznej o warto\u015bci oko\u0142o 4 mln. z\u0142otych\u00a0<strong><br><br>Odp.<\/strong> Zamawiaj\u0105cy nie uzna referencji dotycz\u0105cych \u00a0Przebudowy budynk\u00f3w u\u017cyteczno\u015bci publicznej. Wymaganym warunkiem spe\u0142nienia kryterium uczestnictwa w zapytaniu ofertowym by\u0142a <strong>budowa<\/strong> budynku mieszkalnego wielorodzinnego. Zamawiaj\u0105cy dopu\u015bci\u0142 rozszerzenie wykazu o roboty s\u0142u\u017c\u0105ce celom publicznym z wy\u0142\u0105czeniem obiekt\u00f3w sportowych.<\/p>","protected":false},"excerpt":{"rendered":"<p>1. Czy Zamawiaj\u0105cy dopuszcz\u0105 udzia\u0142 w post\u0119powaniu Wykonawc\u00f3w, kt\u00f3rzy dokumentuj\u0105 do\u015bwiadczenie w wykonaniu rob\u00f3t o podobnych parametrach przy innych budynkach ni\u017c mieszkalne wielorodzinne np. : s\u0142u\u017c\u0105cych celowi publicznemu (hale sportowe, przebudowy dworc\u00f3w) a tak\u017ce przebudowy takich budynk\u00f3w Odp. pkt VI Wykaz o\u015bwiadcze\u0144 i dokument\u00f3w ppkt 1)&nbsp; :Zamawiaj\u0105cy dopuszcza rozszerzenie wykazu wykonanych rob\u00f3t o roboty s\u0142u\u017c\u0105ce [&hellip;]<\/p>\n","protected":false},"author":1,"featured_media":0,"parent":0,"menu_order":0,"comment_status":"closed","ping_status":"closed","template":"","meta":{"site-sidebar-layout":"default","site-content-layout":"","ast-site-content-layout":"default","site-content-style":"default","site-sidebar-style":"default","ast-global-header-display":"","ast-banner-title-visibility":"","ast-main-header-display":"","ast-hfb-above-header-display":"","ast-hfb-below-header-display":"","ast-hfb-mobile-header-display":"","site-post-title":"","ast-breadcrumbs-content":"","ast-featured-img":"","footer-sml-layout":"","ast-disable-related-posts":"","theme-transparent-header-meta":"","adv-header-id-meta":"","stick-header-meta":"","header-above-stick-meta":"","header-main-stick-meta":"","header-below-stick-meta":"","astra-migrate-meta-layouts":"default","ast-page-background-enabled":"default","ast-page-background-meta":{"desktop":{"background-color":"","background-image":"","background-repeat":"repeat","background-position":"center center","background-size":"auto","background-attachment":"scroll","background-type":"","background-media":"","overlay-type":"","overlay-color":"","overlay-opacity":"","overlay-gradient":""},"tablet":{"background-color":"","background-image":"","background-repeat":"repeat","background-position":"center center","background-size":"auto","background-attachment":"scroll","background-type":"","background-media":"","overlay-type":"","overlay-color":"","overlay-opacity":"","overlay-gradient":""},"mobile":{"background-color":"","background-image":"","background-repeat":"repeat","background-position":"center center","background-size":"auto","background-attachment":"scroll","background-type":"","background-media":"","overlay-type":"","overlay-color":"","overlay-opacity":"","overlay-gradient":""}},"ast-content-background-meta":{"desktop":{"background-color":"var(--ast-global-color-5)","background-image":"","background-repeat":"repeat","background-position":"center center","background-size":"auto","background-attachment":"scroll","background-type":"","background-media":"","overlay-type":"","overlay-color":"","overlay-opacity":"","overlay-gradient":""},"tablet":{"background-color":"var(--ast-global-color-5)","background-image":"","background-repeat":"repeat","background-position":"center center","background-size":"auto","background-attachment":"scroll","background-type":"","background-media":"","overlay-type":"","overlay-color":"","overlay-opacity":"","overlay-gradient":""},"mobile":{"background-color":"var(--ast-global-color-5)","background-image":"","background-repeat":"repeat","background-position":"center center","background-size":"auto","background-attachment":"scroll","background-type":"","background-media":"","overlay-type":"","overlay-color":"","overlay-opacity":"","overlay-gradient":""}},"ngg_post_thumbnail":0,"footnotes":""},"class_list":["post-19679","page","type-page","status-publish","hentry"],"_links":{"self":[{"href":"http:\/\/sionbartoszyce.pl\/en\/wp-json\/wp\/v2\/pages\/19679","targetHints":{"allow":["GET"]}}],"collection":[{"href":"http:\/\/sionbartoszyce.pl\/en\/wp-json\/wp\/v2\/pages"}],"about":[{"href":"http:\/\/sionbartoszyce.pl\/en\/wp-json\/wp\/v2\/types\/page"}],"author":[{"embeddable":true,"href":"http:\/\/sionbartoszyce.pl\/en\/wp-json\/wp\/v2\/users\/1"}],"replies":[{"embeddable":true,"href":"http:\/\/sionbartoszyce.pl\/en\/wp-json\/wp\/v2\/comments?post=19679"}],"version-history":[{"count":3,"href":"http:\/\/sionbartoszyce.pl\/en\/wp-json\/wp\/v2\/pages\/19679\/revisions"}],"predecessor-version":[{"id":19710,"href":"http:\/\/sionbartoszyce.pl\/en\/wp-json\/wp\/v2\/pages\/19679\/revisions\/19710"}],"wp:attachment":[{"href":"http:\/\/sionbartoszyce.pl\/en\/wp-json\/wp\/v2\/media?parent=19679"}],"curies":[{"name":"wp","href":"https:\/\/api.w.org\/{rel}","templated":true}]}}