{"id":19604,"date":"2023-11-30T12:38:00","date_gmt":"2023-11-30T11:38:00","guid":{"rendered":"http:\/\/sionbartoszyce.pl\/?page_id=19604"},"modified":"2025-04-30T13:09:28","modified_gmt":"2025-04-30T11:09:28","slug":"zapytanie-ofertowe-sion-2-2023","status":"publish","type":"page","link":"http:\/\/sionbartoszyce.pl\/en\/zapytanie-ofertowe-sion-2-2023\/","title":{"rendered":"Zapytanie Ofertowe SION\/2\/2023"},"content":{"rendered":"<p class=\"has-text-align-center\"> <a href=\"http:\/\/sionbartoszyce.pl\/en\/zawiadomienie-o-wyborze-oferty\/\"><span class=\"has-inline-color has-ast-global-color-0-color\"> <strong>ZAWIADOMIENIE O WYBORZE OFERTY<\/strong> <\/span><\/a> <\/p>\n\n\n\n<p><\/p>\n\n\n\n<p>Zapraszamy do sk\u0142adania ofert w ramach post\u0119powania SION\/2\/2023 na \u201eBudowa budynku mieszkalnego wielorodzinnego Wspomaganej Spo\u0142eczno\u015bci Mieszkaniowej oraz rozbi\u00f3rka budynk\u00f3w ul. K\u0119trzy\u0144ska 29-31 w Bartoszycach&#8221;.<\/p>\n\n\n\n<p><br>Oferty powinny by\u0107 z\u0142o\u017cone w siedzibie Stowarzyszenia Integracji Os\u00f3b Niepe\u0142nosprawnych SION w Bartoszycach,<br><strong>ul. Bema 51a, 11-200 Bartoszyce, <\/strong><br>w terminie do <strong>15 Grudnia 2023<\/strong> do godziny <strong>10:00.<\/strong><\/p>\n\n\n\n<p><a href=\"http:\/\/sionbartoszyce.pl\/wp-content\/uploads\/2023\/12\/Specyfikacja-SION.doc\"><strong><span class=\"has-inline-color has-ast-global-color-0-color\">SPECYFIKACJA ZAM\u00d3WIENIA &#8211; ZAPROSZENIE DO SK\u0141ADANIA OFERT<\/span><\/strong><\/a><br><a href=\"http:\/\/sionbartoszyce.pl\/wp-content\/uploads\/2023\/12\/Zalacznik_nr_1_-_Formularz_ofertowy.doc\"><strong><span class=\"has-inline-color has-ast-global-color-0-color\">ZA\u0141\u0104CZNIK NR 1 &#8211; FORMULARZ OFERTOWY<\/span><\/strong><\/a><br><strong><span class=\"has-inline-color has-ast-global-color-0-color\"><a href=\"http:\/\/sionbartoszyce.pl\/wp-content\/uploads\/2023\/12\/Zalacznik-nr-2-_grupa-kapitalowa.docx\"><strong><span class=\"has-inline-color has-ast-global-color-0-color\">ZA\u0141\u0104CZNIK NR 2 &#8211; O\u015aWIADCZENIE WYKONAWCY O BRAKU POWI\u0104ZA\u0143 OSOBOWYCH I KAPITA\u0141OWYCH Z ZAMAWIAJ\u0104CYM<\/span><\/strong> <\/a><\/span><\/strong><br><a href=\"http:\/\/sionbartoszyce.pl\/wp-content\/uploads\/2023\/12\/zalacznik_nr_3.doc\"><strong><span class=\"has-inline-color has-ast-global-color-0-color\">ZA\u0141\u0104CZNIK NR 3 &#8211; WYKAZ OS\u00d3B<\/span><\/strong><\/a><br><a href=\"http:\/\/sionbartoszyce.pl\/wp-content\/uploads\/2023\/12\/zalacznik_nr_4.doc\"><strong><span class=\"has-inline-color has-ast-global-color-0-color\">ZA\u0141\u0104CZNIK NR 4 &#8211; WYKAZ ROB\u00d3T<\/span><\/strong><\/a><br><strong><a href=\"http:\/\/sionbartoszyce.pl\/wp-content\/uploads\/2025\/04\/zalacznik_nr_5_-_umowa-o-roboty-budowlane-wzor-umowy-1.docx\"><mark style=\"background-color:rgba(0, 0, 0, 0)\" class=\"has-inline-color has-ast-global-color-0-color\">ZA\u0141\u0104CZNIK NR 5 &#8211; WZ\u00d3R UMOWY<\/mark><\/a><\/strong><\/p>\n\n\n\n<p><a href=\"https:\/\/drive.google.com\/file\/d\/1yWtFGVsFRVdGIq7wwElk08DnnJDiY_1J\/view?usp=drive_link\" target=\"_blank\" rel=\"noopener\"><strong><span class=\"has-inline-color has-ast-global-color-0-color\">ZA\u0141\u0104CZNIK NR 1A &#8211; PRZEDMIARY ROB\u00d3T<\/span><\/strong><\/a><\/p>\n\n\n\n<p><strong>DOKUMENTACJA PROJEKTOWA:<\/strong><\/p>\n\n\n\n<p><a href=\"https:\/\/drive.google.com\/file\/d\/1BecCmztj_sKM7bolAlKAuHRIV9QFkUKH\/view?usp=drive_link\" target=\"_blank\" rel=\"noopener\"><strong><span class=\"has-inline-color has-ast-global-color-0-color\">DOKUMENTACJA PROJEKTOWA &#8211; PROJEKT ZAGOSPODAROWANIA<\/span><\/strong><\/a><br><a href=\"https:\/\/drive.google.com\/file\/d\/1SVPIP1lbIVgbznVMHR8Ne3leVdjDFjg-\/view?usp=drive_link\" target=\"_blank\" rel=\"noopener\"><strong><span class=\"has-inline-color has-ast-global-color-0-color\">DOKUMENTACJA PROJEKTOWA &#8211; PROJEKT TECHNICZNY &#8211; BUDOWLANY<\/span><\/strong><\/a><br><a href=\"https:\/\/drive.google.com\/file\/d\/1svfgvu9uu5oJkZ4YLJTNUjA4GwgRF0Mo\/view?usp=drive_link\" target=\"_blank\" rel=\"noopener\"><strong><span class=\"has-inline-color has-ast-global-color-0-color\">DOKUMENTACJA PROJEKTOWA &#8211; PROJEKT TECHNICZNY &#8211; INSTALACJE ELEKTRYCZNE<\/span><\/strong><\/a><br><a href=\"https:\/\/drive.google.com\/file\/d\/1o3Dfiy4sFnfyiBTkvU_TOmzEAGE9n4st\/view?usp=drive_link\" target=\"_blank\" rel=\"noopener\"><strong><span class=\"has-inline-color has-ast-global-color-0-color\">DOKUMENTACJA PROJEKTOWA &#8211; PROJEKT TECHNICZNY &#8211; INSTALACJE TELEKOMUNIKACYJNE<\/span><\/strong><\/a><br><a href=\"https:\/\/drive.google.com\/file\/d\/1Y6nN4jVMpUCp4x5gbkGU0iyQPt3qePYN\/view?usp=drive_link\" target=\"_blank\" rel=\"noopener\"><strong><span class=\"has-inline-color has-ast-global-color-0-color\">DOKUMENTACJA PROJEKTOWA &#8211; PROJEKT TECHNICZNY &#8211; INSTALACJE SANITARNE<\/span><\/strong><\/a><\/p>\n\n\n\n<p><a href=\"http:\/\/sionbartoszyce.pl\/wp-content\/uploads\/2023\/12\/N-poprawki.pdf\"><strong><span class=\"has-inline-color has-ast-global-color-0-color\">POPRAWKI<\/span><\/strong><\/a><br><a href=\"http:\/\/sionbartoszyce.pl\/wp-content\/uploads\/2023\/12\/N-dodatkowe-pozycje.pdf\"><strong><span class=\"has-inline-color has-ast-global-color-0-color\">DODATKOWE POZYCJE<\/span><\/strong><\/a><br><br><\/p>\n\n\n\n<p><a href=\"http:\/\/sionbartoszyce.pl\/en\/odpowiedzi-na-zapytania-do-zaproszenia-do-skladania-ofert\/\"><span class=\"has-inline-color has-ast-global-color-0-color\"><strong>ODPOWIEDZI NA ZAPYTANIA DO ZAPROSZENIA DO SK\u0141ADANIA OFERT<\/strong><\/span><\/a><br><\/p>\n\n\n\n<p><strong><a href=\"http:\/\/sionbartoszyce.pl\/en\/komunikat\/\"><span style=\"color:#df0407\" class=\"has-inline-color\">KOMUNIKAT<\/span><\/a><\/strong><\/p>\n\n\n\n<p><br><br><\/p>\n\n\n\n<p><strong><br><span class=\"has-inline-color has-ast-global-color-0-color\"><\/span><\/strong><\/p>","protected":false},"excerpt":{"rendered":"<p>ZAWIADOMIENIE O WYBORZE OFERTY Zapraszamy do sk\u0142adania ofert w ramach post\u0119powania SION\/2\/2023 na \u201eBudowa budynku mieszkalnego wielorodzinnego Wspomaganej Spo\u0142eczno\u015bci Mieszkaniowej oraz rozbi\u00f3rka budynk\u00f3w ul. K\u0119trzy\u0144ska 29-31 w Bartoszycach&#8221;. Oferty powinny by\u0107 z\u0142o\u017cone w siedzibie Stowarzyszenia Integracji Os\u00f3b Niepe\u0142nosprawnych SION w Bartoszycach,ul. Bema 51a, 11-200 Bartoszyce, w terminie do 15 Grudnia 2023 do godziny 10:00. SPECYFIKACJA [&hellip;]<\/p>\n","protected":false},"author":1,"featured_media":0,"parent":0,"menu_order":0,"comment_status":"closed","ping_status":"closed","template":"","meta":{"site-sidebar-layout":"default","site-content-layout":"","ast-site-content-layout":"default","site-content-style":"default","site-sidebar-style":"default","ast-global-header-display":"","ast-banner-title-visibility":"","ast-main-header-display":"","ast-hfb-above-header-display":"","ast-hfb-below-header-display":"","ast-hfb-mobile-header-display":"","site-post-title":"","ast-breadcrumbs-content":"","ast-featured-img":"","footer-sml-layout":"","ast-disable-related-posts":"","theme-transparent-header-meta":"","adv-header-id-meta":"","stick-header-meta":"","header-above-stick-meta":"","header-main-stick-meta":"","header-below-stick-meta":"","astra-migrate-meta-layouts":"set","ast-page-background-enabled":"default","ast-page-background-meta":{"desktop":{"background-color":"","background-image":"","background-repeat":"repeat","background-position":"center center","background-size":"auto","background-attachment":"scroll","background-type":"","background-media":"","overlay-type":"","overlay-color":"","overlay-opacity":"","overlay-gradient":""},"tablet":{"background-color":"","background-image":"","background-repeat":"repeat","background-position":"center center","background-size":"auto","background-attachment":"scroll","background-type":"","background-media":"","overlay-type":"","overlay-color":"","overlay-opacity":"","overlay-gradient":""},"mobile":{"background-color":"","background-image":"","background-repeat":"repeat","background-position":"center center","background-size":"auto","background-attachment":"scroll","background-type":"","background-media":"","overlay-type":"","overlay-color":"","overlay-opacity":"","overlay-gradient":""}},"ast-content-background-meta":{"desktop":{"background-color":"var(--ast-global-color-5)","background-image":"","background-repeat":"repeat","background-position":"center center","background-size":"auto","background-attachment":"scroll","background-type":"","background-media":"","overlay-type":"","overlay-color":"","overlay-opacity":"","overlay-gradient":""},"tablet":{"background-color":"var(--ast-global-color-5)","background-image":"","background-repeat":"repeat","background-position":"center center","background-size":"auto","background-attachment":"scroll","background-type":"","background-media":"","overlay-type":"","overlay-color":"","overlay-opacity":"","overlay-gradient":""},"mobile":{"background-color":"var(--ast-global-color-5)","background-image":"","background-repeat":"repeat","background-position":"center center","background-size":"auto","background-attachment":"scroll","background-type":"","background-media":"","overlay-type":"","overlay-color":"","overlay-opacity":"","overlay-gradient":""}},"ngg_post_thumbnail":0,"footnotes":""},"class_list":["post-19604","page","type-page","status-publish","hentry"],"_links":{"self":[{"href":"http:\/\/sionbartoszyce.pl\/en\/wp-json\/wp\/v2\/pages\/19604","targetHints":{"allow":["GET"]}}],"collection":[{"href":"http:\/\/sionbartoszyce.pl\/en\/wp-json\/wp\/v2\/pages"}],"about":[{"href":"http:\/\/sionbartoszyce.pl\/en\/wp-json\/wp\/v2\/types\/page"}],"author":[{"embeddable":true,"href":"http:\/\/sionbartoszyce.pl\/en\/wp-json\/wp\/v2\/users\/1"}],"replies":[{"embeddable":true,"href":"http:\/\/sionbartoszyce.pl\/en\/wp-json\/wp\/v2\/comments?post=19604"}],"version-history":[{"count":15,"href":"http:\/\/sionbartoszyce.pl\/en\/wp-json\/wp\/v2\/pages\/19604\/revisions"}],"predecessor-version":[{"id":22296,"href":"http:\/\/sionbartoszyce.pl\/en\/wp-json\/wp\/v2\/pages\/19604\/revisions\/22296"}],"wp:attachment":[{"href":"http:\/\/sionbartoszyce.pl\/en\/wp-json\/wp\/v2\/media?parent=19604"}],"curies":[{"name":"wp","href":"https:\/\/api.w.org\/{rel}","templated":true}]}}