{"id":19562,"date":"2023-11-17T14:34:04","date_gmt":"2023-11-17T13:34:04","guid":{"rendered":"http:\/\/sionbartoszyce.pl\/?page_id=19562"},"modified":"2025-07-10T15:37:51","modified_gmt":"2025-07-10T13:37:51","slug":"drums-alive","status":"publish","type":"page","link":"http:\/\/sionbartoszyce.pl\/en\/drums-alive\/","title":{"rendered":"Drums Alive"},"content":{"rendered":"<p><strong>Podsumowanie projektu:<\/strong><\/p>\n\n\n\n<p><strong>1. Organ administracji publicznej, do kt\u00f3rego by\u0142a adresowana oferta:<\/strong><br>Zarz\u0105d Wojew\u00f3dztwa Warmi\u0144sko-Mazurskiego<\/p>\n\n\n\n<p><strong>2. Rodzaj zadania publicznego<\/strong>:<br>&#8211; <strong>Dzia\u0142alno\u015b\u0107 na rzecz os\u00f3b niepe\u0142nosprawnych;<\/strong><br><strong>&#8211; Prowadzenie grupowych i indywidualnych zaj\u0119\u0107, kt\u00f3re:<\/strong><br>a)maj\u0105 na celu nabywanie, rozwijanie i podtrzymywanie umiej\u0119tno\u015bci niezb\u0119dnych do samodzielnego funkcjonowania os\u00f3b niepe\u0142nosprawnych,<br>b) rozwijaj\u0105 umiej\u0119tno\u015bci sprawnego komunikowania si\u0119 z otoczeniem<br>os\u00f3b z uszkodzeniami s\u0142uchu, mowy, z autyzmem i z niepe\u0142nosprawno\u015bci\u0105 intelektualn\u0105,<br>c) usprawniaj\u0105 i wspieraj\u0105 funkcjonowanie os\u00f3b z autyzmem i z niepe\u0142nosprawno\u015bci\u0105 intelektualn\u0105 w r\u00f3\u017cnych rolach spo\u0142ecznych i w r\u00f3\u017cnych \u015brodowiskach<\/p>\n\n\n\n<p><strong>Termin realizacji zadania publicznego:<\/strong><br>Data rozpocz\u0119cia:<br>2023-09-01<br><br>Data zako\u0144czenia:<br>2023-10-31<\/p>\n\n\n\n<p class=\"has-text-align-center\">W okresie od 01-09-2023 do 30-10-2023 Stowarzyszenie Integracji Os\u00f3b Niepe\u0142nosprawnych \/SION\/ zrealizowa\u0142o projekt pt \u201eDrums alive\u201d dofinansowany ze \u015brodk\u00f3w PFRON za po\u015brednictwem Urz\u0119du Marsza\u0142kowskiego Wojew\u00f3dztwa Warmi\u0144sko \u2013 Mazurskiego w Olsztynie<\/p>\n\n\n\n<p>Skierowany by\u0142 do 10 os\u00f3b z niepe\u0142nosprawno\u015bciami.<br>By\u0142y to grupowe zaj\u0119cia ( 20 godzin) dla os\u00f3b z niepe\u0142nosprawno\u015bci\u0105, tak\u017ce dla os\u00f3b poruszaj\u0105cych si\u0119 na w\u00f3zku .Zaj\u0119cia by\u0142y form\u0105 zaj\u0119\u0107 fitness po\u0142\u0105czone z gr\u0105 na perkusji z wykorzystaniem pi\u0142ek gimnastycznych\u00a0i pa\u0142eczek.<br>W ramach projektu zosta\u0142y zakupione podstawki pod pi\u0142ki oraz jednakowe koszulki dla uczestnik\u00f3w projektu.<br>W\/w dzia\u0142anie odbywa\u0142o si\u0119 w siedzibie Stowarzyszenia na Sali gimnastycznej lub na dzia\u0142ce rekreacyjnej na \u015bwie\u017cym powietrzu.Zaj\u0119cia prowadzi\u0142a Pani Aleksandra Krawczyk, kt\u00f3ra wsp\u00f3\u0142pracuje ze Stowarzyszeniem 2 lata.<\/p>\n\n\n\nngg_shortcode_0_placeholder\n\n\n\n<figure class=\"wp-block-image size-large\"><img loading=\"lazy\" decoding=\"async\" width=\"724\" height=\"1024\" src=\"http:\/\/sionbartoszyce.pl\/wp-content\/uploads\/2023\/11\/dRUMS-aLIVE-724x1024.jpg\" alt=\"\" class=\"wp-image-19564\" srcset=\"http:\/\/sionbartoszyce.pl\/wp-content\/uploads\/2023\/11\/dRUMS-aLIVE-724x1024.jpg 724w, http:\/\/sionbartoszyce.pl\/wp-content\/uploads\/2023\/11\/dRUMS-aLIVE-600x848.jpg 600w, http:\/\/sionbartoszyce.pl\/wp-content\/uploads\/2023\/11\/dRUMS-aLIVE-212x300.jpg 212w, http:\/\/sionbartoszyce.pl\/wp-content\/uploads\/2023\/11\/dRUMS-aLIVE-768x1086.jpg 768w, http:\/\/sionbartoszyce.pl\/wp-content\/uploads\/2023\/11\/dRUMS-aLIVE-1086x1536.jpg 1086w, http:\/\/sionbartoszyce.pl\/wp-content\/uploads\/2023\/11\/dRUMS-aLIVE-1448x2048.jpg 1448w, http:\/\/sionbartoszyce.pl\/wp-content\/uploads\/2023\/11\/dRUMS-aLIVE.jpg 1654w\" sizes=\"auto, (max-width: 724px) 100vw, 724px\" \/><\/figure>\n\n\n\n<p>Dokumenty do pobrania:<br><a href=\"http:\/\/sionbartoszyce.pl\/wp-content\/uploads\/2023\/11\/ankieta-rekrutacyjna1.docx\"><strong><span class=\"has-inline-color has-ast-global-color-0-color\">ankieta rekrutacyjna<\/span><\/strong><\/a><\/p>","protected":false},"excerpt":{"rendered":"<p>Podsumowanie projektu: 1. Organ administracji publicznej, do kt\u00f3rego by\u0142a adresowana oferta:Zarz\u0105d Wojew\u00f3dztwa Warmi\u0144sko-Mazurskiego 2. Rodzaj zadania publicznego:&#8211; Dzia\u0142alno\u015b\u0107 na rzecz os\u00f3b niepe\u0142nosprawnych;&#8211; Prowadzenie grupowych i indywidualnych zaj\u0119\u0107, kt\u00f3re:a)maj\u0105 na celu nabywanie, rozwijanie i podtrzymywanie umiej\u0119tno\u015bci niezb\u0119dnych do samodzielnego funkcjonowania os\u00f3b niepe\u0142nosprawnych,b) rozwijaj\u0105 umiej\u0119tno\u015bci sprawnego komunikowania si\u0119 z otoczeniemos\u00f3b z uszkodzeniami s\u0142uchu, mowy, z autyzmem i [&hellip;]<\/p>\n","protected":false},"author":1,"featured_media":0,"parent":0,"menu_order":0,"comment_status":"closed","ping_status":"closed","template":"","meta":{"site-sidebar-layout":"default","site-content-layout":"","ast-site-content-layout":"default","site-content-style":"default","site-sidebar-style":"default","ast-global-header-display":"","ast-banner-title-visibility":"","ast-main-header-display":"","ast-hfb-above-header-display":"","ast-hfb-below-header-display":"","ast-hfb-mobile-header-display":"","site-post-title":"","ast-breadcrumbs-content":"","ast-featured-img":"","footer-sml-layout":"","ast-disable-related-posts":"","theme-transparent-header-meta":"","adv-header-id-meta":"","stick-header-meta":"","header-above-stick-meta":"","header-main-stick-meta":"","header-below-stick-meta":"","astra-migrate-meta-layouts":"default","ast-page-background-enabled":"default","ast-page-background-meta":{"desktop":{"background-color":"","background-image":"","background-repeat":"repeat","background-position":"center center","background-size":"auto","background-attachment":"scroll","background-type":"","background-media":"","overlay-type":"","overlay-color":"","overlay-opacity":"","overlay-gradient":""},"tablet":{"background-color":"","background-image":"","background-repeat":"repeat","background-position":"center center","background-size":"auto","background-attachment":"scroll","background-type":"","background-media":"","overlay-type":"","overlay-color":"","overlay-opacity":"","overlay-gradient":""},"mobile":{"background-color":"","background-image":"","background-repeat":"repeat","background-position":"center center","background-size":"auto","background-attachment":"scroll","background-type":"","background-media":"","overlay-type":"","overlay-color":"","overlay-opacity":"","overlay-gradient":""}},"ast-content-background-meta":{"desktop":{"background-color":"var(--ast-global-color-5)","background-image":"","background-repeat":"repeat","background-position":"center center","background-size":"auto","background-attachment":"scroll","background-type":"","background-media":"","overlay-type":"","overlay-color":"","overlay-opacity":"","overlay-gradient":""},"tablet":{"background-color":"var(--ast-global-color-5)","background-image":"","background-repeat":"repeat","background-position":"center center","background-size":"auto","background-attachment":"scroll","background-type":"","background-media":"","overlay-type":"","overlay-color":"","overlay-opacity":"","overlay-gradient":""},"mobile":{"background-color":"var(--ast-global-color-5)","background-image":"","background-repeat":"repeat","background-position":"center center","background-size":"auto","background-attachment":"scroll","background-type":"","background-media":"","overlay-type":"","overlay-color":"","overlay-opacity":"","overlay-gradient":""}},"ngg_post_thumbnail":0,"footnotes":""},"class_list":["post-19562","page","type-page","status-publish","hentry"],"_links":{"self":[{"href":"http:\/\/sionbartoszyce.pl\/en\/wp-json\/wp\/v2\/pages\/19562","targetHints":{"allow":["GET"]}}],"collection":[{"href":"http:\/\/sionbartoszyce.pl\/en\/wp-json\/wp\/v2\/pages"}],"about":[{"href":"http:\/\/sionbartoszyce.pl\/en\/wp-json\/wp\/v2\/types\/page"}],"author":[{"embeddable":true,"href":"http:\/\/sionbartoszyce.pl\/en\/wp-json\/wp\/v2\/users\/1"}],"replies":[{"embeddable":true,"href":"http:\/\/sionbartoszyce.pl\/en\/wp-json\/wp\/v2\/comments?post=19562"}],"version-history":[{"count":1,"href":"http:\/\/sionbartoszyce.pl\/en\/wp-json\/wp\/v2\/pages\/19562\/revisions"}],"predecessor-version":[{"id":19576,"href":"http:\/\/sionbartoszyce.pl\/en\/wp-json\/wp\/v2\/pages\/19562\/revisions\/19576"}],"wp:attachment":[{"href":"http:\/\/sionbartoszyce.pl\/en\/wp-json\/wp\/v2\/media?parent=19562"}],"curies":[{"name":"wp","href":"https:\/\/api.w.org\/{rel}","templated":true}]}}