{"id":19296,"date":"2023-07-10T14:24:00","date_gmt":"2023-07-10T12:24:00","guid":{"rendered":"http:\/\/sionbartoszyce.pl\/?page_id=19296"},"modified":"2023-07-14T07:25:57","modified_gmt":"2023-07-14T05:25:57","slug":"19296-2","status":"publish","type":"page","link":"http:\/\/sionbartoszyce.pl\/en\/19296-2\/","title":{"rendered":""},"content":{"rendered":"<p class=\"has-text-align-right\">Bartoszyce, 10.07.2023r.<\/p>\n\n\n\n<p class=\"has-text-align-center\"><strong>Og\u0142oszenie o wynikach post\u0119powania<\/strong><\/p>\n\n\n\n<p>Stowarzyszenie Integracji Os\u00f3b Niepe\u0142nosprawnych SION w Bartoszycach informuje o zako\u0144czeniu post\u0119powania prowadzonego w ramach projektu pn. \u201eDroga ku zatrudnieniu- edycja II\u201d Nr. ZZO\/000318\/14\/D realizowanego w ramach w art. 36 ustawy o rehabilitacji zawodowej i spo\u0142ecznej oraz zatrudnianiu os\u00f3b niepe\u0142nosprawnych<\/p>\n\n\n\n<p>Przy zastosowaniu kryteri\u00f3w oceny wskazanych w zapytaniu ofertowym nr&nbsp;<a href=\"http:\/\/sionbartoszyce.pl\/en\/zapytanie-ofertowe-nr-1-pfron-2021\/\">1\/PFRON\/2023&nbsp;<\/a>wybrano najkorzystniejsz\u0105 ofert\u0119 szkoleniow\u0105 firmy: Warmi\u0144sko-Mazurski Zak\u0142ad Doskonalenia Zawodowego w Olsztynie, Centrum Edukacji w Bartoszycach, ul. 11- go Listopada 10, 11-200 Bartoszyce.&nbsp;<\/p>\n\n\n\n<p>Przy zastosowaniu kryteri\u00f3w oceny wskazanych w zapytaniu ofertowym nr&nbsp;<a href=\"http:\/\/sionbartoszyce.pl\/en\/zapytanie-ofertowe-nr-1-pfron-2021\/\">2\/PFRON\/2023&nbsp;<\/a>&nbsp;wybrano najkorzystniejsz\u0105 ofert\u0119 szkoleniow\u0105 firmy: Warmi\u0144sko-Mazurski Zak\u0142ad Doskonalenia Zawodowego w Olsztynie, Centrum Edukacji w Bartoszycach, ul. 11- go Listopada 10, 11-200 Bartoszyce.&nbsp;<\/p>\n\n\n\n<p>Przy zastosowaniu kryteri\u00f3w oceny wskazanych w zapytaniu ofertowym&nbsp;&nbsp;<a href=\"http:\/\/sionbartoszyce.pl\/en\/zapytanie-ofertowe-nr-1-pfron-2021\/\">3\/PFRON\/2023&nbsp;<\/a> wybrano najkorzystniejsz\u0105 ofert\u0119 szkoleniow\u0105 firmy: Warmi\u0144sko-Mazurski Zak\u0142ad Doskonalenia Zawodowego w Olsztynie, Centrum Edukacji w Bartoszycach, ul. 11- go Listopada 10, 11-200 Bartoszyce.&nbsp;<\/p>\n\n\n\n<p><em>Uzasadnienie:<\/em><\/p>\n\n\n\n<p>Firma Warmi\u0144sko-Mazurski Zak\u0142ad Doskonalenia Zawodowego w Olsztynie, Centrum Edukacji w Bartoszycach z\u0142o\u017cy\u0142a oferty na realizacj\u0119 us\u0142ug, kt\u00f3re spe\u0142ni\u0142y warunki udzia\u0142u w post\u0119powaniu oraz zaproponowa\u0142a cen\u0119, kt\u00f3ra nie przekracza kwoty, jak\u0105 Zamawiaj\u0105cy przeznaczy\u0142 na realizacj\u0119 przedmiotu zam\u00f3wienia. Ponadto Zak\u0142ad Doskonalenia Zawodowego wykaza\u0142, \u017ce posiada do\u015bwiadczenie w prowadzeniu grupowych szkole\u0144 z zakresu kurs\u00f3w zawodowych \u201eprofesjonalny pracownik sprz\u0105taj\u0105cy\u201d, \u201epomocnik kucharza\u201d i \u201epracownik ochrony\/dozorcy\u201d w grupie szkoleniowej obejmuj\u0105cej osoby z orzeczeniem o niepe\u0142nosprawno\u015bci.<\/p>","protected":false},"excerpt":{"rendered":"<p>Bartoszyce, 10.07.2023r. Og\u0142oszenie o wynikach post\u0119powania Stowarzyszenie Integracji Os\u00f3b Niepe\u0142nosprawnych SION w Bartoszycach informuje o zako\u0144czeniu post\u0119powania prowadzonego w ramach projektu pn. \u201eDroga ku zatrudnieniu- edycja II\u201d Nr. ZZO\/000318\/14\/D realizowanego w ramach w art. 36 ustawy o rehabilitacji zawodowej i spo\u0142ecznej oraz zatrudnianiu os\u00f3b niepe\u0142nosprawnych Przy zastosowaniu kryteri\u00f3w oceny wskazanych w zapytaniu ofertowym nr&nbsp;1\/PFRON\/2023&nbsp;wybrano najkorzystniejsz\u0105 [&hellip;]<\/p>\n","protected":false},"author":1,"featured_media":0,"parent":0,"menu_order":0,"comment_status":"closed","ping_status":"closed","template":"","meta":{"site-sidebar-layout":"default","site-content-layout":"","ast-site-content-layout":"default","site-content-style":"default","site-sidebar-style":"default","ast-global-header-display":"","ast-banner-title-visibility":"","ast-main-header-display":"","ast-hfb-above-header-display":"","ast-hfb-below-header-display":"","ast-hfb-mobile-header-display":"","site-post-title":"","ast-breadcrumbs-content":"","ast-featured-img":"","footer-sml-layout":"","ast-disable-related-posts":"","theme-transparent-header-meta":"","adv-header-id-meta":"","stick-header-meta":"","header-above-stick-meta":"","header-main-stick-meta":"","header-below-stick-meta":"","astra-migrate-meta-layouts":"default","ast-page-background-enabled":"default","ast-page-background-meta":{"desktop":{"background-color":"","background-image":"","background-repeat":"repeat","background-position":"center center","background-size":"auto","background-attachment":"scroll","background-type":"","background-media":"","overlay-type":"","overlay-color":"","overlay-opacity":"","overlay-gradient":""},"tablet":{"background-color":"","background-image":"","background-repeat":"repeat","background-position":"center center","background-size":"auto","background-attachment":"scroll","background-type":"","background-media":"","overlay-type":"","overlay-color":"","overlay-opacity":"","overlay-gradient":""},"mobile":{"background-color":"","background-image":"","background-repeat":"repeat","background-position":"center center","background-size":"auto","background-attachment":"scroll","background-type":"","background-media":"","overlay-type":"","overlay-color":"","overlay-opacity":"","overlay-gradient":""}},"ast-content-background-meta":{"desktop":{"background-color":"var(--ast-global-color-5)","background-image":"","background-repeat":"repeat","background-position":"center center","background-size":"auto","background-attachment":"scroll","background-type":"","background-media":"","overlay-type":"","overlay-color":"","overlay-opacity":"","overlay-gradient":""},"tablet":{"background-color":"var(--ast-global-color-5)","background-image":"","background-repeat":"repeat","background-position":"center center","background-size":"auto","background-attachment":"scroll","background-type":"","background-media":"","overlay-type":"","overlay-color":"","overlay-opacity":"","overlay-gradient":""},"mobile":{"background-color":"var(--ast-global-color-5)","background-image":"","background-repeat":"repeat","background-position":"center center","background-size":"auto","background-attachment":"scroll","background-type":"","background-media":"","overlay-type":"","overlay-color":"","overlay-opacity":"","overlay-gradient":""}},"ngg_post_thumbnail":0,"footnotes":""},"class_list":["post-19296","page","type-page","status-publish","hentry"],"_links":{"self":[{"href":"http:\/\/sionbartoszyce.pl\/en\/wp-json\/wp\/v2\/pages\/19296","targetHints":{"allow":["GET"]}}],"collection":[{"href":"http:\/\/sionbartoszyce.pl\/en\/wp-json\/wp\/v2\/pages"}],"about":[{"href":"http:\/\/sionbartoszyce.pl\/en\/wp-json\/wp\/v2\/types\/page"}],"author":[{"embeddable":true,"href":"http:\/\/sionbartoszyce.pl\/en\/wp-json\/wp\/v2\/users\/1"}],"replies":[{"embeddable":true,"href":"http:\/\/sionbartoszyce.pl\/en\/wp-json\/wp\/v2\/comments?post=19296"}],"version-history":[{"count":1,"href":"http:\/\/sionbartoszyce.pl\/en\/wp-json\/wp\/v2\/pages\/19296\/revisions"}],"predecessor-version":[{"id":19299,"href":"http:\/\/sionbartoszyce.pl\/en\/wp-json\/wp\/v2\/pages\/19296\/revisions\/19299"}],"wp:attachment":[{"href":"http:\/\/sionbartoszyce.pl\/en\/wp-json\/wp\/v2\/media?parent=19296"}],"curies":[{"name":"wp","href":"https:\/\/api.w.org\/{rel}","templated":true}]}}