{"id":19284,"date":"2023-06-29T14:10:23","date_gmt":"2023-06-29T12:10:23","guid":{"rendered":"http:\/\/sionbartoszyce.pl\/?page_id=19284"},"modified":"2023-06-29T14:11:07","modified_gmt":"2023-06-29T12:11:07","slug":"zapytanie-ofertowe","status":"publish","type":"page","link":"http:\/\/sionbartoszyce.pl\/en\/zapytanie-ofertowe\/","title":{"rendered":"Zapytanie ofertowe"},"content":{"rendered":"<figure class=\"wp-block-image size-full\"><img loading=\"lazy\" decoding=\"async\" width=\"152\" height=\"63\" src=\"http:\/\/sionbartoszyce.pl\/wp-content\/uploads\/2023\/06\/obraz-2.png\" alt=\"\" class=\"wp-image-19287\" srcset=\"http:\/\/sionbartoszyce.pl\/wp-content\/uploads\/2023\/06\/obraz-2.png 152w, http:\/\/sionbartoszyce.pl\/wp-content\/uploads\/2023\/06\/obraz-2-150x63.png 150w\" sizes=\"auto, (max-width: 152px) 100vw, 152px\" \/><\/figure>\n\n\n\n<p>Projekt dofinansowany ze \u015brodk\u00f3w Pa\u0144stwowego Funduszu Rehabilitacji Os\u00f3b Niepe\u0142nosprawnych&nbsp; w&nbsp; ramach art. 36&nbsp;&nbsp; ustawy o rehabilitacji zawodowej i spo\u0142ecznej oraz&nbsp; zatrudnianiu os\u00f3b niepe\u0142nosprawnych<\/p>\n\n\n\n<p class=\"has-text-align-right\"><a>Bartoszyce, 29.06.2023r.<\/a><\/p>\n\n\n\n<p>Stowarzyszenie Integracji Os\u00f3b Niepe\u0142nosprawnych SION<br>w Bartoszycach<br>ul. Bema 51 A<br>11-200 Bartoszyce<br>tel. 0 89&nbsp;762 01 75<br>e-mail: sionbartoszyce@wp.pl&nbsp;&nbsp;&nbsp;&nbsp;&nbsp;&nbsp;&nbsp;&nbsp;&nbsp;&nbsp;&nbsp;&nbsp;&nbsp;&nbsp;&nbsp;&nbsp;&nbsp;&nbsp;&nbsp;&nbsp;&nbsp;&nbsp;&nbsp;&nbsp;&nbsp;&nbsp;&nbsp;&nbsp;&nbsp;&nbsp;&nbsp;&nbsp;&nbsp;&nbsp;&nbsp;&nbsp;&nbsp;&nbsp;&nbsp;&nbsp;&nbsp;&nbsp;&nbsp;&nbsp;&nbsp;&nbsp;&nbsp;&nbsp;&nbsp;&nbsp;&nbsp;&nbsp;&nbsp;&nbsp;&nbsp;&nbsp;<\/p>\n\n\n\n<p>Szanowni Pa\u0144stwo,<\/p>\n\n\n\n<p>&nbsp;&nbsp;&nbsp;&nbsp;&nbsp;&nbsp;&nbsp;&nbsp;&nbsp;&nbsp;&nbsp;&nbsp;&nbsp;&nbsp;&nbsp;&nbsp;&nbsp;&nbsp;&nbsp; Stowarzyszenie Integracji Os\u00f3b Niepe\u0142nosprawnych SION w Bartoszycach&nbsp; zaprasza do sk\u0142adania ofert na przeprowadzenie kurs\u00f3w zawodowych &nbsp;realizowanych w ramach w projektu pn. \u201eDroga ku zatrudnieniu- edycja II\u201d zgodnie z umow\u0105 Nr ZZO\/000318\/14\/D dnia 10.05.2023r. w ramach art. 36 ustawy o rehabilitacji zawodowej i spo\u0142ecznej oraz zatrudnianiu os\u00f3b niepe\u0142nosprawnych.<\/p>\n\n\n\n<p>Termin sk\u0142adania ofert up\u0142ywa <a>07.07.2023r. &nbsp;<\/a>godz. 12.30<\/p>\n\n\n\n<p>Za\u0142\u0105czniki:<\/p>\n\n\n\n<p><a href=\"http:\/\/sionbartoszyce.pl\/wp-content\/uploads\/2023\/06\/kurs-profesjonalny-pracownik-sprzatajacy-2023.docx\"><span class=\"has-inline-color has-ast-global-color-0-color\"><strong>ZAPYTANIE OFERTOWE nr 1\/PFRON\/2023<\/strong><\/span><\/a><\/p>\n\n\n\n<p><strong><a href=\"http:\/\/sionbartoszyce.pl\/wp-content\/uploads\/2023\/06\/kurs-pomocik-Kucharza-2023.docx\"><span class=\"has-inline-color has-ast-global-color-0-color\">ZAPYTANIE OFERTOWE nr 2\/PFRON\/2023<\/span><\/a><\/strong><\/p>\n\n\n\n<p><strong><a href=\"http:\/\/sionbartoszyce.pl\/wp-content\/uploads\/2023\/06\/kurs-pracowik-ochrony-dozzorca-2023.docx\"><span class=\"has-inline-color has-ast-global-color-0-color\">ZAPYTANIE OFERTOWE nr 3\/PFRON\/2023<\/span><\/a><\/strong><\/p>\n\n\n\n<p><strong>Projekt \u201eDroga ku zatrudnieniu \u2013 edycja II\u201d<\/strong><\/p>\n\n\n\n<p><strong>Biuro projektu: <\/strong><br><strong>ul. Bema 39, 11-200 Bartoszyce,<\/strong><br><strong>tel. 89 762 01 75<\/strong><\/p>","protected":false},"excerpt":{"rendered":"<p>Projekt dofinansowany ze \u015brodk\u00f3w Pa\u0144stwowego Funduszu Rehabilitacji Os\u00f3b Niepe\u0142nosprawnych&nbsp; w&nbsp; ramach art. 36&nbsp;&nbsp; ustawy o rehabilitacji zawodowej i spo\u0142ecznej oraz&nbsp; zatrudnianiu os\u00f3b niepe\u0142nosprawnych Bartoszyce, 29.06.2023r. Stowarzyszenie Integracji Os\u00f3b Niepe\u0142nosprawnych SIONw Bartoszycachul. Bema 51 A11-200 Bartoszycetel. 0 89&nbsp;762 01 75e-mail: sionbartoszyce@wp.pl&nbsp;&nbsp;&nbsp;&nbsp;&nbsp;&nbsp;&nbsp;&nbsp;&nbsp;&nbsp;&nbsp;&nbsp;&nbsp;&nbsp;&nbsp;&nbsp;&nbsp;&nbsp;&nbsp;&nbsp;&nbsp;&nbsp;&nbsp;&nbsp;&nbsp;&nbsp;&nbsp;&nbsp;&nbsp;&nbsp;&nbsp;&nbsp;&nbsp;&nbsp;&nbsp;&nbsp;&nbsp;&nbsp;&nbsp;&nbsp;&nbsp;&nbsp;&nbsp;&nbsp;&nbsp;&nbsp;&nbsp;&nbsp;&nbsp;&nbsp;&nbsp;&nbsp;&nbsp;&nbsp;&nbsp;&nbsp; Szanowni Pa\u0144stwo, &nbsp;&nbsp;&nbsp;&nbsp;&nbsp;&nbsp;&nbsp;&nbsp;&nbsp;&nbsp;&nbsp;&nbsp;&nbsp;&nbsp;&nbsp;&nbsp;&nbsp;&nbsp;&nbsp; Stowarzyszenie Integracji Os\u00f3b Niepe\u0142nosprawnych SION w Bartoszycach&nbsp; zaprasza do sk\u0142adania ofert na [&hellip;]<\/p>\n","protected":false},"author":1,"featured_media":0,"parent":0,"menu_order":0,"comment_status":"closed","ping_status":"closed","template":"","meta":{"site-sidebar-layout":"default","site-content-layout":"","ast-site-content-layout":"default","site-content-style":"default","site-sidebar-style":"default","ast-global-header-display":"","ast-banner-title-visibility":"","ast-main-header-display":"","ast-hfb-above-header-display":"","ast-hfb-below-header-display":"","ast-hfb-mobile-header-display":"","site-post-title":"","ast-breadcrumbs-content":"","ast-featured-img":"","footer-sml-layout":"","ast-disable-related-posts":"","theme-transparent-header-meta":"","adv-header-id-meta":"","stick-header-meta":"","header-above-stick-meta":"","header-main-stick-meta":"","header-below-stick-meta":"","astra-migrate-meta-layouts":"default","ast-page-background-enabled":"default","ast-page-background-meta":{"desktop":{"background-color":"","background-image":"","background-repeat":"repeat","background-position":"center center","background-size":"auto","background-attachment":"scroll","background-type":"","background-media":"","overlay-type":"","overlay-color":"","overlay-opacity":"","overlay-gradient":""},"tablet":{"background-color":"","background-image":"","background-repeat":"repeat","background-position":"center center","background-size":"auto","background-attachment":"scroll","background-type":"","background-media":"","overlay-type":"","overlay-color":"","overlay-opacity":"","overlay-gradient":""},"mobile":{"background-color":"","background-image":"","background-repeat":"repeat","background-position":"center center","background-size":"auto","background-attachment":"scroll","background-type":"","background-media":"","overlay-type":"","overlay-color":"","overlay-opacity":"","overlay-gradient":""}},"ast-content-background-meta":{"desktop":{"background-color":"var(--ast-global-color-5)","background-image":"","background-repeat":"repeat","background-position":"center center","background-size":"auto","background-attachment":"scroll","background-type":"","background-media":"","overlay-type":"","overlay-color":"","overlay-opacity":"","overlay-gradient":""},"tablet":{"background-color":"var(--ast-global-color-5)","background-image":"","background-repeat":"repeat","background-position":"center center","background-size":"auto","background-attachment":"scroll","background-type":"","background-media":"","overlay-type":"","overlay-color":"","overlay-opacity":"","overlay-gradient":""},"mobile":{"background-color":"var(--ast-global-color-5)","background-image":"","background-repeat":"repeat","background-position":"center center","background-size":"auto","background-attachment":"scroll","background-type":"","background-media":"","overlay-type":"","overlay-color":"","overlay-opacity":"","overlay-gradient":""}},"ngg_post_thumbnail":0,"footnotes":""},"class_list":["post-19284","page","type-page","status-publish","hentry"],"_links":{"self":[{"href":"http:\/\/sionbartoszyce.pl\/en\/wp-json\/wp\/v2\/pages\/19284","targetHints":{"allow":["GET"]}}],"collection":[{"href":"http:\/\/sionbartoszyce.pl\/en\/wp-json\/wp\/v2\/pages"}],"about":[{"href":"http:\/\/sionbartoszyce.pl\/en\/wp-json\/wp\/v2\/types\/page"}],"author":[{"embeddable":true,"href":"http:\/\/sionbartoszyce.pl\/en\/wp-json\/wp\/v2\/users\/1"}],"replies":[{"embeddable":true,"href":"http:\/\/sionbartoszyce.pl\/en\/wp-json\/wp\/v2\/comments?post=19284"}],"version-history":[{"count":2,"href":"http:\/\/sionbartoszyce.pl\/en\/wp-json\/wp\/v2\/pages\/19284\/revisions"}],"predecessor-version":[{"id":19293,"href":"http:\/\/sionbartoszyce.pl\/en\/wp-json\/wp\/v2\/pages\/19284\/revisions\/19293"}],"wp:attachment":[{"href":"http:\/\/sionbartoszyce.pl\/en\/wp-json\/wp\/v2\/media?parent=19284"}],"curies":[{"name":"wp","href":"https:\/\/api.w.org\/{rel}","templated":true}]}}