{"id":19152,"date":"2023-06-23T09:14:07","date_gmt":"2023-06-23T07:14:07","guid":{"rendered":"http:\/\/sionbartoszyce.pl\/?page_id=19152"},"modified":"2023-06-23T09:14:56","modified_gmt":"2023-06-23T07:14:56","slug":"w-kierunku-samodzielnej-aktywnosci","status":"publish","type":"page","link":"http:\/\/sionbartoszyce.pl\/en\/w-kierunku-samodzielnej-aktywnosci\/","title":{"rendered":"W kierunku samodzielnej aktywno\u015bci"},"content":{"rendered":"<p>Stowarzyszenie Integracji Os\u00f3b Niepe\u0142nosprawnych SION w Bartoszycach zaprasza do bezp\u0142atnego udzia\u0142u w projekcie \u201eW kierunku samodzielnej aktywno\u015bci\u201d. Projekt skierowany jest do 16 os\u00f3b, kt\u00f3re \u0142\u0105cznie spe\u0142niaj\u0105 nast\u0119puj\u0105ce warunki: <br><br>\u2022 posiadaj\u0105 orzeczenie o niepe\u0142nosprawno\u015bci lub dokument r\u00f3wnorz\u0119dny<br> \u2022 zamieszkuj\u0105 powiat bartoszycki lub lidzbarski <br><br>Oferujemy: <br>\u2022 Warsztaty Kulinarne BEZ BARIER <br>\u2022 Warsztaty BIODANZY <\/p>\n\n\n\n<p>Aby zakwalifikowa\u0107 si\u0119 do udzia\u0142u w projekcie nale\u017cy:<\/p>\n\n\n\n<p>\u2022 wype\u0142ni\u0107 ankiet\u0119 rekrutacyjn\u0105<br>\u2022 dostarczy\u0107 orzeczenia o niepe\u0142nosprawno\u015bci lub dokument r\u00f3wnoznaczny<\/p>\n\n\n\n<p><\/p>\n\n\n\n<p class=\"has-text-align-center\"><br><br>Osoby zainteresowane zapraszamy do Biura Projektu: <br><strong>ul.<\/strong> Bema 51A, 11-200 Bartoszyce <br><strong>tel.<\/strong> 89 764 04 77 <br><strong>e-mail:<\/strong> sionbartoszyce@wp.pl <br><br>Rekrutacja trwa do 01.09.2022r. <br><br>Zadanie publiczne \u201eW kierunku samodzielnej aktywno\u015bci\u201d jest finansowane ze \u015brodk\u00f3w PFRON b\u0119d\u0105cych w dyspozycji Samorz\u0105du Wojew\u00f3dztwa Warmi\u0144sko \u2013 Mazurskiego<\/p>\n\n\n\n<p>pliki do pobrania:<br><strong><a href=\"http:\/\/sionbartoszyce.pl\/wp-content\/uploads\/2023\/06\/ankieta-rekrutacyjna.docx\"><span class=\"has-inline-color has-ast-global-color-0-color\">ankieta rekrutacyjna<\/span><\/a><br><a href=\"http:\/\/sionbartoszyce.pl\/wp-content\/uploads\/2023\/06\/Zgoda-na-przetwarzanie-danych-osobowych.docx\"><span class=\"has-inline-color has-ast-global-color-0-color\">zgoda na przetwarzanie danych osobowych<\/span><\/a><\/strong><\/p>\n\n\n\n<p><\/p>\n\n\n\n<p class=\"has-text-align-center\"><strong>Trwa realizacja projektu \u201eW kierunku samodzielnej aktywno\u015bci\u201d <\/strong><\/p>\n\n\n\n<p>Stowarzyszenie Integracji Os\u00f3b Niepe\u0142nosprawnych SION w Bartoszycach realizuje projekt dofinansowany ze \u015brodk\u00f3w PFRON b\u0119d\u0105cych w dyspozycji wojew\u00f3dztwa Warmi\u0144sko \u2013 Mazurskiego. W ramach umowy podpisanej z Wojew\u00f3dztwem Warmi\u0144sko \u2013 Mazurskim reprezentowanym przez Zarz\u0105d Wojew\u00f3dztwa Warmi\u0144sko &#8211; Mazurskiego, SION otrzyma\u0142 na realizacj\u0119 zadania w 2022r. \u015brodki w kwocie 24 400 z\u0142. Obecnie z projektu korzysta 16 beneficjent\u00f3w, kt\u00f3rzy spe\u0142niaj\u0105 wszystkie kryteria. Projekt umo\u017cliwia osobom z niepe\u0142nosprawno\u015bciami z terenu powiatu bartoszyckiego oraz lidzbarskiego otrzymanie wsparcia w postaci : Warsztat\u00f3w kulinarnych BEZ BARIER oraz warsztat\u00f3w BIODANZY.<\/p>\n\n\n\nngg_shortcode_0_placeholder\n\n\n\n<p class=\"has-text-align-center\"><strong>Realizacja projektu \u201e W kierunku samodzielnej aktywno\u015bci\u201d \u2013 z zakresu rehabilitacji zawodowej i spo\u0142ecznej os\u00f3b niepe\u0142nosprawnych<\/strong> <\/p>\n\n\n\n<p>Zadania projektu: Najwa\u017cniejszym zadaniem projektu by\u0142o prowadzenie grupowych zaj\u0119\u0107 pozwalaj\u0105cych na nabywanie, rozwijanie i podtrzymywanie umiej\u0119tno\u015bci niezb\u0119dnych do samodzielnego funkcjonowania os\u00f3b niepe\u0142nosprawnych oraz rozwijaj\u0105cych umiej\u0119tno\u015bci sprawnego komunikowania si\u0119 z otoczeniem os\u00f3b z uszkodzeniem s\u0142uchu, mowy, z autyzmem i z niepe\u0142nosprawno\u015bci\u0105 intelektualn\u0105. W celu realizacji projektu zaproponowali\u015bmy uczestnikom projektu: Warsztaty kulinarne BEZ BARIER (12 spotka\u0144) Warsztaty BIODANZY (6 spotka\u0144) tak by ka\u017cdy z zainteresowanych m\u00f3g\u0142 znale\u017a\u0107 najlepsz\u0105 dla siebie form\u0119 aktywno\u015bci, daj\u0105cej najwi\u0119ksze efekty w poprawianiu \u017cyciowej samodzielno\u015bci.<\/p>\n\n\n\nngg_shortcode_1_placeholder","protected":false},"excerpt":{"rendered":"<p>Stowarzyszenie Integracji Os\u00f3b Niepe\u0142nosprawnych SION w Bartoszycach zaprasza do bezp\u0142atnego udzia\u0142u w projekcie \u201eW kierunku samodzielnej aktywno\u015bci\u201d. Projekt skierowany jest do 16 os\u00f3b, kt\u00f3re \u0142\u0105cznie spe\u0142niaj\u0105 nast\u0119puj\u0105ce warunki: \u2022 posiadaj\u0105 orzeczenie o niepe\u0142nosprawno\u015bci lub dokument r\u00f3wnorz\u0119dny \u2022 zamieszkuj\u0105 powiat bartoszycki lub lidzbarski Oferujemy: \u2022 Warsztaty Kulinarne BEZ BARIER \u2022 Warsztaty BIODANZY Aby zakwalifikowa\u0107 si\u0119 do [&hellip;]<\/p>\n","protected":false},"author":1,"featured_media":0,"parent":0,"menu_order":0,"comment_status":"closed","ping_status":"closed","template":"","meta":{"site-sidebar-layout":"default","site-content-layout":"","ast-site-content-layout":"default","site-content-style":"default","site-sidebar-style":"default","ast-global-header-display":"","ast-banner-title-visibility":"","ast-main-header-display":"","ast-hfb-above-header-display":"","ast-hfb-below-header-display":"","ast-hfb-mobile-header-display":"","site-post-title":"","ast-breadcrumbs-content":"","ast-featured-img":"","footer-sml-layout":"","ast-disable-related-posts":"","theme-transparent-header-meta":"","adv-header-id-meta":"","stick-header-meta":"","header-above-stick-meta":"","header-main-stick-meta":"","header-below-stick-meta":"","astra-migrate-meta-layouts":"default","ast-page-background-enabled":"default","ast-page-background-meta":{"desktop":{"background-color":"","background-image":"","background-repeat":"repeat","background-position":"center center","background-size":"auto","background-attachment":"scroll","background-type":"","background-media":"","overlay-type":"","overlay-color":"","overlay-opacity":"","overlay-gradient":""},"tablet":{"background-color":"","background-image":"","background-repeat":"repeat","background-position":"center center","background-size":"auto","background-attachment":"scroll","background-type":"","background-media":"","overlay-type":"","overlay-color":"","overlay-opacity":"","overlay-gradient":""},"mobile":{"background-color":"","background-image":"","background-repeat":"repeat","background-position":"center center","background-size":"auto","background-attachment":"scroll","background-type":"","background-media":"","overlay-type":"","overlay-color":"","overlay-opacity":"","overlay-gradient":""}},"ast-content-background-meta":{"desktop":{"background-color":"var(--ast-global-color-5)","background-image":"","background-repeat":"repeat","background-position":"center center","background-size":"auto","background-attachment":"scroll","background-type":"","background-media":"","overlay-type":"","overlay-color":"","overlay-opacity":"","overlay-gradient":""},"tablet":{"background-color":"var(--ast-global-color-5)","background-image":"","background-repeat":"repeat","background-position":"center center","background-size":"auto","background-attachment":"scroll","background-type":"","background-media":"","overlay-type":"","overlay-color":"","overlay-opacity":"","overlay-gradient":""},"mobile":{"background-color":"var(--ast-global-color-5)","background-image":"","background-repeat":"repeat","background-position":"center center","background-size":"auto","background-attachment":"scroll","background-type":"","background-media":"","overlay-type":"","overlay-color":"","overlay-opacity":"","overlay-gradient":""}},"ngg_post_thumbnail":0,"footnotes":""},"class_list":["post-19152","page","type-page","status-publish","hentry"],"_links":{"self":[{"href":"http:\/\/sionbartoszyce.pl\/en\/wp-json\/wp\/v2\/pages\/19152","targetHints":{"allow":["GET"]}}],"collection":[{"href":"http:\/\/sionbartoszyce.pl\/en\/wp-json\/wp\/v2\/pages"}],"about":[{"href":"http:\/\/sionbartoszyce.pl\/en\/wp-json\/wp\/v2\/types\/page"}],"author":[{"embeddable":true,"href":"http:\/\/sionbartoszyce.pl\/en\/wp-json\/wp\/v2\/users\/1"}],"replies":[{"embeddable":true,"href":"http:\/\/sionbartoszyce.pl\/en\/wp-json\/wp\/v2\/comments?post=19152"}],"version-history":[{"count":3,"href":"http:\/\/sionbartoszyce.pl\/en\/wp-json\/wp\/v2\/pages\/19152\/revisions"}],"predecessor-version":[{"id":19187,"href":"http:\/\/sionbartoszyce.pl\/en\/wp-json\/wp\/v2\/pages\/19152\/revisions\/19187"}],"wp:attachment":[{"href":"http:\/\/sionbartoszyce.pl\/en\/wp-json\/wp\/v2\/media?parent=19152"}],"curies":[{"name":"wp","href":"https:\/\/api.w.org\/{rel}","templated":true}]}}