{"id":18814,"date":"2023-04-12T10:55:43","date_gmt":"2023-04-12T08:55:43","guid":{"rendered":"http:\/\/sionbartoszyce.pl\/?page_id=18814"},"modified":"2025-07-10T15:37:27","modified_gmt":"2025-07-10T13:37:27","slug":"droga-ku-zatrudnieniu-edycja-ii","status":"publish","type":"page","link":"http:\/\/sionbartoszyce.pl\/en\/droga-ku-zatrudnieniu-edycja-ii\/","title":{"rendered":"Droga Ku Zatrudnieniu &#8211; Edycja II"},"content":{"rendered":"<p><strong>Stowarzyszenie&nbsp;Integracji&nbsp;Os\u00f3b Niepe\u0142nosprawnych SION w Bartoszycach zaprasza do&nbsp;<u>bezp\u0142atnego<\/u>&nbsp;udzia\u0142u w projekcie&nbsp;<\/strong><br><strong>\u201eDROGA KU ZATRUDNIENIU \u2013 EDYCJA II\u201d<\/strong><\/p>\n\n\n\n<p>Projekt skierowany jest do 16 os\u00f3b, kt\u00f3re \u0142\u0105cznie spe\u0142niaj\u0105 nast\u0119puj\u0105ce warunki:<\/p>\n\n\n\n<ul class=\"wp-block-list\">\n<li>posiadaj\u0105 orzeczenie o niepe\u0142nosprawno\u015bci lub dokument r\u00f3wnorz\u0119dny<\/li>\n\n\n\n<li>zamieszkuj\u0105 powiat bartoszycki<\/li>\n\n\n\n<li>nie osi\u0105gn\u0119\u0142y wieku emerytalnego.<\/li>\n\n\n\n<li>s\u0105 bezrobotne lub nieaktywne zawodowo<\/li>\n<\/ul>\n\n\n\n<p><strong>&nbsp;&nbsp;&nbsp;&nbsp; <\/strong>Oferujemy:<\/p>\n\n\n\n<ul class=\"wp-block-list\">\n<li>Doradztwo\u00a0 zawodowe<\/li>\n\n\n\n<li>Poradnictwo psychologiczne<\/li>\n\n\n\n<li>Kursy zawodowe do wyboru<\/li>\n\n\n\n<li>Stypendium finansowe<\/li>\n\n\n\n<li>6 miesi\u0119czne sta\u017ce zawodowe<\/li>\n\n\n\n<li>Zwrot koszt\u00f3w dojazdu<\/li>\n<\/ul>\n\n\n\n<p>Aby zakwalifikowa\u0107 si\u0119 do udzia\u0142u w projekcie nale\u017cy:<\/p>\n\n\n\n<ul class=\"wp-block-list\">\n<li>zapozna\u0107 si\u0119 z regulaminem projektu<\/li>\n\n\n\n<li>wype\u0142ni\u0107 ankiet\u0119 rekrutacyjn\u0105<\/li>\n\n\n\n<li>dostarczy\u0107 orzeczenia o niepe\u0142nosprawno\u015bci lub dokument r\u00f3wnoznaczny<\/li>\n<\/ul>\n\n\n\n<p>Osoby zainteresowane zapraszamy do Biura Projektu:<br>ul. Bema 39, 11-200 Bartoszyce<br><strong>tel. 89 762 01 75 <\/strong><br>e-mail: <a href=\"mailto:sionbartoszyce@wp.pl\">sionbartoszyce@wp.pl<\/a><\/p>\n\n\n\n<p><strong>Rekrutacja trwa do 30.04.2023r.<\/strong><strong><\/strong><\/p>\n\n\n\n<p>Projekt dofinansowany przez Pa\u0144stwowy Fundusz Rehabilitacji Os\u00f3b Niepe\u0142nosprawnych<\/p>\n\n\n\n<figure class=\"wp-block-image size-full is-resized\"><img loading=\"lazy\" decoding=\"async\" width=\"204\" height=\"71\" src=\"http:\/\/sionbartoszyce.pl\/wp-content\/uploads\/2023\/04\/obraz.png\" alt=\"\" class=\"wp-image-18815\" style=\"width:204px;height:71px\"\/><\/figure>\n\n\n\n<figure class=\"wp-block-image size-large\"><img loading=\"lazy\" decoding=\"async\" width=\"724\" height=\"1024\" src=\"http:\/\/sionbartoszyce.pl\/wp-content\/uploads\/2023\/04\/info-do-plakatu-724x1024.jpg\" alt=\"\" class=\"wp-image-18817\" srcset=\"http:\/\/sionbartoszyce.pl\/wp-content\/uploads\/2023\/04\/info-do-plakatu-724x1024.jpg 724w, http:\/\/sionbartoszyce.pl\/wp-content\/uploads\/2023\/04\/info-do-plakatu-600x848.jpg 600w, http:\/\/sionbartoszyce.pl\/wp-content\/uploads\/2023\/04\/info-do-plakatu-212x300.jpg 212w, http:\/\/sionbartoszyce.pl\/wp-content\/uploads\/2023\/04\/info-do-plakatu-768x1086.jpg 768w, http:\/\/sionbartoszyce.pl\/wp-content\/uploads\/2023\/04\/info-do-plakatu-1086x1536.jpg 1086w, http:\/\/sionbartoszyce.pl\/wp-content\/uploads\/2023\/04\/info-do-plakatu-1448x2048.jpg 1448w, http:\/\/sionbartoszyce.pl\/wp-content\/uploads\/2023\/04\/info-do-plakatu.jpg 1654w\" sizes=\"auto, (max-width: 724px) 100vw, 724px\" \/><\/figure>\n\n\n\n<figure class=\"wp-block-image size-large\"><img loading=\"lazy\" decoding=\"async\" width=\"724\" height=\"1024\" src=\"http:\/\/sionbartoszyce.pl\/wp-content\/uploads\/2023\/04\/plakat-A4_SION_2023-2-724x1024.png\" alt=\"\" class=\"wp-image-18906\" srcset=\"http:\/\/sionbartoszyce.pl\/wp-content\/uploads\/2023\/04\/plakat-A4_SION_2023-2-724x1024.png 724w, http:\/\/sionbartoszyce.pl\/wp-content\/uploads\/2023\/04\/plakat-A4_SION_2023-2-600x849.png 600w, http:\/\/sionbartoszyce.pl\/wp-content\/uploads\/2023\/04\/plakat-A4_SION_2023-2-212x300.png 212w, http:\/\/sionbartoszyce.pl\/wp-content\/uploads\/2023\/04\/plakat-A4_SION_2023-2-768x1086.png 768w, http:\/\/sionbartoszyce.pl\/wp-content\/uploads\/2023\/04\/plakat-A4_SION_2023-2.png 828w\" sizes=\"auto, (max-width: 724px) 100vw, 724px\" \/><\/figure>\n\n\n\n<figure class=\"wp-block-image size-large\"><img loading=\"lazy\" decoding=\"async\" width=\"724\" height=\"1024\" src=\"http:\/\/sionbartoszyce.pl\/wp-content\/uploads\/2024\/10\/plakat__fundusz__celowy__420x297-ai3-1-724x1024.png\" alt=\"\" class=\"wp-image-20975\" srcset=\"http:\/\/sionbartoszyce.pl\/wp-content\/uploads\/2024\/10\/plakat__fundusz__celowy__420x297-ai3-1-724x1024.png 724w, http:\/\/sionbartoszyce.pl\/wp-content\/uploads\/2024\/10\/plakat__fundusz__celowy__420x297-ai3-1-600x849.png 600w, http:\/\/sionbartoszyce.pl\/wp-content\/uploads\/2024\/10\/plakat__fundusz__celowy__420x297-ai3-1-212x300.png 212w, http:\/\/sionbartoszyce.pl\/wp-content\/uploads\/2024\/10\/plakat__fundusz__celowy__420x297-ai3-1-768x1086.png 768w, http:\/\/sionbartoszyce.pl\/wp-content\/uploads\/2024\/10\/plakat__fundusz__celowy__420x297-ai3-1.png 842w\" sizes=\"auto, (max-width: 724px) 100vw, 724px\" \/><\/figure>\n\n\n\n<p><a><strong>HARMONOGRAM<\/strong><\/a><strong> <\/strong><strong>projektu \u201eDroga ku zatrudnieniu\u201d &#8211; edycja II<\/strong><\/p>\n\n\n\n<p><\/p>\n\n\n\n<p><strong>Kwiecie\u0144 2023<\/strong> \u2013 Rekrutacja Uczestnik\u00f3w<\/p>\n\n\n\n<p><strong>Maj 2023<\/strong><\/p>\n\n\n\n<p>&#8211; opracowanie Indywidualnego Planu Dzia\u0142ania\u2013 doradca zawodowy<\/p>\n\n\n\n<p>&#8211; opracowanie Indywidualnego Planu Dzia\u0142ania &#8211; psycholog<\/p>\n\n\n\n<p>&#8211; warsztaty z zakresu nabywania umiej\u0119tno\u015bci i kompetencji spo\u0142ecznych<\/p>\n\n\n\n<p><strong>Czerwiec 2023<\/strong><\/p>\n\n\n\n<p>\u2013warsztaty z zakresu nabywania umiej\u0119tno\u015bci i kompetencji zawodowych<\/p>\n\n\n\n<p>&#8211; indywidualne konsultacje z doradc\u0105 zawodowym<\/p>\n\n\n\n<p>&#8211; indywidualne konsultacje z psychologiem<\/p>\n\n\n\n<p><strong>Lipiec \u2013 sierpie\u0144 \u2013 wrzesie\u0144 2023<\/strong> \u2013 Kurs zawodowy do wyboru<\/p>\n\n\n\n<p>&#8211; indywidualne konsultacje z doradc\u0105 zawodowym<\/p>\n\n\n\n<p>&#8211; indywidualne konsultacje z psychologiem<\/p>\n\n\n\n<p><strong>Pa\u017adziernik \u2013 marzec 2023<\/strong><\/p>\n\n\n\n<p>&#8211; sta\u017c zawodowy \u2013 6 miesi\u0119cy<\/p>\n\n\n\n<p>&#8211; indywidualne konsultacje z doradc\u0105 zawodowym<\/p>\n\n\n\n<p>&#8211; indywidualne konsultacje z psychologiem<\/p>","protected":false},"excerpt":{"rendered":"<p>Stowarzyszenie&nbsp;Integracji&nbsp;Os\u00f3b Niepe\u0142nosprawnych SION w Bartoszycach zaprasza do&nbsp;bezp\u0142atnego&nbsp;udzia\u0142u w projekcie&nbsp;\u201eDROGA KU ZATRUDNIENIU \u2013 EDYCJA II\u201d Projekt skierowany jest do 16 os\u00f3b, kt\u00f3re \u0142\u0105cznie spe\u0142niaj\u0105 nast\u0119puj\u0105ce warunki: &nbsp;&nbsp;&nbsp;&nbsp; Oferujemy: Aby zakwalifikowa\u0107 si\u0119 do udzia\u0142u w projekcie nale\u017cy: Osoby zainteresowane zapraszamy do Biura Projektu:ul. Bema 39, 11-200 Bartoszycetel. 89 762 01 75 e-mail: sionbartoszyce@wp.pl Rekrutacja trwa do 30.04.2023r. [&hellip;]<\/p>\n","protected":false},"author":1,"featured_media":0,"parent":0,"menu_order":0,"comment_status":"closed","ping_status":"closed","template":"","meta":{"site-sidebar-layout":"default","site-content-layout":"","ast-site-content-layout":"default","site-content-style":"default","site-sidebar-style":"default","ast-global-header-display":"","ast-banner-title-visibility":"","ast-main-header-display":"","ast-hfb-above-header-display":"","ast-hfb-below-header-display":"","ast-hfb-mobile-header-display":"","site-post-title":"","ast-breadcrumbs-content":"","ast-featured-img":"","footer-sml-layout":"","ast-disable-related-posts":"","theme-transparent-header-meta":"","adv-header-id-meta":"","stick-header-meta":"","header-above-stick-meta":"","header-main-stick-meta":"","header-below-stick-meta":"","astra-migrate-meta-layouts":"set","ast-page-background-enabled":"default","ast-page-background-meta":{"desktop":{"background-color":"","background-image":"","background-repeat":"repeat","background-position":"center center","background-size":"auto","background-attachment":"scroll","background-type":"","background-media":"","overlay-type":"","overlay-color":"","overlay-opacity":"","overlay-gradient":""},"tablet":{"background-color":"","background-image":"","background-repeat":"repeat","background-position":"center center","background-size":"auto","background-attachment":"scroll","background-type":"","background-media":"","overlay-type":"","overlay-color":"","overlay-opacity":"","overlay-gradient":""},"mobile":{"background-color":"","background-image":"","background-repeat":"repeat","background-position":"center center","background-size":"auto","background-attachment":"scroll","background-type":"","background-media":"","overlay-type":"","overlay-color":"","overlay-opacity":"","overlay-gradient":""}},"ast-content-background-meta":{"desktop":{"background-color":"var(--ast-global-color-5)","background-image":"","background-repeat":"repeat","background-position":"center center","background-size":"auto","background-attachment":"scroll","background-type":"","background-media":"","overlay-type":"","overlay-color":"","overlay-opacity":"","overlay-gradient":""},"tablet":{"background-color":"var(--ast-global-color-5)","background-image":"","background-repeat":"repeat","background-position":"center center","background-size":"auto","background-attachment":"scroll","background-type":"","background-media":"","overlay-type":"","overlay-color":"","overlay-opacity":"","overlay-gradient":""},"mobile":{"background-color":"var(--ast-global-color-5)","background-image":"","background-repeat":"repeat","background-position":"center center","background-size":"auto","background-attachment":"scroll","background-type":"","background-media":"","overlay-type":"","overlay-color":"","overlay-opacity":"","overlay-gradient":""}},"ngg_post_thumbnail":0,"footnotes":""},"class_list":["post-18814","page","type-page","status-publish","hentry"],"_links":{"self":[{"href":"http:\/\/sionbartoszyce.pl\/en\/wp-json\/wp\/v2\/pages\/18814","targetHints":{"allow":["GET"]}}],"collection":[{"href":"http:\/\/sionbartoszyce.pl\/en\/wp-json\/wp\/v2\/pages"}],"about":[{"href":"http:\/\/sionbartoszyce.pl\/en\/wp-json\/wp\/v2\/types\/page"}],"author":[{"embeddable":true,"href":"http:\/\/sionbartoszyce.pl\/en\/wp-json\/wp\/v2\/users\/1"}],"replies":[{"embeddable":true,"href":"http:\/\/sionbartoszyce.pl\/en\/wp-json\/wp\/v2\/comments?post=18814"}],"version-history":[{"count":7,"href":"http:\/\/sionbartoszyce.pl\/en\/wp-json\/wp\/v2\/pages\/18814\/revisions"}],"predecessor-version":[{"id":20976,"href":"http:\/\/sionbartoszyce.pl\/en\/wp-json\/wp\/v2\/pages\/18814\/revisions\/20976"}],"wp:attachment":[{"href":"http:\/\/sionbartoszyce.pl\/en\/wp-json\/wp\/v2\/media?parent=18814"}],"curies":[{"name":"wp","href":"https:\/\/api.w.org\/{rel}","templated":true}]}}