{"id":18077,"date":"2022-06-29T14:00:00","date_gmt":"2022-06-29T12:00:00","guid":{"rendered":"http:\/\/sionbartoszyce.pl\/?page_id=18077"},"modified":"2022-06-29T10:15:17","modified_gmt":"2022-06-29T08:15:17","slug":"zapytanie-ofertowe-nr-3-pfron-2022","status":"publish","type":"page","link":"http:\/\/sionbartoszyce.pl\/en\/zapytanie-ofertowe-nr-3-pfron-2022\/","title":{"rendered":"ZAPYTANIE OFERTOWE nr 3\/PFRON\/2022"},"content":{"rendered":"<div class=\"wp-block-image\"><figure class=\"alignleft size-full\"><img loading=\"lazy\" decoding=\"async\" width=\"152\" height=\"63\" src=\"http:\/\/sionbartoszyce.pl\/wp-content\/uploads\/2022\/06\/obraz.png\" alt=\"\" class=\"wp-image-18078\" srcset=\"http:\/\/sionbartoszyce.pl\/wp-content\/uploads\/2022\/06\/obraz.png 152w, http:\/\/sionbartoszyce.pl\/wp-content\/uploads\/2022\/06\/obraz-150x63.png 150w\" sizes=\"auto, (max-width: 152px) 100vw, 152px\" \/><\/figure><\/div>\n\n\n\n<p class=\"has-text-align-right\">Projekt dofinansowany ze \u015brodk\u00f3w Pa\u0144stwowego Funduszu Rehabilitacji Os\u00f3b Niepe\u0142nosprawnych&nbsp; w&nbsp;&nbsp; ramach art. 36&nbsp;&nbsp; ustawy o rehabilitacji zawodowej i spo\u0142ecznej oraz&nbsp; zatrudnianiu os\u00f3b niepe\u0142nosprawnych<\/p>\n\n\n\n<p class=\"has-text-align-center\"><strong>ZAPYTANIE OFERTOWE<\/strong><br>nr 3\/PFRON\/2022<br>na \u015bwiadczenie us\u0142ugi szkoleniowej w formie przeprowadzenia<br><strong>kursu zawodowego<\/strong><br><strong>\u201ekurs komputerowy&nbsp; ECDL Base\u201d<\/strong><br>(kod CPV nr 80500000-9-Us\u0142ugi szkoleniowe)<\/p>\n\n\n\n<p class=\"has-text-align-center\">Zapytanie ofertowe dotycz\u0105ce przeprowadzenia kursu zawodowego \u201e kurs komputerowy&nbsp; ECDL Base\u201d prowadzone jest w zwi\u0105zku z realizacj\u0105 &nbsp;<a>projektu <\/a><a>pn. \u201eDroga ku zatrudnieniu\u201d&nbsp; <\/a><a>zgodnie z umow\u0105 Nr ZZO\/000234\/14\/D z dnia 23.12.2019r. z p\u00f3\u017an. zm. w ramach art. 36 ustawy o rehabilitacji zawodowej i spo\u0142ecznej oraz zatrudnianiu os\u00f3b niepe\u0142nosprawnych<\/a><\/p>\n\n\n\n<p><strong>I. Tryb zam\u00f3wienia:<\/strong><br>Zamawiaj\u0105cy nie jest podmiotem zobowi\u0105zanym do stosowania ustawy z dnia 11 wrze\u015bnia 2019r. Prawo zam\u00f3wie\u0144 publicznych Dz. U. z 2019r.&nbsp; poz. 2019. tote\u017c post\u0119powanie prowadzone jest zgodnie z zasad\u0105 konkurencyjno\u015bci, okre\u015blon\u0105 w Wytycznych w zakresie kwalifikowalno\u015bci koszt\u00f3w w ramach art. 36 ustawy o rehabilitacji zawodowej i spo\u0142ecznej oraz zatrudnianiu os\u00f3b niepe\u0142nosprawnych z dnia 09.11.2021r. Zam\u00f3wienie stanowi\u0105ce przedmiot niniejszego post\u0119powania jest dofinansowane&nbsp; ze \u015brodk\u00f3w Pa\u0144stwowego&nbsp; Funduszu Rehabilitacji Os\u00f3b Niepe\u0142nosprawnych.<\/p>\n\n\n\n<p><strong>II. Zamawiaj\u0105cy<\/strong><br>Stowarzyszenie Integracji Os\u00f3b Niepe\u0142nosprawnych SION w Bartoszycach<br>ul. Bema 51 A<br>11-200 Bartoszyce<br>Tel. 89 762 01 75<br>strona internetowa: <a href=\"http:\/\/sionbartoszyce.pl\/en\/\">www.sionbartoszyce.pl<\/a><br>e-mail: sionbartoszyce@wp.pl<br>NIP 743-16-01-64, REGON 510651665<\/p>\n\n\n\n<p class=\"has-text-align-left\"><strong>III. Przedmiot zam\u00f3wienia<\/strong><br>Przedmiotem zam\u00f3wienia jest us\u0142uga polegaj\u0105ca na organizacji i przeprowadzeniu szkolenia&nbsp; zawodowego \u201ekurs komputerowy ECDL Base\u201d modu\u0142y B1, B2, B3, B4 dla<strong> &nbsp;5 <\/strong>os\u00f3b z niepe\u0142nosprawno\u015bciami, pozostaj\u0105cych bez zatrudnienia, w wieku 18-64 lat, z powiatu bartoszyckiego.<\/p>\n\n\n\n<p><strong>IV. Termin i miejsce wykonania zam\u00f3wienia:<\/strong><br>Wymagany termin wykonania zam\u00f3wienia: <strong>lipiec &#8211; wrzesie\u0144 &nbsp;2022.<\/strong><br>Zaj\u0119cia winny odbywa\u0107 si\u0119 od poniedzia\u0142ku do pi\u0105tku, w godzinach od 8.00 \u2013 16.00. Terminy poszczeg\u00f3lnych zaj\u0119\u0107 zostan\u0105 ustalone przez Zamawiaj\u0105cego nie p\u00f3\u017aniej ni\u017c 7 dni przed rozpocz\u0119ciem zaj\u0119\u0107. Szkolenie powinno by\u0107 przeprowadzone w systemie stacjonarnym, nie dopuszcza si\u0119 prowadzenia zaj\u0119\u0107 drog\u0105 elektroniczn\u0105, metod\u0105 e-learningu itp. Organizator szkolenia powinien zapewni\u0107 miejsce realizacji zam\u00f3wienia dost\u0119pne dla os\u00f3b z szczeg\u00f3lnymi potrzebami tj. zapewni\u0107 warunki do samodzielnego korzystania z budynku, sali dydaktycznej oraz z toalet dla os\u00f3b poruszaj\u0105cych si\u0119 na w\u00f3zkach inwalidzkich oraz dostosowa\u0107 spos\u00f3b komunikacji do Uczestnik\u00f3w\/Uczestniczek&nbsp; szkolenia.<br>Miejsce wykonywania us\u0142ugi: miasto Bartoszyce<\/p>\n\n\n\n<p><strong>V. Szczeg\u00f3\u0142owy opis przedmiotu zam\u00f3wienia:<\/strong><br>Celem szkolenia jest uzyskanie i potwierdzenie posiadania kompetencji komputerowych, umo\u017cliwiaj\u0105cych korzystanie z komputera na poziomie <a>ECDL Base<\/a>. Sprawdzenie nabycia kompetencji nast\u0105pi poprzez egzamin wewn\u0119trzny pisemny lub ustny w postaci rozmowy oceniaj\u0105cej. Nabyte kompetencje zostan\u0105 potwierdzone odpowiednim certyfikatem\/za\u015bwiadczeniem zgodnym z za\u0142\u0105cznikiem nr 5 do Rozporz\u0105dzenia Ministra Edukacji Narodowej<\/p>\n\n\n\n<p><strong>Program kursu obejmuje 150 godzin zaj\u0119\u0107 dydaktycznych.<\/strong><br>Zakres szkolenia przygotowany przez Wykonawc\u0119 powinien zawiera\u0107 co najmniej takie elementy (zaj\u0119cia teoretyczne i praktyczne) jak:<br>1) Podstawy pracy z komputerem<br>2) Podstawy pracy w sieci<br>3) Przetwarzanie tekst\u00f3w<br>4) Arkusze kalkulacyjne.<br><a>Ponadto kurs b\u0119dzie dopasowany do potrzeb i umiej\u0119tno\u015bci grupy, b\u0119dzie zawiera\u0142 r\u00f3wnie\u017c dodatkowe zagadnienia wskazane przez Beneficjent\u00f3w. Wykonawca powinien zapewni\u0107 podczas realizacji programu szkolenia materia\u0142y szkoleniowe i dydaktyczne (na w\u0142asno\u015b\u0107 Uczestnika\/Uczestniczki), dostosowane do potrzeb os\u00f3b <\/a><br><a>z niepe\u0142nosprawno\u015bciami.<\/a><\/p>\n\n\n\n<div class=\"wp-block-group is-layout-flow wp-block-group-is-layout-flow\">\n<p><strong>VI. Warunki udzia\u0142u w post\u0119powaniu<\/strong><br><strong>1. O udzielenie zam\u00f3wienia mog\u0105 ubiega\u0107 si\u0119 Oferenci, kt\u00f3rzy posiadaj\u0105:<\/strong><br>a) <span style=\"text-decoration: underline;\">Uprawnienia do wykonywania okre\u015blonej dzia\u0142alno\u015bci lub czynno\u015bci<\/span> &#8211; czynny wpis do Rejestru Instytucji Szkoleniowych prowadzony przez Wojew\u00f3dzki Urz\u0105d Pracy,<br>wa\u017cn\u0105 akredytacj\u0119 , Certyfikat Jako\u015bci ISO.<br>\u2013 <em>spe\u0142nienie warunku zostanie zweryfikowane na podstawie kopii dokument\u00f3w, kt\u00f3re nale\u017cy do\u0142\u0105czy\u0107 do oferty.<\/em><br><br>b) <span style=\"text-decoration: underline;\">Wyk\u0142adowc\u00f3w\/Instruktor\u00f3w zdolnych do wykonania zam\u00f3wienia<\/span> \u2013 posiadaj\u0105cych wykszta\u0142cenie wy\u017csze kierunkowe oraz co najmniej 3-letnie do\u015bwiadczenie zawodowe w prowadzeniu szkole\u0144 z zgodnych z tematyk\u0105 szkolenia ECDL oraz co najmniej 2- letnie do\u015bwiadczenie w prowadzeniu szkole\u0144 dla os\u00f3b z niepe\u0142nosprawno\u015bciami.<br><em>&#8211; spe\u0142nienie warunku zostanie zweryfikowane na podstawie CV Wyk\u0142adowcy potwierdzaj\u0105cego jego wykszta\u0142cenie, kwalifikacje i do\u015bwiadczenie.<\/em><br><br>c) <span style=\"text-decoration: underline;\">Potencja\u0142 techniczny odpowiedni do realizacji szkolenia<\/span> &#8211; dysponuj\u0105 co najmniej jedn\u0105 sal\u0105 szkoleniow\u0105 spe\u0142niaj<a>\u0105<\/a>c\u0105 wymogi sanitarne, na terenie miasta Bartoszyce wyposa\u017con\u0105 w co najmniej 8 stanowisk komputerowych z oprogramowaniem typu \u201epakiet biurowy\u201d, pod\u0142\u0105czonych do Internetu oraz przystosowan\u0105 do potrzeb os\u00f3b z niepe\u0142nosprawno\u015bciami &nbsp;( 2 osoby poruszaj\u0105 si\u0119 na w\u00f3zkach inwalidzkich). &nbsp;<br>&#8211; <em>spe\u0142nienie warunku zostanie zweryfikowane na podstawie do\u0142\u0105czonej informacji dotycz\u0105cej bazy lokalowej (nale\u017cy opisa\u0107 te sale\/miejsca, oraz sprz\u0119t z kt\u00f3rych Uczestnicy\/Uczestniczki kursu faktycznie b\u0119d\u0105 korzysta\u0107).<\/em><\/p>\n\n\n\n<p>d)<em> <\/em><span style=\"text-decoration: underline;\">Uprawnienia do wydawania za\u015bwiadcze\u0144<\/span><em> zgodnych <\/em>z za\u0142\u0105cznikiem nr 5 do Rozporz\u0105dzenia Ministra Edukacji Narodowej <a>z dnia 19 marca 2019 r. w sprawie kszta\u0142cenia ustawicznego w formach pozaszkolnych (Dz. U. poz. 652).<\/a><br><br>e)<span style=\"text-decoration: underline;\"> Minimum 3-letnie do\u015bwiadczenie<\/span> w prowadzeniu szkole\u0144 dla os\u00f3b z niepe\u0142nosprawno\u015bciami.<br><em>&#8211; spe\u0142nienie warunku zostanie zweryfikowane na podstawie do\u0142\u0105czonej informacji dotycz\u0105cej &nbsp;&nbsp;&nbsp;&nbsp;&nbsp;organizacji szkole\u0144 dla os\u00f3b z niepe\u0142nosprawno\u015bciami.<\/em><\/p>\n<\/div>\n\n\n\n<p><a><strong><span style=\"color:#ff0000\" class=\"has-inline-color\">Powy\u017csze kryteria udzia\u0142u w post\u0119powaniu musz\u0105 by\u0107 spe\u0142nione \u0142\u0105cznie. Niespe\u0142nienie jednego kryterium skutkuje odrzuceniem oferty.<\/span><\/strong><\/a><\/p>\n\n\n\n<p><strong>2.Aby wzi\u0105\u0107 udzia\u0142 w post\u0119powaniu Oferent zobowi\u0105zany jest przed\u0142o\u017cy\u0107 Zamawiaj\u0105cemu<\/strong> <strong>Ofert\u0119 zawieraj\u0105c\u0105:<\/strong><\/p>\n\n\n\n<ol class=\"wp-block-list\" type=\"1\"><li>Aktualny wypis z KRS lub aktualny wpis&nbsp; do ewidencji dzia\u0142alno\u015bci gospodarczej lub inny dokument potwierdzaj\u0105cy status prawny Wykonawcy, wa\u017cn\u0105 akredytacj\u0119, wpis do Rejestru Instytucji Szkoleniowych, Certyfikat Jako\u015bci ISO, Za\u015bwiadczenie o numerze identyfikacyjnym REGON oraz NIP &#8211; <strong>nie starsze ni\u017c 3 miesi\u0105ce liczone od terminu z\u0142o\u017cenia oferty. <\/strong><br><\/li><li>Formularz Oferty zawieraj\u0105cy proponowan\u0105 stawk\u0119 brutto kursu w przeliczeniu na jednego Uczestnika\/Uczestniczk\u0119 ( za\u0142\u0105cznik nr 1).<br><\/li><li>Program kursu.<br><\/li><li>Do\u015bwiadczenie Oferenta w prowadzeniu kurs\u00f3w podobnego typu, w tym dla os\u00f3b z niepe\u0142nosprawno\u015bciami.<br><\/li><li>CV wraz z dokumentami potwierdzaj\u0105cymi kwalifikacje i wiedz\u0119 Wyk\u0142adowcy\/Instruktora.<br><\/li><li>Informacj\u0119 dotycz\u0105c\u0105 bazy lokalowej <span style=\"text-decoration: underline;\">wraz z opisem u\u0142atwie\u0144 dla os\u00f3b poruszaj\u0105cych si\u0119&nbsp;&nbsp; na w\u00f3zkach inwalidzkich.<\/span><br><\/li><li>O\u015bwiadczenie o terminie i miejscu przeprowadzenia zaj\u0119\u0107 teoretycznych i praktycznych.<br><\/li><li>O\u015bwiadczenie o braku powi\u0105za\u0144 osobowych i kapita\u0142owych z Zamawiaj\u0105cym (za\u0142\u0105cznik nr 2).<br><\/li><li>Zgod\u0119 na przetwarzanie danych osobowych (za\u0142\u0105cznik nr 3).<\/li><\/ol>\n\n\n\n<p><strong><u>Koszt organizacji i przeprowadzenia szkolenia nale\u017cy skalkulowa\u0107 na jednego Uczestnika\/Uczestniczk\u0119 uwzgl\u0119dniaj\u0105c w szczeg\u00f3lno\u015bci:<\/u><\/strong><\/p>\n\n\n\n<ul class=\"wp-block-list\"><li>koszty wynagrodzenia Wyk\u0142adowc\u00f3w\/ Instruktor\u00f3w prowadz\u0105cych zaj\u0119cia,<\/li><li>koszt odpowiedniego badania lekarskiego Uczestnika\/Uczestniczki, je\u015bli kurs tego wymaga.&nbsp;<\/li><li>koszty przygotowania Uczestnikom\/Uczestniczkom wszelkich niezb\u0119dnych materia\u0142\u00f3w dydaktycznych (uwzgl\u0119dniaj\u0105cych specyficzne potrzeby os\u00f3b z niepe\u0142nosprawno\u015bciami),<\/li><li>koszty przeprowadzenia egzaminu wewn\u0119trznego, <\/li><li>koszty cateringu dla Uczestnik\u00f3w\/Uczestniczek zaj\u0119\u0107 (serwis kawowy: kawa, herbata, woda mineralna, pocz\u0119stunek oraz ciep\u0142y posi\u0142ek)<\/li><\/ul>\n\n\n\n<p><strong>VII. Kryterium wyboru i spos\u00f3b oceny oferty:<\/strong><br>1. Oferty zostan\u0105 ocenione przez Zamawiaj\u0105cego w oparciu o nast\u0119puj\u0105ce kryteria i ich znaczenie:<\/p>\n\n\n\n<figure class=\"wp-block-table\"><table><tbody><tr><td><strong>&nbsp;<\/strong> <strong>Kryterium oceny oferty:<\/strong><\/td><td class=\"has-text-align-center\" data-align=\"center\"><strong>Znaczenie procentowe<\/strong><\/td><td class=\"has-text-align-center\" data-align=\"center\"><strong>Maksymalna liczba punkt\u00f3w jakie mo\u017ce otrzyma\u0107 oferta za dane kryterium<\/strong><\/td><\/tr><tr><td>Cena ofertowa brutto<\/td><td class=\"has-text-align-center\" data-align=\"center\">60%<\/td><td class=\"has-text-align-center\" data-align=\"center\">60<\/td><\/tr><tr><td>Do\u015bwiadczenie instytucji szkoleniowej &nbsp;w zakresie prowadzenia grupowych szkole\u0144 w obszarze tematycznym zgodnym z przedmiotem zam\u00f3wienia, w <strong>okresie ostatnich 3 lat<\/strong> <br>&#8211; 400 godz. i wi\u0119cej \u2013 20 pkt.<br>&#8211; 399 godz. &#8211; 200 godz.\u2013 10 pkt.<br>&#8211; poni\u017cej 200 godz. \u2013 0 pkt.<\/td><td class=\"has-text-align-center\" data-align=\"center\">20%<\/td><td class=\"has-text-align-center\" data-align=\"center\">20<\/td><\/tr><tr><td>Do\u015bwiadczenie instytucji szkoleniowej <br>w zakresie prowadzenia grupowych szkole\u0144 <br>w obszarze tematycznym, obejmuj\u0105cym <strong><u>jedynie osoby niepe\u0142nosprawne<\/u> &nbsp;<\/strong><br><strong>w okresie ostatnich 3 lat<\/strong><br>&#8211; 200 godz. i wi\u0119cej &nbsp;\u2013 20 pkt.<br>&#8211; 199 &#8211; 100 godz. \u2013 10 pkt.<br>&#8211; poni\u017cej 100 godz. \u2013 0 pkt.<\/td><td class=\"has-text-align-center\" data-align=\"center\">20%<\/td><td class=\"has-text-align-center\" data-align=\"center\">20<\/td><\/tr><\/tbody><\/table><\/figure>\n\n\n\n<p>b) spos\u00f3b oceny oferty:<\/p>\n\n\n\n<p><strong>Punkty za kryterium \u201eCena\u201d b\u0119d\u0105 obliczone wg poni\u017cszego wzoru:<\/strong><br>C = (CN \/ CR) x 60% x 100<\/p>\n\n\n\n<p>C \u2013 liczba punkt\u00f3w dla kryterium \u201ecena\u201d<br>CN \u2013 najni\u017csza oferowana cena<br>CR \u2013 cena oferty rozpatrywanej<\/p>\n\n\n\n<p>Wynik powy\u017cszego dzia\u0142ania zostanie zaokr\u0105glony do 2 miejsc po przecinku. W kryterium \u201eCena\u201d Oferent mo\u017ce otrzyma\u0107 maksymalnie 60 pkt.<\/p>\n\n\n\n<p><strong>Punkty za kryterium \u201eDo\u015bwiadczenie instytucji szkoleniowej&nbsp; w zakresie prowadzenia grupowych szkole\u0144 w obszarze tematycznym zgodnym z przedmiotem zam\u00f3wienia, w okresie ostatnich 3 lat<\/strong> <strong>\u201d b\u0119d\u0105 obliczone w nast\u0119puj\u0105cy spos\u00f3b:<\/strong><\/p>\n\n\n\n<ul class=\"wp-block-list\"><li>400 godz. i wi\u0119cej \u2013 20 pkt.<\/li><li>399 godz. &#8211; 200 godz.\u2013 10 pkt.<\/li><li>poni\u017cej 200 godz. \u2013 0 pkt.<\/li><\/ul>\n\n\n\n<p>W kryterium \u201eDo\u015bwiadczenie instytucji szkoleniowej&nbsp; w zakresie prowadzenia grupowych szkole\u0144 w obszarze tematycznym zgodnym z przedmiotem zam\u00f3wienia, w okresie ostatnich 3 lat &#8221; Oferent mo\u017ce otrzyma\u0107 maksymalnie 20 pkt. Punkty nie podlegaj\u0105 zsumowaniu.<\/p>\n\n\n\n<p><strong>Punkty za kryterium \u201eDo\u015bwiadczenie instytucji szkoleniowej w zakresie prowadzenia grupowych szkole\u0144 w obszarze tematycznym, obejmuj\u0105cym <u>jedynie osoby niepe\u0142nosprawne<\/u> &nbsp;w okresie ostatnich 3 lat \u201db\u0119d\u0105 obliczone w nast\u0119puj\u0105cy spos\u00f3b:<\/strong><\/p>\n\n\n\n<ul class=\"wp-block-list\"><li>200 godz. i wi\u0119cej&nbsp; \u2013 20 pkt.<\/li><li>199 &#8211; 100 godz. \u2013 10 pkt.<\/li><li>poni\u017cej 100 godz. \u2013 0 pkt.<strong><\/strong><\/li><\/ul>\n\n\n\n<p>W kryterium \u201eDo\u015bwiadczenie instytucji szkoleniowej w zakresie prowadzenia grupowych szkole\u0144 w obszarze tematycznym, obejmuj\u0105cym <span style=\"text-decoration: underline;\">jedynie osoby niepe\u0142nosprawne<\/span> <br>w okresie ostatnich 3 lat\u201d &nbsp;Oferent mo\u017ce otrzyma\u0107 maksymalnie 20 pkt. Punkty nie podlegaj\u0105 zsumowaniu.<\/p>\n\n\n\n<p><strong><span style=\"color:#ff0000\" class=\"has-inline-color\">Kryterium spe\u0142nienia oferty weryfikowane b\u0119dzie na podstawie kopii um\u00f3w, za\u015bwiadcze\u0144 lub referencji przed\u0142o\u017conych przez Oferenta.<\/span><\/strong><\/p>\n\n\n\n<p>2. Ostateczna ocena punktowa oferty:<br>Wykonawca maksymalnie mo\u017ce zdoby\u0107 100 pkt.<br>Za najkorzystniejsz\u0105 zostanie uznana oferta, nie podlegaj\u0105ca odrzuceniu, kt\u00f3ra po zsumowaniu przyznanych punkt\u00f3w otrzyma ich najwi\u0119ksza liczb\u0119. Je\u017celi nie mo\u017cna wybra\u0107 oferty najkorzystniejszej z uwagi na to, \u017ce dwie lub wi\u0119cej ofert przedstawia taki sam bilans ceny i innych kryteri\u00f3w oceny ofert, Zamawiaj\u0105cy spo\u015br\u00f3d tych ofert wybiera ofert\u0119 z cen\u0105 ni\u017csz\u0105.<\/p>\n\n\n\n<p><a><strong>VIII. Odrzucenie oferty<\/strong><\/a><br>Z post\u0119powania zostanie odrzucona oferta:<br><\/p>\n\n\n\n<ol class=\"wp-block-list\" type=\"1\"><li>Je\u017celi Oferent nie spe\u0142nia warunk\u00f3w udzia\u0142u w post\u0119powaniu okre\u015blonych przez Zamawiaj\u0105cego w niniejszym Zapytaniu Ofertowym.<\/li><li>Je\u017celi Oferta zosta\u0142a z\u0142o\u017cona po terminie.<\/li><li>Zamawiaj\u0105cy zastrzega sobie prawo do wyboru tylko tych ofert, kt\u00f3rych warto\u015b\u0107 nie przekroczy kwoty mo\u017cliwej do zakontraktowania okre\u015blonej we wniosku o dofinansowanie projektu (kwota warto\u015bci zam\u00f3wienia).<\/li><li>Zamawiaj\u0105cy zastrzega sobie prawo \u017c\u0105dania do szczeg\u00f3\u0142owych informacji i wyja\u015bnie\u0144 od oferent\u00f3w na ka\u017cdym etapie post\u0119powania. W przypadku braku udzielenia wyja\u015bnienia w wyznaczonym terminie, Zamawiaj\u0105cy uprawniony b\u0119dzie do odrzucenia oferty.<\/li><li>Nie jest dopuszczalne sk\u0142adanie ofert cz\u0119\u015bciowych, wariantowych lub uzupe\u0142niaj\u0105cych.<\/li><\/ol>\n\n\n\n<p><a><strong>IX. Postanowienia og\u00f3lne<\/strong><\/a><\/p>\n\n\n\n<p>1.Zamawiaj\u0105cy zastrzega sobie mo\u017cliwo\u015b\u0107 zmiany lub uzupe\u0142nienia tre\u015bci Zapytania Ofertowego, przed up\u0142ywem terminu na sk\u0142adanie ofert.<br>2.Zamawiaj\u0105cy zastrzega sobie prawo do uniewa\u017cnienia zapytania ofertowego, bez podania przyczyny, w przypadku okoliczno\u015bci, kt\u00f3re nie by\u0142y znane w dniu sporz\u0105dzania niniejszego zapytania ofertowego.<br>3.Do post\u0119powania nie maj\u0105 zastosowania przepisy ustawy <a>z dnia 11 wrze\u015bnia 2019 r. Prawo zam\u00f3wie\u0144 publicznych Dz. U. z 2019 r. poz. 2019.<\/a><\/p>\n\n\n\n<p><a><strong>X. Termin i miejsce sk\u0142adania oferty:<\/strong><\/a><br><a>Termin z\u0142o\u017cenia oferty up\u0142ywa: <strong>08.07.2022r.<\/strong><\/a><strong>&nbsp; do godz. 12.30. <\/strong>Ofert\u0119 nale\u017cy z\u0142o\u017cy\u0107 w Zak\u0142adzie Aktywno\u015bci Zawodowej dzia\u0142aj\u0105cym przy SION w Bartoszycach &nbsp;ul Bema 39 11- 200 Bartoszyce (biuro czynne w godzinach 7.30- 15.30), b\u0105d\u017a przes\u0142a\u0107 poczt\u0105 tradycyjn\u0105 na adres Stowarzyszenie Integracji Os\u00f3b Niepe\u0142nosprawnych ul. Bema 51 a, 11-200 Bartoszyce.<br>Oferta powinna by\u0107 przygotowana w zamkni\u0119tej kopercie z dopiskiem: \u201eOferta na realizacj\u0119 kursu zawodowego&nbsp; kurs komputerowy ECDL BAZE &#8211; nie otwiera\u0107 przed dniem: 08.07.2022r.\u201d. Otwarcie ofert nast\u0105pi 08.07.2022 o godz. 12.45. O wyborze najkorzystniejszej oferty Zamawiaj\u0105cy zawiadomi niezw\u0142ocznie wszystkie osoby, kt\u00f3re przes\u0142a\u0142y oferty w ustalonym terminie.<a> <\/a>Informacja o wyborze najkorzystniejszej oferty i udzieleniu zam\u00f3wienia, b\u0119dzie umieszczona na stronie internetowej Zamawiaj\u0105cego niezw\u0142ocznie po zaka\u0144czaniu post\u0119powania.<\/p>\n\n\n\n<p><\/p>\n\n\n\n<p><\/p>\n\n\n\n<p>Za\u0142\u0105czniki:<br>Za\u0142\u0105cznik nr 1. <a href=\"http:\/\/sionbartoszyce.pl\/wp-content\/uploads\/2022\/06\/Formularz-Oferty.docx\"><span class=\"has-inline-color has-ast-global-color-0-color\"><strong>Formularz oferty<\/strong><\/span><\/a><br>Za\u0142\u0105cznik nr 2. <a href=\"http:\/\/sionbartoszyce.pl\/wp-content\/uploads\/2022\/06\/Oswiadczenie-oferenta.docx\"><strong><span class=\"has-inline-color has-ast-global-color-0-color\">O\u015bwiadczenie o braku powi\u0105za\u0144 osobowych i kapita\u0142owych<\/span><\/strong><\/a><br>Za\u0142\u0105cznik nr 3.<span class=\"has-inline-color has-ast-global-color-0-color\"> <\/span><a href=\"http:\/\/sionbartoszyce.pl\/wp-content\/uploads\/2022\/06\/Klauzula-Informacyjna.docx\"><span class=\"has-inline-color has-ast-global-color-0-color\"><strong>Zgoda na przetwarzanie danych osobowych<\/strong><\/span><\/a><\/p>\n\n\n\n<p class=\"has-text-align-center\"><strong><em>Zapraszamy do sk\u0142adania ofert<\/em><\/strong><\/p>\n\n\n\n<p><\/p>\n\n\n\n<p class=\"has-text-align-center\"><strong>Projekt \u201eDroga ku zatrudnieniu\u201d<\/strong><br><strong>Biuro projektu: ul. Bema 39, 11-200 Bartoszyce, <\/strong><br><strong>tel. 89 762 01 75<\/strong><\/p>","protected":false},"excerpt":{"rendered":"<p>Projekt dofinansowany ze \u015brodk\u00f3w Pa\u0144stwowego Funduszu Rehabilitacji Os\u00f3b Niepe\u0142nosprawnych&nbsp; w&nbsp;&nbsp; ramach art. 36&nbsp;&nbsp; ustawy o rehabilitacji zawodowej i spo\u0142ecznej oraz&nbsp; zatrudnianiu os\u00f3b niepe\u0142nosprawnych ZAPYTANIE OFERTOWEnr 3\/PFRON\/2022na \u015bwiadczenie us\u0142ugi szkoleniowej w formie przeprowadzeniakursu zawodowego\u201ekurs komputerowy&nbsp; ECDL Base\u201d(kod CPV nr 80500000-9-Us\u0142ugi szkoleniowe) Zapytanie ofertowe dotycz\u0105ce przeprowadzenia kursu zawodowego \u201e kurs komputerowy&nbsp; ECDL Base\u201d prowadzone jest w zwi\u0105zku [&hellip;]<\/p>\n","protected":false},"author":1,"featured_media":0,"parent":0,"menu_order":0,"comment_status":"closed","ping_status":"closed","template":"","meta":{"site-sidebar-layout":"default","site-content-layout":"","ast-site-content-layout":"default","site-content-style":"default","site-sidebar-style":"default","ast-global-header-display":"","ast-banner-title-visibility":"","ast-main-header-display":"","ast-hfb-above-header-display":"","ast-hfb-below-header-display":"","ast-hfb-mobile-header-display":"","site-post-title":"","ast-breadcrumbs-content":"","ast-featured-img":"","footer-sml-layout":"","ast-disable-related-posts":"","theme-transparent-header-meta":"","adv-header-id-meta":"","stick-header-meta":"","header-above-stick-meta":"","header-main-stick-meta":"","header-below-stick-meta":"","astra-migrate-meta-layouts":"default","ast-page-background-enabled":"default","ast-page-background-meta":{"desktop":{"background-color":"","background-image":"","background-repeat":"repeat","background-position":"center center","background-size":"auto","background-attachment":"scroll","background-type":"","background-media":"","overlay-type":"","overlay-color":"","overlay-opacity":"","overlay-gradient":""},"tablet":{"background-color":"","background-image":"","background-repeat":"repeat","background-position":"center center","background-size":"auto","background-attachment":"scroll","background-type":"","background-media":"","overlay-type":"","overlay-color":"","overlay-opacity":"","overlay-gradient":""},"mobile":{"background-color":"","background-image":"","background-repeat":"repeat","background-position":"center center","background-size":"auto","background-attachment":"scroll","background-type":"","background-media":"","overlay-type":"","overlay-color":"","overlay-opacity":"","overlay-gradient":""}},"ast-content-background-meta":{"desktop":{"background-color":"var(--ast-global-color-5)","background-image":"","background-repeat":"repeat","background-position":"center center","background-size":"auto","background-attachment":"scroll","background-type":"","background-media":"","overlay-type":"","overlay-color":"","overlay-opacity":"","overlay-gradient":""},"tablet":{"background-color":"var(--ast-global-color-5)","background-image":"","background-repeat":"repeat","background-position":"center center","background-size":"auto","background-attachment":"scroll","background-type":"","background-media":"","overlay-type":"","overlay-color":"","overlay-opacity":"","overlay-gradient":""},"mobile":{"background-color":"var(--ast-global-color-5)","background-image":"","background-repeat":"repeat","background-position":"center center","background-size":"auto","background-attachment":"scroll","background-type":"","background-media":"","overlay-type":"","overlay-color":"","overlay-opacity":"","overlay-gradient":""}},"ngg_post_thumbnail":0,"footnotes":""},"class_list":["post-18077","page","type-page","status-publish","hentry"],"_links":{"self":[{"href":"http:\/\/sionbartoszyce.pl\/en\/wp-json\/wp\/v2\/pages\/18077","targetHints":{"allow":["GET"]}}],"collection":[{"href":"http:\/\/sionbartoszyce.pl\/en\/wp-json\/wp\/v2\/pages"}],"about":[{"href":"http:\/\/sionbartoszyce.pl\/en\/wp-json\/wp\/v2\/types\/page"}],"author":[{"embeddable":true,"href":"http:\/\/sionbartoszyce.pl\/en\/wp-json\/wp\/v2\/users\/1"}],"replies":[{"embeddable":true,"href":"http:\/\/sionbartoszyce.pl\/en\/wp-json\/wp\/v2\/comments?post=18077"}],"version-history":[{"count":3,"href":"http:\/\/sionbartoszyce.pl\/en\/wp-json\/wp\/v2\/pages\/18077\/revisions"}],"predecessor-version":[{"id":18100,"href":"http:\/\/sionbartoszyce.pl\/en\/wp-json\/wp\/v2\/pages\/18077\/revisions\/18100"}],"wp:attachment":[{"href":"http:\/\/sionbartoszyce.pl\/en\/wp-json\/wp\/v2\/media?parent=18077"}],"curies":[{"name":"wp","href":"https:\/\/api.w.org\/{rel}","templated":true}]}}