{"id":18076,"date":"2022-06-29T14:00:00","date_gmt":"2022-06-29T12:00:00","guid":{"rendered":"http:\/\/sionbartoszyce.pl\/?page_id=18076"},"modified":"2022-06-29T10:14:41","modified_gmt":"2022-06-29T08:14:41","slug":"oferty-na-przeprowadzenie-kursow-zawodowych-w-ramach-projektu-droga-ku-zatrudnieniu","status":"publish","type":"page","link":"http:\/\/sionbartoszyce.pl\/en\/oferty-na-przeprowadzenie-kursow-zawodowych-w-ramach-projektu-droga-ku-zatrudnieniu\/","title":{"rendered":"Oferty na przeprowadzenie kurs\u00f3w Zawodowych w ramach projektu &#8222;Droga ku zatrudnieniu&#8221;"},"content":{"rendered":"<p class=\"has-text-align-right\">Bartoszyce, 29.06.2022r.<\/p>\n\n\n\n<p class=\"has-text-align-left\">Stowarzyszenie Integracji Os\u00f3b Niepe\u0142nosprawnych SION&nbsp;&nbsp;&nbsp;&nbsp;&nbsp;&nbsp;&nbsp;&nbsp;&nbsp;&nbsp;&nbsp;&nbsp;&nbsp;&nbsp;&nbsp;&nbsp;&nbsp;&nbsp;&nbsp;&nbsp;&nbsp;&nbsp;&nbsp;&nbsp;&nbsp;&nbsp;&nbsp;&nbsp;&nbsp;&nbsp;&nbsp;&nbsp;&nbsp; &nbsp;&nbsp;&nbsp;&nbsp;&nbsp;&nbsp;&nbsp;&nbsp;&nbsp;<br>w Bartoszycach<br>ul. Bema 51 A<br>11-200 Bartoszyce<br>tel. 0 89&nbsp;762 01 75<br>e-mail: sionbartoszyce@wp.pl&nbsp;&nbsp;&nbsp;&nbsp;&nbsp;&nbsp;&nbsp;&nbsp;&nbsp;&nbsp;&nbsp;&nbsp;&nbsp;&nbsp;&nbsp;&nbsp;&nbsp;&nbsp;&nbsp;&nbsp;&nbsp;&nbsp;&nbsp;&nbsp;&nbsp;&nbsp;&nbsp;&nbsp;&nbsp;&nbsp;&nbsp;&nbsp;&nbsp;&nbsp;&nbsp;&nbsp;&nbsp;&nbsp;&nbsp;&nbsp;&nbsp;&nbsp;&nbsp;&nbsp;&nbsp;&nbsp;&nbsp;&nbsp;&nbsp;&nbsp;&nbsp;&nbsp;&nbsp;&nbsp;&nbsp;&nbsp;<\/p>\n\n\n\n<p class=\"has-text-align-left\">Szanowni Pa\u0144stwo,<\/p>\n\n\n\n<p>&nbsp;&nbsp;&nbsp;&nbsp;&nbsp;&nbsp;&nbsp;&nbsp;&nbsp;&nbsp;&nbsp;&nbsp;&nbsp;&nbsp;&nbsp;&nbsp;&nbsp;&nbsp;&nbsp; Stowarzyszenie Integracji Os\u00f3b Niepe\u0142nosprawnych SION w Bartoszycach&nbsp; zaprasza do sk\u0142adania ofert na przeprowadzenie kurs\u00f3w zawodowych &nbsp;realizowanych w ramach w projektu pn. \u201eDroga ku zatrudnieniu\u201d&nbsp; zgodnie z umow\u0105 Nr ZZO\/000234\/14\/D z dnia 23.12.2019r. z p\u00f3\u017an. zm. w ramach art. 36 ustawy o rehabilitacji zawodowej i spo\u0142ecznej oraz zatrudnianiu os\u00f3b niepe\u0142nosprawnych.<\/p>\n\n\n\n<p>Termin sk\u0142adania ofert up\u0142ywa <a>08.07.2022r. &nbsp;<\/a>godz. 12.30<br><br><strong><a href=\"http:\/\/sionbartoszyce.pl\/en\/zapytanie-ofertowe-nr-3-pfron-2022\/\"><span class=\"has-inline-color has-ast-global-color-0-color\">kurs zawodowy &#8222;kurs komputerowy ECDL Base&#8221;<\/span><\/a><\/strong><a href=\"http:\/\/sionbartoszyce.pl\/en\/zapytanie-ofertowe-nr-3-pfron-2022\/\"><br><\/a><a href=\"http:\/\/sionbartoszyce.pl\/en\/zapytanie-ofertowe-nr-2-pfron-2022\/\"><span class=\"has-inline-color has-ast-global-color-0-color\"><strong>kurs zawodowy \u201epomocnik kucharza\u201d<\/strong> <\/span><\/a><br><a href=\"http:\/\/sionbartoszyce.pl\/en\/zapytanie-ofertowe-nr-1-pfron-2022\/\"><strong><span class=\"has-inline-color has-ast-global-color-0-color\">kurs zawodowy &#8222;pracownik gospodarczy&#8221;<\/span><\/strong><\/a><br><span class=\"has-inline-color has-ast-global-color-0-color\"><\/span><\/p>","protected":false},"excerpt":{"rendered":"<p>Bartoszyce, 29.06.2022r. Stowarzyszenie Integracji Os\u00f3b Niepe\u0142nosprawnych SION&nbsp;&nbsp;&nbsp;&nbsp;&nbsp;&nbsp;&nbsp;&nbsp;&nbsp;&nbsp;&nbsp;&nbsp;&nbsp;&nbsp;&nbsp;&nbsp;&nbsp;&nbsp;&nbsp;&nbsp;&nbsp;&nbsp;&nbsp;&nbsp;&nbsp;&nbsp;&nbsp;&nbsp;&nbsp;&nbsp;&nbsp;&nbsp;&nbsp; &nbsp;&nbsp;&nbsp;&nbsp;&nbsp;&nbsp;&nbsp;&nbsp;&nbsp;w Bartoszycachul. Bema 51 A11-200 Bartoszycetel. 0 89&nbsp;762 01 75e-mail: sionbartoszyce@wp.pl&nbsp;&nbsp;&nbsp;&nbsp;&nbsp;&nbsp;&nbsp;&nbsp;&nbsp;&nbsp;&nbsp;&nbsp;&nbsp;&nbsp;&nbsp;&nbsp;&nbsp;&nbsp;&nbsp;&nbsp;&nbsp;&nbsp;&nbsp;&nbsp;&nbsp;&nbsp;&nbsp;&nbsp;&nbsp;&nbsp;&nbsp;&nbsp;&nbsp;&nbsp;&nbsp;&nbsp;&nbsp;&nbsp;&nbsp;&nbsp;&nbsp;&nbsp;&nbsp;&nbsp;&nbsp;&nbsp;&nbsp;&nbsp;&nbsp;&nbsp;&nbsp;&nbsp;&nbsp;&nbsp;&nbsp;&nbsp; Szanowni Pa\u0144stwo, &nbsp;&nbsp;&nbsp;&nbsp;&nbsp;&nbsp;&nbsp;&nbsp;&nbsp;&nbsp;&nbsp;&nbsp;&nbsp;&nbsp;&nbsp;&nbsp;&nbsp;&nbsp;&nbsp; Stowarzyszenie Integracji Os\u00f3b Niepe\u0142nosprawnych SION w Bartoszycach&nbsp; zaprasza do sk\u0142adania ofert na przeprowadzenie kurs\u00f3w zawodowych &nbsp;realizowanych w ramach w projektu pn. \u201eDroga ku zatrudnieniu\u201d&nbsp; zgodnie z umow\u0105 Nr ZZO\/000234\/14\/D z dnia 23.12.2019r. z p\u00f3\u017an. [&hellip;]<\/p>\n","protected":false},"author":1,"featured_media":0,"parent":0,"menu_order":0,"comment_status":"closed","ping_status":"closed","template":"","meta":{"site-sidebar-layout":"default","site-content-layout":"","ast-site-content-layout":"default","site-content-style":"default","site-sidebar-style":"default","ast-global-header-display":"","ast-banner-title-visibility":"","ast-main-header-display":"","ast-hfb-above-header-display":"","ast-hfb-below-header-display":"","ast-hfb-mobile-header-display":"","site-post-title":"","ast-breadcrumbs-content":"","ast-featured-img":"","footer-sml-layout":"","ast-disable-related-posts":"","theme-transparent-header-meta":"","adv-header-id-meta":"","stick-header-meta":"","header-above-stick-meta":"","header-main-stick-meta":"","header-below-stick-meta":"","astra-migrate-meta-layouts":"default","ast-page-background-enabled":"default","ast-page-background-meta":{"desktop":{"background-color":"","background-image":"","background-repeat":"repeat","background-position":"center center","background-size":"auto","background-attachment":"scroll","background-type":"","background-media":"","overlay-type":"","overlay-color":"","overlay-opacity":"","overlay-gradient":""},"tablet":{"background-color":"","background-image":"","background-repeat":"repeat","background-position":"center center","background-size":"auto","background-attachment":"scroll","background-type":"","background-media":"","overlay-type":"","overlay-color":"","overlay-opacity":"","overlay-gradient":""},"mobile":{"background-color":"","background-image":"","background-repeat":"repeat","background-position":"center center","background-size":"auto","background-attachment":"scroll","background-type":"","background-media":"","overlay-type":"","overlay-color":"","overlay-opacity":"","overlay-gradient":""}},"ast-content-background-meta":{"desktop":{"background-color":"var(--ast-global-color-5)","background-image":"","background-repeat":"repeat","background-position":"center center","background-size":"auto","background-attachment":"scroll","background-type":"","background-media":"","overlay-type":"","overlay-color":"","overlay-opacity":"","overlay-gradient":""},"tablet":{"background-color":"var(--ast-global-color-5)","background-image":"","background-repeat":"repeat","background-position":"center center","background-size":"auto","background-attachment":"scroll","background-type":"","background-media":"","overlay-type":"","overlay-color":"","overlay-opacity":"","overlay-gradient":""},"mobile":{"background-color":"var(--ast-global-color-5)","background-image":"","background-repeat":"repeat","background-position":"center center","background-size":"auto","background-attachment":"scroll","background-type":"","background-media":"","overlay-type":"","overlay-color":"","overlay-opacity":"","overlay-gradient":""}},"ngg_post_thumbnail":0,"footnotes":""},"class_list":["post-18076","page","type-page","status-publish","hentry"],"_links":{"self":[{"href":"http:\/\/sionbartoszyce.pl\/en\/wp-json\/wp\/v2\/pages\/18076","targetHints":{"allow":["GET"]}}],"collection":[{"href":"http:\/\/sionbartoszyce.pl\/en\/wp-json\/wp\/v2\/pages"}],"about":[{"href":"http:\/\/sionbartoszyce.pl\/en\/wp-json\/wp\/v2\/types\/page"}],"author":[{"embeddable":true,"href":"http:\/\/sionbartoszyce.pl\/en\/wp-json\/wp\/v2\/users\/1"}],"replies":[{"embeddable":true,"href":"http:\/\/sionbartoszyce.pl\/en\/wp-json\/wp\/v2\/comments?post=18076"}],"version-history":[{"count":4,"href":"http:\/\/sionbartoszyce.pl\/en\/wp-json\/wp\/v2\/pages\/18076\/revisions"}],"predecessor-version":[{"id":18102,"href":"http:\/\/sionbartoszyce.pl\/en\/wp-json\/wp\/v2\/pages\/18076\/revisions\/18102"}],"wp:attachment":[{"href":"http:\/\/sionbartoszyce.pl\/en\/wp-json\/wp\/v2\/media?parent=18076"}],"curies":[{"name":"wp","href":"https:\/\/api.w.org\/{rel}","templated":true}]}}