{"id":17812,"date":"2022-05-04T09:53:46","date_gmt":"2022-05-04T07:53:46","guid":{"rendered":"http:\/\/sionbartoszyce.pl\/?page_id=17812"},"modified":"2025-07-10T15:37:14","modified_gmt":"2025-07-10T13:37:14","slug":"centrum-wsparcia-osob-niepelnosprawnych-siegamy-po-sukces","status":"publish","type":"page","link":"http:\/\/sionbartoszyce.pl\/en\/centrum-wsparcia-osob-niepelnosprawnych-siegamy-po-sukces\/","title":{"rendered":"Centrum Wsparcia Os\u00f3b Niepe\u0142nosprawnych &#8222;Si\u0119gamy po sukces&#8221;"},"content":{"rendered":"<figure class=\"wp-block-image alignright size-full\"><img loading=\"lazy\" decoding=\"async\" width=\"204\" height=\"101\" src=\"http:\/\/sionbartoszyce.pl\/wp-content\/uploads\/2022\/05\/obraz-1.png\" alt=\"\" class=\"wp-image-17814\"\/><\/figure>\n\n\n\n<figure class=\"wp-block-image size-full\"><img loading=\"lazy\" decoding=\"async\" width=\"111\" height=\"101\" src=\"http:\/\/sionbartoszyce.pl\/wp-content\/uploads\/2022\/05\/obraz.png\" alt=\"\" class=\"wp-image-17813\"\/><\/figure>\n\n\n\n<p class=\"has-text-align-center\">Stowarzyszenie Integracji Os\u00f3b Niepe\u0142nosprawnych SION w Bartoszycach<br>&nbsp;realizuje projekt pod nazw\u0105:<br><strong>Centrum Wsparcia Os\u00f3b Niepe\u0142nosprawnych<br>\u201eSi\u0119gamy po sukces\u201d<\/strong><\/p>\n\n\n\n<p class=\"has-text-align-center\">Projekt &nbsp;dofinansowany jest ze \u015brodk\u00f3w<br><strong>Pa\u0144stwowego Funduszu Rehabilitacji Os\u00f3b Niepe\u0142nosprawnych<\/strong><br>na podstawie art. 36 ustawy z dnia 27 sierpnia 1997 roku o rehabilitacji zawodowej<br>i spo\u0142ecznej oraz zatrudnianiu os\u00f3b niepe\u0142nosprawnych w ramach<br>Konkursu 1\/2021 pn. \u201eSi\u0119gamy po sukces\u201d<\/p>\n\n\n\n<p class=\"has-text-align-center\"><strong>Celem projektu jest zwi\u0119kszenie samodzielno\u015bci oraz osi\u0105gni\u0119cie indywidualnego sukcesu 75 os\u00f3b z niepe\u0142nosprawno\u015bciami<br>z powiatu bartoszyckiego poprzez zorganizowanie i przeprowadzenie<br>zaj\u0119\u0107 rehabilitacyjnych oraz terapeutycznych.<\/strong><\/p>\n\n\n\n<p class=\"has-text-align-center\"><strong>Termin realizacji projektu w trzecim okresie finansowania:<br>01.04.2024r. do&nbsp; 31.03.2025r.<\/strong><\/p>\n\n\n\n<p class=\"has-text-align-center\">W ramach projektu oferujemy bezp\u0142atne, wsparcie w formie:<\/p>\n\n\n\n<p class=\"has-text-align-center\">wsparcia psychologicznego, zaj\u0119\u0107 rehabilitacyjnych, zaj\u0119\u0107 terapeutycznych dla os\u00f3b<br>z autyzmem i zespo\u0142em Aspergera, zaj\u0119\u0107 logopedycznych, zaj\u0119\u0107 neurologopedycznych, zaj\u0119\u0107 integracji sensorycznej, terapii zaj\u0119ciowej, masa\u017cu klasycznego, wsparcia wolontariuszy oraz rehabilitacji domowej.<\/p>\n\n\n\n<p class=\"has-text-align-center\"><strong>Biuro projektu: ul. Bema 51 A, 11-200 Bartoszyce<\/strong><br><strong>Tel: 89&nbsp;764 04 77<\/strong><br><strong>e-mail: <\/strong><a href=\"mailto:sionbartoszyce@wp.pl\"><strong>sionbartoszyce@wp.pl<\/strong><\/a><\/p>\n\n\n\n<figure class=\"wp-block-image size-large\"><img loading=\"lazy\" decoding=\"async\" width=\"721\" height=\"1024\" src=\"http:\/\/sionbartoszyce.pl\/wp-content\/uploads\/2024\/06\/0ecccb1baa1e4499a94a713f24ace070NyYiQz6t8qhVTN2j-0-721x1024.jpg\" alt=\"\" class=\"wp-image-20408\" srcset=\"http:\/\/sionbartoszyce.pl\/wp-content\/uploads\/2024\/06\/0ecccb1baa1e4499a94a713f24ace070NyYiQz6t8qhVTN2j-0-721x1024.jpg 721w, http:\/\/sionbartoszyce.pl\/wp-content\/uploads\/2024\/06\/0ecccb1baa1e4499a94a713f24ace070NyYiQz6t8qhVTN2j-0-rotated-600x852.jpg 600w, http:\/\/sionbartoszyce.pl\/wp-content\/uploads\/2024\/06\/0ecccb1baa1e4499a94a713f24ace070NyYiQz6t8qhVTN2j-0-211x300.jpg 211w, http:\/\/sionbartoszyce.pl\/wp-content\/uploads\/2024\/06\/0ecccb1baa1e4499a94a713f24ace070NyYiQz6t8qhVTN2j-0-rotated.jpg 768w\" sizes=\"auto, (max-width: 721px) 100vw, 721px\" \/><\/figure>\n\n\n\n<figure class=\"wp-block-image size-large\"><img loading=\"lazy\" decoding=\"async\" width=\"721\" height=\"1024\" src=\"http:\/\/sionbartoszyce.pl\/wp-content\/uploads\/2024\/06\/0ecccb1baa1e4499a94a713f24ace070NyYiQz6t8qhVTN2j-1-721x1024.jpg\" alt=\"\" class=\"wp-image-20409\" srcset=\"http:\/\/sionbartoszyce.pl\/wp-content\/uploads\/2024\/06\/0ecccb1baa1e4499a94a713f24ace070NyYiQz6t8qhVTN2j-1-721x1024.jpg 721w, http:\/\/sionbartoszyce.pl\/wp-content\/uploads\/2024\/06\/0ecccb1baa1e4499a94a713f24ace070NyYiQz6t8qhVTN2j-1-rotated-600x852.jpg 600w, http:\/\/sionbartoszyce.pl\/wp-content\/uploads\/2024\/06\/0ecccb1baa1e4499a94a713f24ace070NyYiQz6t8qhVTN2j-1-211x300.jpg 211w, http:\/\/sionbartoszyce.pl\/wp-content\/uploads\/2024\/06\/0ecccb1baa1e4499a94a713f24ace070NyYiQz6t8qhVTN2j-1-rotated.jpg 768w\" sizes=\"auto, (max-width: 721px) 100vw, 721px\" \/><\/figure>\n\n\n\n<figure class=\"wp-block-image size-large\"><img loading=\"lazy\" decoding=\"async\" width=\"724\" height=\"1024\" src=\"http:\/\/sionbartoszyce.pl\/wp-content\/uploads\/2024\/10\/plakat__fundusz__celowy__420x297-ai21-724x1024.png\" alt=\"\" class=\"wp-image-20969\" srcset=\"http:\/\/sionbartoszyce.pl\/wp-content\/uploads\/2024\/10\/plakat__fundusz__celowy__420x297-ai21-724x1024.png 724w, http:\/\/sionbartoszyce.pl\/wp-content\/uploads\/2024\/10\/plakat__fundusz__celowy__420x297-ai21-600x849.png 600w, http:\/\/sionbartoszyce.pl\/wp-content\/uploads\/2024\/10\/plakat__fundusz__celowy__420x297-ai21-212x300.png 212w, http:\/\/sionbartoszyce.pl\/wp-content\/uploads\/2024\/10\/plakat__fundusz__celowy__420x297-ai21-768x1086.png 768w, http:\/\/sionbartoszyce.pl\/wp-content\/uploads\/2024\/10\/plakat__fundusz__celowy__420x297-ai21.png 842w\" sizes=\"auto, (max-width: 724px) 100vw, 724px\" \/><\/figure>\n\n\n\n<figure class=\"wp-block-image alignright size-full\"><img loading=\"lazy\" decoding=\"async\" width=\"204\" height=\"101\" src=\"http:\/\/sionbartoszyce.pl\/wp-content\/uploads\/2022\/05\/obraz-1.png\" alt=\"\" class=\"wp-image-17814\"\/><\/figure>\n\n\n\n<figure class=\"wp-block-image size-full\"><img loading=\"lazy\" decoding=\"async\" width=\"111\" height=\"101\" src=\"http:\/\/sionbartoszyce.pl\/wp-content\/uploads\/2022\/05\/obraz.png\" alt=\"\" class=\"wp-image-17813\"\/><\/figure>\n\n\n\n<p class=\"has-text-align-center\">Stowarzyszenie Integracji Os\u00f3b Niepe\u0142nosprawnych SION w Bartoszycach<br>&nbsp;realizuje projekt pod nazw\u0105:<br><strong>Centrum Wsparcia Os\u00f3b Niepe\u0142nosprawnych<br>\u201eSi\u0119gamy po sukces\u201d<\/strong><\/p>\n\n\n\n<p class=\"has-text-align-center\">Projekt &nbsp;dofinansowany jest ze \u015brodk\u00f3w<br><strong>Pa\u0144stwowego Funduszu Rehabilitacji Os\u00f3b Niepe\u0142nosprawnych<\/strong><br>na podstawie art. 36 ustawy z dnia 27 sierpnia 1997 roku o rehabilitacji zawodowej<br>i spo\u0142ecznej oraz zatrudnianiu os\u00f3b niepe\u0142nosprawnych w ramach<br>Konkursu 1\/2021 pn. \u201eSi\u0119gamy po sukces\u201d<\/p>\n\n\n\n<p class=\"has-text-align-center\"><strong>Celem projektu jest zwi\u0119kszenie samodzielno\u015bci oraz osi\u0105gni\u0119cie indywidualnego sukcesu 75 os\u00f3b z niepe\u0142nosprawno\u015bciami<br>z powiatu bartoszyckiego poprzez zorganizowanie i przeprowadzenie<br>zaj\u0119\u0107 rehabilitacyjnych oraz terapeutycznych.<\/strong><\/p>\n\n\n\n<p class=\"has-text-align-center\"><strong>Termin realizacji projektu w pierwszym okresie finansowania:<br>01.04.2023r. do&nbsp; 31.03.2024r.<\/strong><\/p>\n\n\n\n<p class=\"has-text-align-center\">W ramach projektu oferujemy bezp\u0142atne, wsparcie w formie:<\/p>\n\n\n\n<p class=\"has-text-align-center\">wsparcia psychologicznego, zaj\u0119\u0107 rehabilitacyjnych, zaj\u0119\u0107 terapeutycznych dla os\u00f3b<br>z autyzmem i zespo\u0142em Aspergera, zaj\u0119\u0107 logopedycznych, zaj\u0119\u0107 neurologopedycznych, zaj\u0119\u0107 integracji sensorycznej, terapii zaj\u0119ciowej, masa\u017cu klasycznego, wsparcia wolontariuszy oraz rehabilitacji domowej.<\/p>\n\n\n\n<p class=\"has-text-align-center\"><strong>Biuro projektu: ul. Bema 51 A, 11-200 Bartoszyce<\/strong><br><strong>Tel: 89&nbsp;764 04 77<\/strong><br><strong>e-mail: <\/strong><a href=\"mailto:sionbartoszyce@wp.pl\"><strong>sionbartoszyce@wp.pl<\/strong><\/a><\/p>\n\n\n\n<figure class=\"wp-block-image size-large is-resized\"><img loading=\"lazy\" decoding=\"async\" width=\"696\" height=\"1024\" src=\"http:\/\/sionbartoszyce.pl\/wp-content\/uploads\/2023\/09\/Siegamy-po-sukces-ulotka-1-696x1024.png\" alt=\"\" class=\"wp-image-19349\" style=\"width:696px;height:1024px\" srcset=\"http:\/\/sionbartoszyce.pl\/wp-content\/uploads\/2023\/09\/Siegamy-po-sukces-ulotka-1-696x1024.png 696w, http:\/\/sionbartoszyce.pl\/wp-content\/uploads\/2023\/09\/Siegamy-po-sukces-ulotka-1-600x882.png 600w, http:\/\/sionbartoszyce.pl\/wp-content\/uploads\/2023\/09\/Siegamy-po-sukces-ulotka-1-204x300.png 204w, http:\/\/sionbartoszyce.pl\/wp-content\/uploads\/2023\/09\/Siegamy-po-sukces-ulotka-1-768x1129.png 768w, http:\/\/sionbartoszyce.pl\/wp-content\/uploads\/2023\/09\/Siegamy-po-sukces-ulotka-1.png 778w\" sizes=\"auto, (max-width: 696px) 100vw, 696px\" \/><\/figure>\n\n\n\n<figure class=\"wp-block-image size-large\"><img loading=\"lazy\" decoding=\"async\" width=\"718\" height=\"1024\" src=\"http:\/\/sionbartoszyce.pl\/wp-content\/uploads\/2023\/09\/Siegamy-po-sukces-ulotka-2-718x1024.png\" alt=\"\" class=\"wp-image-19350\" srcset=\"http:\/\/sionbartoszyce.pl\/wp-content\/uploads\/2023\/09\/Siegamy-po-sukces-ulotka-2-718x1024.png 718w, http:\/\/sionbartoszyce.pl\/wp-content\/uploads\/2023\/09\/Siegamy-po-sukces-ulotka-2-600x856.png 600w, http:\/\/sionbartoszyce.pl\/wp-content\/uploads\/2023\/09\/Siegamy-po-sukces-ulotka-2-210x300.png 210w, http:\/\/sionbartoszyce.pl\/wp-content\/uploads\/2023\/09\/Siegamy-po-sukces-ulotka-2.png 768w\" sizes=\"auto, (max-width: 718px) 100vw, 718px\" \/><\/figure>\n\n\n\n<figure class=\"wp-block-image size-large is-resized\"><img loading=\"lazy\" decoding=\"async\" width=\"724\" height=\"1024\" src=\"http:\/\/sionbartoszyce.pl\/wp-content\/uploads\/2023\/05\/plakat_fundusz_celowy_420x297-ai1-724x1024.png\" alt=\"\" class=\"wp-image-18940\" style=\"width:725px;height:1025px\" srcset=\"http:\/\/sionbartoszyce.pl\/wp-content\/uploads\/2023\/05\/plakat_fundusz_celowy_420x297-ai1-724x1024.png 724w, http:\/\/sionbartoszyce.pl\/wp-content\/uploads\/2023\/05\/plakat_fundusz_celowy_420x297-ai1-600x849.png 600w, http:\/\/sionbartoszyce.pl\/wp-content\/uploads\/2023\/05\/plakat_fundusz_celowy_420x297-ai1-212x300.png 212w, http:\/\/sionbartoszyce.pl\/wp-content\/uploads\/2023\/05\/plakat_fundusz_celowy_420x297-ai1-768x1086.png 768w, http:\/\/sionbartoszyce.pl\/wp-content\/uploads\/2023\/05\/plakat_fundusz_celowy_420x297-ai1.png 842w\" sizes=\"auto, (max-width: 724px) 100vw, 724px\" \/><\/figure>\n\n\n\n<figure class=\"wp-block-image alignright size-full\"><img loading=\"lazy\" decoding=\"async\" width=\"204\" height=\"101\" src=\"http:\/\/sionbartoszyce.pl\/wp-content\/uploads\/2022\/05\/obraz-1.png\" alt=\"\" class=\"wp-image-17814\"\/><\/figure>\n\n\n\n<figure class=\"wp-block-image size-full\"><img loading=\"lazy\" decoding=\"async\" width=\"111\" height=\"101\" src=\"http:\/\/sionbartoszyce.pl\/wp-content\/uploads\/2022\/05\/obraz.png\" alt=\"\" class=\"wp-image-17813\"\/><\/figure>\n\n\n\n<p class=\"has-text-align-center\">Stowarzyszenie Integracji Os\u00f3b Niepe\u0142nosprawnych SION w Bartoszycach<br>&nbsp;realizuje projekt pod nazw\u0105:<br><strong>Centrum Wsparcia Os\u00f3b Niepe\u0142nosprawnych<br>\u201eSi\u0119gamy po sukces\u201d<\/strong><\/p>\n\n\n\n<p class=\"has-text-align-center\">Projekt &nbsp;dofinansowany jest ze \u015brodk\u00f3w<br><strong>Pa\u0144stwowego Funduszu Rehabilitacji Os\u00f3b Niepe\u0142nosprawnych<\/strong><br>na podstawie art. 36 ustawy z dnia 27 sierpnia 1997 roku o rehabilitacji zawodowej<br>i spo\u0142ecznej oraz zatrudnianiu os\u00f3b niepe\u0142nosprawnych w ramach<br>Konkursu 1\/2021 pn. \u201eSi\u0119gamy po sukces\u201d<\/p>\n\n\n\n<p class=\"has-text-align-center\"><strong>Celem projektu jest zwi\u0119kszenie samodzielno\u015bci oraz osi\u0105gni\u0119cie indywidualnego sukcesu 75 os\u00f3b z niepe\u0142nosprawno\u015bciami<br>z powiatu bartoszyckiego poprzez zorganizowanie i przeprowadzenie<br>zaj\u0119\u0107 rehabilitacyjnych oraz terapeutycznych.<\/strong><\/p>\n\n\n\n<p class=\"has-text-align-center\"><strong>Termin realizacji projektu w pierwszym okresie finansowania:<br>01.04.2022r. do&nbsp; 31.03.2023r.<\/strong><\/p>\n\n\n\n<p class=\"has-text-align-center\">W ramach projektu oferujemy bezp\u0142atne, wsparcie w formie:<br><\/p>\n\n\n\n<p class=\"has-text-align-center\">wsparcia psychologicznego, zaj\u0119\u0107 rehabilitacyjnych, zaj\u0119\u0107 terapeutycznych dla os\u00f3b<br>z autyzmem i zespo\u0142em Aspergera, zaj\u0119\u0107 logopedycznych, zaj\u0119\u0107 neurologopedycznych, zaj\u0119\u0107 integracji sensorycznej, terapii zaj\u0119ciowej, masa\u017cu klasycznego, rehabilitacji domowej.<\/p>\n\n\n\n<p class=\"has-text-align-center\"><strong>Biuro projektu: ul. Bema 51 A, 11-200 Bartoszyce<\/strong><br><strong>tel.\/fax.: 89&nbsp;764 04 77<\/strong><br><strong>e-mail: <\/strong><a href=\"mailto:sionbartoszyce@wp.pl\"><strong>sionbartoszyce@wp.pl<\/strong><\/a><\/p>\n\n\n\n<p class=\"has-text-align-center\"><strong>Dofinansowanie nak\u0142adu ze \u015brodk\u00f3w<br>Pa\u0144stwowego Funduszu Rehabilitacji Os\u00f3b Niepe\u0142nosprawnych<\/strong><\/p>\n\n\n\n<figure class=\"wp-block-image aligncenter size-full\"><img loading=\"lazy\" decoding=\"async\" width=\"204\" height=\"101\" src=\"http:\/\/sionbartoszyce.pl\/wp-content\/uploads\/2022\/05\/obraz-2.png\" alt=\"\" class=\"wp-image-17815\"\/><\/figure>\n\n\n\n<figure class=\"wp-block-image size-large\"><img loading=\"lazy\" decoding=\"async\" width=\"724\" height=\"1024\" src=\"http:\/\/sionbartoszyce.pl\/wp-content\/uploads\/2022\/06\/plakat_fundusz_celowy_420x297-ai2-724x1024.png\" alt=\"\" class=\"wp-image-18053\" srcset=\"http:\/\/sionbartoszyce.pl\/wp-content\/uploads\/2022\/06\/plakat_fundusz_celowy_420x297-ai2-724x1024.png 724w, http:\/\/sionbartoszyce.pl\/wp-content\/uploads\/2022\/06\/plakat_fundusz_celowy_420x297-ai2-600x849.png 600w, http:\/\/sionbartoszyce.pl\/wp-content\/uploads\/2022\/06\/plakat_fundusz_celowy_420x297-ai2-212x300.png 212w, http:\/\/sionbartoszyce.pl\/wp-content\/uploads\/2022\/06\/plakat_fundusz_celowy_420x297-ai2-768x1086.png 768w, http:\/\/sionbartoszyce.pl\/wp-content\/uploads\/2022\/06\/plakat_fundusz_celowy_420x297-ai2.png 842w\" sizes=\"auto, (max-width: 724px) 100vw, 724px\" \/><\/figure>\n\n\n\n<figure class=\"wp-block-image size-large\"><img loading=\"lazy\" decoding=\"async\" width=\"716\" height=\"1024\" src=\"http:\/\/sionbartoszyce.pl\/wp-content\/uploads\/2022\/09\/doc00630020220907110826_002-716x1024.jpg\" alt=\"\" class=\"wp-image-18235\" srcset=\"http:\/\/sionbartoszyce.pl\/wp-content\/uploads\/2022\/09\/doc00630020220907110826_002-716x1024.jpg 716w, http:\/\/sionbartoszyce.pl\/wp-content\/uploads\/2022\/09\/doc00630020220907110826_002-600x858.jpg 600w, http:\/\/sionbartoszyce.pl\/wp-content\/uploads\/2022\/09\/doc00630020220907110826_002-210x300.jpg 210w, http:\/\/sionbartoszyce.pl\/wp-content\/uploads\/2022\/09\/doc00630020220907110826_002-768x1098.jpg 768w, http:\/\/sionbartoszyce.pl\/wp-content\/uploads\/2022\/09\/doc00630020220907110826_002-1074x1536.jpg 1074w, http:\/\/sionbartoszyce.pl\/wp-content\/uploads\/2022\/09\/doc00630020220907110826_002-1432x2048.jpg 1432w, http:\/\/sionbartoszyce.pl\/wp-content\/uploads\/2022\/09\/doc00630020220907110826_002.jpg 1768w\" sizes=\"auto, (max-width: 716px) 100vw, 716px\" \/><\/figure>\n\n\n\n<figure class=\"wp-block-image size-large\"><img loading=\"lazy\" decoding=\"async\" width=\"704\" height=\"1024\" src=\"http:\/\/sionbartoszyce.pl\/wp-content\/uploads\/2022\/09\/doc00630020220907110826_001-704x1024.jpg\" alt=\"\" class=\"wp-image-18236\" srcset=\"http:\/\/sionbartoszyce.pl\/wp-content\/uploads\/2022\/09\/doc00630020220907110826_001-704x1024.jpg 704w, http:\/\/sionbartoszyce.pl\/wp-content\/uploads\/2022\/09\/doc00630020220907110826_001-600x872.jpg 600w, http:\/\/sionbartoszyce.pl\/wp-content\/uploads\/2022\/09\/doc00630020220907110826_001-206x300.jpg 206w, http:\/\/sionbartoszyce.pl\/wp-content\/uploads\/2022\/09\/doc00630020220907110826_001-768x1117.jpg 768w, http:\/\/sionbartoszyce.pl\/wp-content\/uploads\/2022\/09\/doc00630020220907110826_001-1056x1536.jpg 1056w, http:\/\/sionbartoszyce.pl\/wp-content\/uploads\/2022\/09\/doc00630020220907110826_001-1408x2048.jpg 1408w, http:\/\/sionbartoszyce.pl\/wp-content\/uploads\/2022\/09\/doc00630020220907110826_001.jpg 1744w\" sizes=\"auto, (max-width: 704px) 100vw, 704px\" \/><\/figure>","protected":false},"excerpt":{"rendered":"<p>Stowarzyszenie Integracji Os\u00f3b Niepe\u0142nosprawnych SION w Bartoszycach&nbsp;realizuje projekt pod nazw\u0105:Centrum Wsparcia Os\u00f3b Niepe\u0142nosprawnych\u201eSi\u0119gamy po sukces\u201d Projekt &nbsp;dofinansowany jest ze \u015brodk\u00f3wPa\u0144stwowego Funduszu Rehabilitacji Os\u00f3b Niepe\u0142nosprawnychna podstawie art. 36 ustawy z dnia 27 sierpnia 1997 roku o rehabilitacji zawodoweji spo\u0142ecznej oraz zatrudnianiu os\u00f3b niepe\u0142nosprawnych w ramachKonkursu 1\/2021 pn. \u201eSi\u0119gamy po sukces\u201d Celem projektu jest zwi\u0119kszenie samodzielno\u015bci oraz [&hellip;]<\/p>\n","protected":false},"author":1,"featured_media":0,"parent":0,"menu_order":0,"comment_status":"closed","ping_status":"closed","template":"","meta":{"site-sidebar-layout":"default","site-content-layout":"","ast-site-content-layout":"default","site-content-style":"default","site-sidebar-style":"default","ast-global-header-display":"","ast-banner-title-visibility":"","ast-main-header-display":"","ast-hfb-above-header-display":"","ast-hfb-below-header-display":"","ast-hfb-mobile-header-display":"","site-post-title":"","ast-breadcrumbs-content":"","ast-featured-img":"","footer-sml-layout":"","ast-disable-related-posts":"","theme-transparent-header-meta":"","adv-header-id-meta":"","stick-header-meta":"","header-above-stick-meta":"","header-main-stick-meta":"","header-below-stick-meta":"","astra-migrate-meta-layouts":"set","ast-page-background-enabled":"default","ast-page-background-meta":{"desktop":{"background-color":"","background-image":"","background-repeat":"repeat","background-position":"center center","background-size":"auto","background-attachment":"scroll","background-type":"","background-media":"","overlay-type":"","overlay-color":"","overlay-opacity":"","overlay-gradient":""},"tablet":{"background-color":"","background-image":"","background-repeat":"repeat","background-position":"center center","background-size":"auto","background-attachment":"scroll","background-type":"","background-media":"","overlay-type":"","overlay-color":"","overlay-opacity":"","overlay-gradient":""},"mobile":{"background-color":"","background-image":"","background-repeat":"repeat","background-position":"center center","background-size":"auto","background-attachment":"scroll","background-type":"","background-media":"","overlay-type":"","overlay-color":"","overlay-opacity":"","overlay-gradient":""}},"ast-content-background-meta":{"desktop":{"background-color":"var(--ast-global-color-5)","background-image":"","background-repeat":"repeat","background-position":"center center","background-size":"auto","background-attachment":"scroll","background-type":"","background-media":"","overlay-type":"","overlay-color":"","overlay-opacity":"","overlay-gradient":""},"tablet":{"background-color":"var(--ast-global-color-5)","background-image":"","background-repeat":"repeat","background-position":"center center","background-size":"auto","background-attachment":"scroll","background-type":"","background-media":"","overlay-type":"","overlay-color":"","overlay-opacity":"","overlay-gradient":""},"mobile":{"background-color":"var(--ast-global-color-5)","background-image":"","background-repeat":"repeat","background-position":"center center","background-size":"auto","background-attachment":"scroll","background-type":"","background-media":"","overlay-type":"","overlay-color":"","overlay-opacity":"","overlay-gradient":""}},"ngg_post_thumbnail":0,"footnotes":""},"class_list":["post-17812","page","type-page","status-publish","hentry"],"_links":{"self":[{"href":"http:\/\/sionbartoszyce.pl\/en\/wp-json\/wp\/v2\/pages\/17812","targetHints":{"allow":["GET"]}}],"collection":[{"href":"http:\/\/sionbartoszyce.pl\/en\/wp-json\/wp\/v2\/pages"}],"about":[{"href":"http:\/\/sionbartoszyce.pl\/en\/wp-json\/wp\/v2\/types\/page"}],"author":[{"embeddable":true,"href":"http:\/\/sionbartoszyce.pl\/en\/wp-json\/wp\/v2\/users\/1"}],"replies":[{"embeddable":true,"href":"http:\/\/sionbartoszyce.pl\/en\/wp-json\/wp\/v2\/comments?post=17812"}],"version-history":[{"count":12,"href":"http:\/\/sionbartoszyce.pl\/en\/wp-json\/wp\/v2\/pages\/17812\/revisions"}],"predecessor-version":[{"id":20970,"href":"http:\/\/sionbartoszyce.pl\/en\/wp-json\/wp\/v2\/pages\/17812\/revisions\/20970"}],"wp:attachment":[{"href":"http:\/\/sionbartoszyce.pl\/en\/wp-json\/wp\/v2\/media?parent=17812"}],"curies":[{"name":"wp","href":"https:\/\/api.w.org\/{rel}","templated":true}]}}