{"id":17625,"date":"2022-03-15T08:27:21","date_gmt":"2022-03-15T07:27:21","guid":{"rendered":"http:\/\/sionbartoszyce.pl\/?page_id=17625"},"modified":"2025-07-03T12:49:33","modified_gmt":"2025-07-03T10:49:33","slug":"droga-ku-zatrudnieniu-iii-edycja","status":"publish","type":"page","link":"http:\/\/sionbartoszyce.pl\/en\/droga-ku-zatrudnieniu-iii-edycja\/","title":{"rendered":"Droga ku zatrudnieniu &#8211; III Edycja"},"content":{"rendered":"<p><\/p>\n\n\n\n<p class=\"has-text-align-right\">Bartoszyce, 11.07.2022r.<\/p>\n\n\n\n<p><strong>Og\u0142oszenie o wynikach post\u0119powania<\/strong><\/p>\n\n\n\n<p>Stowarzyszenie Integracji Os\u00f3b Niepe\u0142nosprawnych SION w Bartoszycach informuje o zako\u0144czeniu post\u0119powania prowadzonego w ramach projektu pn. \u201eDroga ku zatrudnieniu\u201d Nr. ZZO\/000234\/14\/D realizowanego w ramach w art. 36 ustawy o rehabilitacji zawodowej i spo\u0142ecznej oraz zatrudnianiu os\u00f3b niepe\u0142nosprawnych<\/p>\n\n\n\n<p>Przy zastosowaniu kryteri\u00f3w oceny wskazanych w zapytaniu ofertowym nr&nbsp;<a href=\"http:\/\/sionbartoszyce.pl\/en\/zapytanie-ofertowe-nr-1-pfron-2021\/\">1\/PFRON\/2022&nbsp;<\/a>wybrano najkorzystniejsz\u0105 ofert\u0119 szkoleniow\u0105 firmy: Warmi\u0144sko-Mazurski Zak\u0142ad Doskonalenia Zawodowego w Olsztynie, Centrum Edukacji w Bartoszycach, ul. 11- go Listopada 10, 11-200 Bartoszyce.&nbsp;<\/p>\n\n\n\n<p>Przy zastosowaniu kryteri\u00f3w oceny wskazanych w zapytaniu ofertowym nr&nbsp;<a href=\"http:\/\/sionbartoszyce.pl\/en\/zapytanie-ofertowe-nr-1-pfron-2021\/\">2\/PFRON\/2022&nbsp;<\/a>&nbsp;wybrano najkorzystniejsz\u0105 ofert\u0119 szkoleniow\u0105 firmy: Warmi\u0144sko-Mazurski Zak\u0142ad Doskonalenia Zawodowego w Olsztynie, Centrum Edukacji w Bartoszycach, ul. 11- go Listopada 10, 11-200 Bartoszyce.&nbsp;<\/p>\n\n\n\n<p>Przy zastosowaniu kryteri\u00f3w oceny wskazanych w zapytaniu ofertowym&nbsp;&nbsp;<a href=\"http:\/\/sionbartoszyce.pl\/en\/zapytanie-ofertowe-nr-1-pfron-2021\/\">3\/PFRON\/2022&nbsp;<\/a> wybrano najkorzystniejsz\u0105 ofert\u0119 szkoleniow\u0105 firmy: Warmi\u0144sko-Mazurski Zak\u0142ad Doskonalenia Zawodowego w Olsztynie, Centrum Edukacji w Bartoszycach, ul. 11- go Listopada 10, 11-200 Bartoszyce.&nbsp;<\/p>\n\n\n\n<p><em>Uzasadnienie:<\/em><\/p>\n\n\n\n<p>Firma Warmi\u0144sko-Mazurski Zak\u0142ad Doskonalenia Zawodowego w Olsztynie, Centrum Edukacji w Bartoszycach z\u0142o\u017cy\u0142a oferty na realizacj\u0119 us\u0142ug, kt\u00f3re spe\u0142ni\u0142y warunki udzia\u0142u w post\u0119powaniu oraz zaproponowa\u0142a cen\u0119, kt\u00f3ra nie przekracza kwoty, jak\u0105 Zamawiaj\u0105cy przeznaczy\u0142 na realizacj\u0119 przedmiotu zam\u00f3wienia. Ponadto Zak\u0142ad Doskonalenia Zawodowego wykaza\u0142, \u017ce posiada do\u015bwiadczenie w prowadzeniu grupowych szkole\u0144 z zakresu kurs\u00f3w zawodowych \u201epracownik gospodarczy\u201d, \u201epomocnik kucharza\u201d i \u201ekurs komputerowy ECDL Base\u201d w grupie szkoleniowej obejmuj\u0105cej jedynie osoby z orzeczeniem o niepe\u0142nosprawno\u015bci.<\/p>\n\n\n\n<p><\/p>\n\n\n\n<p><\/p>\n\n\n\n<p><strong>Stowarzyszenie\u00a0Integracji\u00a0Os\u00f3b Niepe\u0142nosprawnych SION w Bartoszycach zaprasza do\u00a0<u>bezp\u0142atnego<\/u>\u00a0udzia\u0142u w projekcie\u00a0<\/strong><br><strong>\u201e DROGA KU ZATRUDNIENIU\u201d<\/strong><\/p>\n\n\n\n<p><strong>Projekt skierowany jest do 16 os\u00f3b, kt\u00f3re \u0142\u0105cznie spe\u0142niaj\u0105 nast\u0119puj\u0105ce warunki:<\/strong><\/p>\n\n\n\n<ul class=\"wp-block-list\"><li>posiadaj\u0105 orzeczenie o niepe\u0142nosprawno\u015bci lub dokument r\u00f3wnorz\u0119dny<\/li><li>s\u0105 w wieku 15 \u2013 64 lata<\/li><li>zamieszkuj\u0105 powiat bartoszycki<\/li><li>s\u0105 bezrobotne lub nieaktywne zawodowo<\/li><\/ul>\n\n\n\n<p>&nbsp;<strong>&nbsp;Oferujemy:<\/strong><\/p>\n\n\n\n<ul class=\"wp-block-list\"><li>Doradztwo&nbsp; zawodowe<\/li><li>Poradnictwo psychologiczne<\/li><li>Kursy zawodowe do wyboru<\/li><li>Stypendium finansowe<\/li><li>6 miesi\u0119czne sta\u017ce zawodowe<\/li><li>Zwrot koszt\u00f3w dojazdu<\/li><\/ul>\n\n\n\n<p><strong>Aby zakwalifikowa\u0107 si\u0119 do udzia\u0142u w projekcie nale\u017cy:<\/strong><\/p>\n\n\n\n<ul class=\"wp-block-list\"><li>zapozna\u0107 si\u0119 z regulaminem projektu<\/li><li>wype\u0142ni\u0107 ankiet\u0119 rekrutacyjn\u0105<\/li><li>dostarczy\u0107 orzeczenia o niepe\u0142nosprawno\u015bci lub dokument r\u00f3wnoznaczny<\/li><\/ul>\n\n\n\n<p>O<strong>soby zainteresowane zapraszamy do Biura Projektu:<\/strong><\/p>\n\n\n\n<p>ul. Bema 39, 11-200 Bartoszyce<br>tel. 89 762 01 75 <br>e-mail: <a href=\"mailto:sionbartoszyce@wp.pl\">sionbartoszyce@wp.pl<\/a><\/p>\n\n\n\n<p><strong>Rekrutacja trwa do 30.04.2022r.<\/strong><strong><\/strong><\/p>\n\n\n\n<p>Projekt dofinansowany przez Pa\u0144stwowy Fundusz Rehabilitacji Os\u00f3b Niepe\u0142nosprawnych<\/p>\n\n\n\n<div class=\"wp-block-image\"><figure class=\"aligncenter size-full\"><img loading=\"lazy\" decoding=\"async\" width=\"204\" height=\"71\" src=\"http:\/\/sionbartoszyce.pl\/wp-content\/uploads\/2022\/03\/obraz-1.png\" alt=\"\" class=\"wp-image-17626\"\/><\/figure><\/div>\n\n\n\n<p><\/p>\n\n\n\n<figure class=\"wp-block-image size-large\"><img loading=\"lazy\" decoding=\"async\" width=\"724\" height=\"1024\" src=\"http:\/\/sionbartoszyce.pl\/wp-content\/uploads\/2022\/03\/plakat-roboczy-2022-724x1024.jpg\" alt=\"\" class=\"wp-image-17627\" srcset=\"http:\/\/sionbartoszyce.pl\/wp-content\/uploads\/2022\/03\/plakat-roboczy-2022-724x1024.jpg 724w, http:\/\/sionbartoszyce.pl\/wp-content\/uploads\/2022\/03\/plakat-roboczy-2022-600x848.jpg 600w, http:\/\/sionbartoszyce.pl\/wp-content\/uploads\/2022\/03\/plakat-roboczy-2022-212x300.jpg 212w, http:\/\/sionbartoszyce.pl\/wp-content\/uploads\/2022\/03\/plakat-roboczy-2022-768x1086.jpg 768w, http:\/\/sionbartoszyce.pl\/wp-content\/uploads\/2022\/03\/plakat-roboczy-2022-1086x1536.jpg 1086w, http:\/\/sionbartoszyce.pl\/wp-content\/uploads\/2022\/03\/plakat-roboczy-2022-1448x2048.jpg 1448w, http:\/\/sionbartoszyce.pl\/wp-content\/uploads\/2022\/03\/plakat-roboczy-2022.jpg 1654w\" sizes=\"auto, (max-width: 724px) 100vw, 724px\" \/><\/figure>\n\n\n\n<figure class=\"wp-block-image size-full\"><img loading=\"lazy\" decoding=\"async\" width=\"724\" height=\"1024\" src=\"http:\/\/sionbartoszyce.pl\/wp-content\/uploads\/2022\/04\/plakat-III-edycja1024_1.jpg\" alt=\"\" class=\"wp-image-17692\" srcset=\"http:\/\/sionbartoszyce.pl\/wp-content\/uploads\/2022\/04\/plakat-III-edycja1024_1.jpg 724w, http:\/\/sionbartoszyce.pl\/wp-content\/uploads\/2022\/04\/plakat-III-edycja1024_1-600x849.jpg 600w, http:\/\/sionbartoszyce.pl\/wp-content\/uploads\/2022\/04\/plakat-III-edycja1024_1-212x300.jpg 212w\" sizes=\"auto, (max-width: 724px) 100vw, 724px\" \/><\/figure>\n\n\n\n<figure class=\"wp-block-image size-large\"><img loading=\"lazy\" decoding=\"async\" width=\"724\" height=\"1024\" src=\"http:\/\/sionbartoszyce.pl\/wp-content\/uploads\/2022\/06\/plakat_fundusz_celowy_420x2971-ai1-724x1024.png\" alt=\"\" class=\"wp-image-17957\" srcset=\"http:\/\/sionbartoszyce.pl\/wp-content\/uploads\/2022\/06\/plakat_fundusz_celowy_420x2971-ai1-724x1024.png 724w, http:\/\/sionbartoszyce.pl\/wp-content\/uploads\/2022\/06\/plakat_fundusz_celowy_420x2971-ai1-600x849.png 600w, http:\/\/sionbartoszyce.pl\/wp-content\/uploads\/2022\/06\/plakat_fundusz_celowy_420x2971-ai1-212x300.png 212w, http:\/\/sionbartoszyce.pl\/wp-content\/uploads\/2022\/06\/plakat_fundusz_celowy_420x2971-ai1-768x1086.png 768w, http:\/\/sionbartoszyce.pl\/wp-content\/uploads\/2022\/06\/plakat_fundusz_celowy_420x2971-ai1.png 842w\" sizes=\"auto, (max-width: 724px) 100vw, 724px\" \/><\/figure>","protected":false},"excerpt":{"rendered":"<p>Bartoszyce, 11.07.2022r. Og\u0142oszenie o wynikach post\u0119powania Stowarzyszenie Integracji Os\u00f3b Niepe\u0142nosprawnych SION w Bartoszycach informuje o zako\u0144czeniu post\u0119powania prowadzonego w ramach projektu pn. \u201eDroga ku zatrudnieniu\u201d Nr. ZZO\/000234\/14\/D realizowanego w ramach w art. 36 ustawy o rehabilitacji zawodowej i spo\u0142ecznej oraz zatrudnianiu os\u00f3b niepe\u0142nosprawnych Przy zastosowaniu kryteri\u00f3w oceny wskazanych w zapytaniu ofertowym nr&nbsp;1\/PFRON\/2022&nbsp;wybrano najkorzystniejsz\u0105 ofert\u0119 szkoleniow\u0105 [&hellip;]<\/p>\n","protected":false},"author":1,"featured_media":0,"parent":0,"menu_order":0,"comment_status":"closed","ping_status":"closed","template":"","meta":{"site-sidebar-layout":"default","site-content-layout":"","ast-site-content-layout":"default","site-content-style":"default","site-sidebar-style":"default","ast-global-header-display":"","ast-banner-title-visibility":"","ast-main-header-display":"","ast-hfb-above-header-display":"","ast-hfb-below-header-display":"","ast-hfb-mobile-header-display":"","site-post-title":"","ast-breadcrumbs-content":"","ast-featured-img":"","footer-sml-layout":"","ast-disable-related-posts":"","theme-transparent-header-meta":"","adv-header-id-meta":"","stick-header-meta":"","header-above-stick-meta":"","header-main-stick-meta":"","header-below-stick-meta":"","astra-migrate-meta-layouts":"default","ast-page-background-enabled":"default","ast-page-background-meta":{"desktop":{"background-color":"","background-image":"","background-repeat":"repeat","background-position":"center center","background-size":"auto","background-attachment":"scroll","background-type":"","background-media":"","overlay-type":"","overlay-color":"","overlay-opacity":"","overlay-gradient":""},"tablet":{"background-color":"","background-image":"","background-repeat":"repeat","background-position":"center center","background-size":"auto","background-attachment":"scroll","background-type":"","background-media":"","overlay-type":"","overlay-color":"","overlay-opacity":"","overlay-gradient":""},"mobile":{"background-color":"","background-image":"","background-repeat":"repeat","background-position":"center center","background-size":"auto","background-attachment":"scroll","background-type":"","background-media":"","overlay-type":"","overlay-color":"","overlay-opacity":"","overlay-gradient":""}},"ast-content-background-meta":{"desktop":{"background-color":"var(--ast-global-color-5)","background-image":"","background-repeat":"repeat","background-position":"center center","background-size":"auto","background-attachment":"scroll","background-type":"","background-media":"","overlay-type":"","overlay-color":"","overlay-opacity":"","overlay-gradient":""},"tablet":{"background-color":"var(--ast-global-color-5)","background-image":"","background-repeat":"repeat","background-position":"center center","background-size":"auto","background-attachment":"scroll","background-type":"","background-media":"","overlay-type":"","overlay-color":"","overlay-opacity":"","overlay-gradient":""},"mobile":{"background-color":"var(--ast-global-color-5)","background-image":"","background-repeat":"repeat","background-position":"center center","background-size":"auto","background-attachment":"scroll","background-type":"","background-media":"","overlay-type":"","overlay-color":"","overlay-opacity":"","overlay-gradient":""}},"ngg_post_thumbnail":0,"footnotes":""},"class_list":["post-17625","page","type-page","status-publish","hentry"],"_links":{"self":[{"href":"http:\/\/sionbartoszyce.pl\/en\/wp-json\/wp\/v2\/pages\/17625","targetHints":{"allow":["GET"]}}],"collection":[{"href":"http:\/\/sionbartoszyce.pl\/en\/wp-json\/wp\/v2\/pages"}],"about":[{"href":"http:\/\/sionbartoszyce.pl\/en\/wp-json\/wp\/v2\/types\/page"}],"author":[{"embeddable":true,"href":"http:\/\/sionbartoszyce.pl\/en\/wp-json\/wp\/v2\/users\/1"}],"replies":[{"embeddable":true,"href":"http:\/\/sionbartoszyce.pl\/en\/wp-json\/wp\/v2\/comments?post=17625"}],"version-history":[{"count":4,"href":"http:\/\/sionbartoszyce.pl\/en\/wp-json\/wp\/v2\/pages\/17625\/revisions"}],"predecessor-version":[{"id":18177,"href":"http:\/\/sionbartoszyce.pl\/en\/wp-json\/wp\/v2\/pages\/17625\/revisions\/18177"}],"wp:attachment":[{"href":"http:\/\/sionbartoszyce.pl\/en\/wp-json\/wp\/v2\/media?parent=17625"}],"curies":[{"name":"wp","href":"https:\/\/api.w.org\/{rel}","templated":true}]}}