{"id":17576,"date":"2022-01-18T12:56:22","date_gmt":"2022-01-18T11:56:22","guid":{"rendered":"http:\/\/sionbartoszyce.pl\/?page_id=17576"},"modified":"2025-02-20T10:32:34","modified_gmt":"2025-02-20T09:32:34","slug":"deklaracja-dostepnosci","status":"publish","type":"page","link":"http:\/\/sionbartoszyce.pl\/en\/deklaracja-dostepnosci\/","title":{"rendered":"Accessibility Declaration"},"content":{"rendered":"<p><strong><strong>Accessibility Declaration<\/strong><\/strong><\/p>\n\n\n\n<p>Stowarzyszenie Integracji Os\u00f3b Niepe\u0142nosprawnych <em>SION<\/em> w Bartoszycach zobowi\u0105zuje si\u0119 zapewni\u0107 dost\u0119pno\u015b\u0107 swojej strony internetowej zgodnie z przepisami ustawy z dnia 4 kwietnia 2019 r. o dost\u0119pno\u015bci cyfrowej stron internetowych i aplikacji mobilnych podmiot\u00f3w publicznych.<\/p>\n\n\n\n<p>Deklaracja dost\u0119pno\u015bci dotyczy strony internetowej: www.sionbartoszyce.pl<\/p>\n\n\n\n<p>Data publikacji strony internetowej: 18.04.2007r.<br> Data ostatniej du\u017cej aktualizacji:&nbsp;18.01.2022r.<\/p>\n\n\n\n<p><strong>Stan dost\u0119pno\u015bci cyfrowej<\/strong><\/p>\n\n\n\n<p><strong>Strona internetowa jest cz\u0119\u015bciowo zgodna <\/strong>z ustaw\u0105 z dnia 4 kwietnia 2019 r. o dost\u0119pno\u015bci cyfrowej stron internetowych i aplikacji mobilnych podmiot\u00f3w publicznych z powodu niezgodno\u015bci lub wy\u0142\u0105cze\u0144 wymienionych poni\u017cej.<\/p>\n\n\n\n<p><strong>Niedost\u0119pne elementy i tre\u015bci<\/strong><\/p>\n\n\n\n<p>\u2013 zamieszczone na stronie zdj\u0119cia nie posiadaj\u0105 pe\u0142nych opis\u00f3w alternatywnych<br>\u2013 strona zawiera dokumenty PDF, kt\u00f3re powsta\u0142y na podstawie dokument\u00f3w bez poprawnie zaznaczonej logicznej struktury, lub PDF s\u0105 skanami dokument\u00f3w.<strong><\/strong><\/p>\n\n\n\n<p><strong>Przygotowanie deklaracji dost\u0119pno\u015bci<\/strong><\/p>\n\n\n\n<p>Data sporz\u0105dzenia deklaracji:&nbsp;2020.08.26.&nbsp;<\/p>\n\n\n\n<p>Deklaracj\u0119 sporz\u0105dzono na podstawie samooceny przeprowadzonej przez podmiot publiczny.<\/p>\n\n\n\n<p>Data ostatniego przegl\u0105du deklaracji: 2024.03.09.<\/p>\n\n\n\n<p>Na tej stronie internetowej mo\u017cna korzysta\u0107 ze standardowych skr\u00f3t\u00f3w klawiaturowych.<\/p>\n\n\n\n<p><strong>Informacje zwrotne i dane kontaktowe<\/strong><\/p>\n\n\n\n<p>Na tej stronie internetowej s\u0105 problemy, kt\u00f3re wynikaj\u0105 z niespe\u0142nienia wymog\u00f3w dost\u0119pno\u015bci cyfrowej? Zg\u0142o\u015b to mailowo \u2013<a href=\"mailto:sionbartoszyce@wp.pl\">sionbartoszyce@wp.pl<\/a>&nbsp;lub telefonicznie \u2013 89&nbsp;764 04 77<\/p>\n\n\n\n<p>W zg\u0142oszeniu podaj:<\/p>\n\n\n\n<ul class=\"wp-block-list\">\n<li>swoje imi\u0119 i nazwisko,<\/li>\n\n\n\n<li>swoje\u00a0dane kontaktowe (np. numer telefonu, e-mail),<\/li>\n\n\n\n<li>dok\u0142adny adres strony internetowej, na kt\u00f3rej jest niedost\u0119pny element lub tre\u015b\u0107,\u00a0<\/li>\n\n\n\n<li>opis\u00a0na czym polega problem i jaki spos\u00f3b jego rozwi\u0105zania\u00a0by\u0142by dla Ciebie najwygodniejszy.<\/li>\n<\/ul>\n\n\n\n<p><strong>Dost\u0119pno\u015b\u0107 architektoniczna<\/strong><\/p>\n\n\n\n<p><strong>Warsztat Terapii Zaj\u0119ciowej przy Stowarzyszeniu Integracji Os\u00f3b Niepe\u0142nosprawnych SION w Bartoszycach<\/strong><\/p>\n\n\n\n<p>Budynek Warsztatu Terapii Zaj\u0119ciowej przy Stowarzyszeniu Integracji Os\u00f3b Niepe\u0142nosprawnych SION w Bartoszycach &nbsp;mie\u015bci si\u0119 przy ulicy Bema 51a <br>w Bartoszycach. Na terenie WTZ znajduje si\u0119 parking znajduj\u0105cy si\u0119 przy budynku. Parking przeznaczony jest dla pracownik\u00f3w, busa dowo\u017c\u0105cego osoby z niepe\u0142nosprawno\u015bciami, os\u00f3b przyje\u017cd\u017caj\u0105cych na rehabilitacj\u0119 &nbsp;oraz dla klient\u00f3w wypo\u017cyczalni sprz\u0119tu rehabilitacyjnego.<\/p>\n\n\n\n<ol class=\"wp-block-list\">\n<li>Do budynku prowadz\u0105 trzy wej\u015bcia, w tym dwa posiadaj\u0105 podjazd dla os\u00f3b z niepe\u0142nosprawno\u015bci\u0105 poruszaj\u0105cych si\u0119 na w\u00f3zkach inwalidzkich.<\/li>\n\n\n\n<li>Budynek jest dwukondygnacyjny, pozbawiony jest jednak windy.\u00a0 Na parterze znajduj\u0119 si\u0119 pracownia artystyczna, krawiecka, komputerowa, modelarska, gospodarstwa domowego, zaradno\u015bci osobistej i treningu ekonomicznego, biuro kierownika WTZ, pomieszczenie socjalne i sanitariaty. Na parterze znajduj\u0105 si\u0119 pomieszczenie administracyjne Stowarzyszenia Integracji Os\u00f3b Niepe\u0142nosprawnych SION, wypo\u017cyczalnia sprz\u0119tu rehabilitacyjnego, sala rehabilitacyjna, pomieszczenie pracownika gospodarczego oraz pomieszczenia sanitarne.<\/li>\n\n\n\n<li>W budynku znajduj\u0105 si\u0119 toalety dostosowane do potrzeb os\u00f3b z niepe\u0142nosprawno\u015bci\u0105.<\/li>\n\n\n\n<li>W budynku znajduj\u0105 si\u0119 informacje o rozk\u0142adzie pomieszcze\u0144 oraz dr\u00f3g ewakuacyjnych\u00a0 przekazane w spos\u00f3b wizualny (tablice informacyjne)<\/li>\n\n\n\n<li>Nad wej\u015bciem do budynku\u00a0 nie ma g\u0142o\u015bnik\u00f3w systemu naprowadzaj\u0105cego osoby niewidome i s\u0142abowidz\u0105ce.<\/li>\n\n\n\n<li>Do budynku i pomieszcze\u0144 udost\u0119pnionych dla klient\u00f3w jest mo\u017cliwo\u015b\u0107 wej\u015bcia z psem asystuj\u0105cym i psem przewodnikiem.<\/li>\n\n\n\n<li>W budynku nie ma mo\u017cliwo\u015bci skorzystania z t\u0142umacza j\u0119zyka migowego.<\/li>\n<\/ol>\n\n\n\n<p><strong>Zak\u0142ad Aktywno\u015bci Zawodowej przy Stowarzyszeniu Integracji Os\u00f3b Niepe\u0142nosprawnych SION w Bartoszycach<\/strong><\/p>\n\n\n\n<p>Zak\u0142ad Aktywno\u015bci Zawodowej przy Stowarzyszeniu Integracji Os\u00f3b Niepe\u0142nosprawnych SION w Bartoszycach mie\u015bci si\u0119 przy ul. Bema 39 w Bartoszycach.&nbsp; Obiekt sk\u0142ada si\u0119 z dw\u00f3ch budynk\u00f3w: g\u0142\u00f3wnego (Nr 1) oraz stoj\u0105cego za nim budynku nr 2, gdzie mie\u015bci si\u0119 pracownia us\u0142ug pralniczych oraz sala rehabilitacyjna. Oba pozbawione s\u0105 barier architektonicznych.&nbsp; Na teren, na kt\u00f3rym znajduj\u0105 si\u0119 budynki prowadz\u0105 dwie bramy: g\u0142\u00f3wna od strony ulic oraz druga mieszcz\u0105ca si\u0119 na ty\u0142ach zabudowa\u0144. Zak\u0142ad posiada parking, kt\u00f3ry mie\u015bci si\u0119 za tyln\u0105 bram\u0105 wej\u015bciow\u0105. Parking przeznaczony jest dla pracownik\u00f3w, busa dowo\u017c\u0105cego osoby&nbsp;z niepe\u0142nosprawno\u015bciami oraz dla klient\u00f3w Zak\u0142adu.<\/p>\n\n\n\n<p><strong>Budynek nr 1<\/strong><\/p>\n\n\n\n<ul class=\"wp-block-list\">\n<li>Do budynku prowadz\u0105 trzyj wej\u015bcia, w tym dwa posiadaj\u0105 podjazd dla os\u00f3b z niepe\u0142nosprawno\u015bci\u0105 poruszaj\u0105cych si\u0119 na w\u00f3zkach inwalidzkich.<\/li>\n\n\n\n<li>Budynek jest dwukondygnacyjny., pozbawiony jest jednak windy.\u00a0 Na parterze znajduj\u0105 si\u0119 pracownia piel\u0119gnacji teren\u00f3w zielonych i us\u0142ug porz\u0105dkowych, pracownia r\u0119kodzie\u0142a artystycznego i pracownia ma\u0142ej gastronomii, gabinet piel\u0119gniarki oraz pomieszczenia gospodarcze, socjalne i sanitariaty. Na pierwszym pi\u0119trze znajduj\u0105 si\u0119 pomieszczenia administracyjne, w tym biuro Kierownika Zak\u0142adu. Osoby z problemami motorycznymi oraz poruszaj\u0105ce si\u0119 na w\u00f3zkach inwalidzkich maj\u0105 zapewniony kontakt z dzia\u0142em administracyjnym poprzez u\u017cycie dzwonka i wezwanie pracownika administracyjnego na parter.<\/li>\n\n\n\n<li>Na ka\u017cdej kondygnacji korytarze i schody wy\u0142o\u017cone s\u0105 p\u0142ytkami antypo\u015blizgowymi.<\/li>\n\n\n\n<li>W budynku znajduj\u0105 si\u0119 toalety dostosowane do potrzeb os\u00f3b z niepe\u0142nosprawno\u015bci\u0105.<\/li>\n\n\n\n<li>W budynku znajduj\u0105 si\u0119 informacje o rozk\u0142adzie pomieszcze\u0144 oraz dr\u00f3g ewakuacyjnych\u00a0 przekazane w spos\u00f3b wizualny (tablice informacyjne)<\/li>\n\n\n\n<li>Nad wej\u015bciem do budynku\u00a0 nie ma g\u0142o\u015bnik\u00f3w systemu naprowadzaj\u0105cego osoby niewidome i s\u0142abowidz\u0105ce.<\/li>\n\n\n\n<li>Do budynku i pomieszcze\u0144 udost\u0119pnionych dla klient\u00f3w jest mo\u017cliwo\u015b\u0107 wej\u015bcia z psem asystuj\u0105cym i psem przewodnikiem.<\/li>\n\n\n\n<li>.<\/li>\n<\/ul>\n\n\n\n<p><strong>Budynek nr 2<\/strong><\/p>\n\n\n\n<ol class=\"wp-block-list\">\n<li>Budynek jest jednokondygnacyjny, parterowy, dla os\u00f3b poruszaj\u0105cych si\u0119 na w\u00f3zkach inwalidzkich dost\u0119pne s\u0105 wszystkie korytarze oraz pomieszczenia.\u00a0\u00a0<\/li>\n\n\n\n<li>Do pracowni us\u0142ug pralniczych prowadz\u0105 dwa wej\u015bcia: jedno og\u00f3lnodost\u0119pne o szeroko\u015bci 90 cm oraz drugie przeznaczone dla pracownik\u00f3w, wyposa\u017cone w dwuskrzyd\u0142owe drzwi. Do sali rehabilitacyjnej prowadzi jedno og\u00f3lnodost\u0119pne wej\u015bcie, wyposa\u017cone w stalowe drzwi przeciwpo\u017carowe oraz podjazd dla os\u00f3b poruszaj\u0105cych si\u0119 na w\u00f3zkach inwalidzkich. \u00a0<\/li>\n\n\n\n<li>W budynku znajduj\u0105 si\u0119 toalety dostosowane do potrzeb os\u00f3b z niepe\u0142nosprawno\u015bci\u0105.<\/li>\n\n\n\n<li>W budynku znajduj\u0105 si\u0119 informacje o rozk\u0142adzie pomieszcze\u0144 oraz dr\u00f3g ewakuacyjnych\u00a0 przekazane w spos\u00f3b wizualny (tablice informacyjne)<\/li>\n\n\n\n<li>Nad wej\u015bciem do budynku\u00a0 nie ma g\u0142o\u015bnik\u00f3w systemu naprowadzaj\u0105cego osoby niewidome i s\u0142abowidz\u0105ce.<\/li>\n\n\n\n<li>Do budynku i pomieszcze\u0144 udost\u0119pnionych dla klient\u00f3w jest mo\u017cliwo\u015b\u0107 wej\u015bcia z psem asystuj\u0105cym i psem przewodnikiem.<\/li>\n\n\n\n<li>W budynku nie ma mo\u017cliwo\u015bci skorzystania z t\u0142umacza j\u0119zyka migowego<\/li>\n<\/ol>","protected":false},"excerpt":{"rendered":"<p>Deklaracja dost\u0119pno\u015bci Stowarzyszenie Integracji Os\u00f3b Niepe\u0142nosprawnych SION w Bartoszycach zobowi\u0105zuje si\u0119 zapewni\u0107 dost\u0119pno\u015b\u0107 swojej strony internetowej zgodnie z przepisami ustawy z dnia 4 kwietnia 2019 r. o dost\u0119pno\u015bci cyfrowej stron internetowych i aplikacji mobilnych podmiot\u00f3w publicznych. Deklaracja dost\u0119pno\u015bci dotyczy strony internetowej: www.sionbartoszyce.pl Data publikacji strony internetowej: 18.04.2007r. Data ostatniej du\u017cej aktualizacji:&nbsp;18.01.2022r. Stan dost\u0119pno\u015bci cyfrowej Strona [&hellip;]<\/p>\n","protected":false},"author":1,"featured_media":0,"parent":0,"menu_order":0,"comment_status":"closed","ping_status":"closed","template":"","meta":{"site-sidebar-layout":"default","site-content-layout":"","ast-site-content-layout":"default","site-content-style":"default","site-sidebar-style":"default","ast-global-header-display":"","ast-banner-title-visibility":"","ast-main-header-display":"","ast-hfb-above-header-display":"","ast-hfb-below-header-display":"","ast-hfb-mobile-header-display":"","site-post-title":"","ast-breadcrumbs-content":"","ast-featured-img":"","footer-sml-layout":"","ast-disable-related-posts":"","theme-transparent-header-meta":"","adv-header-id-meta":"","stick-header-meta":"","header-above-stick-meta":"","header-main-stick-meta":"","header-below-stick-meta":"","astra-migrate-meta-layouts":"set","ast-page-background-enabled":"default","ast-page-background-meta":{"desktop":{"background-color":"","background-image":"","background-repeat":"repeat","background-position":"center center","background-size":"auto","background-attachment":"scroll","background-type":"","background-media":"","overlay-type":"","overlay-color":"","overlay-opacity":"","overlay-gradient":""},"tablet":{"background-color":"","background-image":"","background-repeat":"repeat","background-position":"center center","background-size":"auto","background-attachment":"scroll","background-type":"","background-media":"","overlay-type":"","overlay-color":"","overlay-opacity":"","overlay-gradient":""},"mobile":{"background-color":"","background-image":"","background-repeat":"repeat","background-position":"center center","background-size":"auto","background-attachment":"scroll","background-type":"","background-media":"","overlay-type":"","overlay-color":"","overlay-opacity":"","overlay-gradient":""}},"ast-content-background-meta":{"desktop":{"background-color":"var(--ast-global-color-5)","background-image":"","background-repeat":"repeat","background-position":"center center","background-size":"auto","background-attachment":"scroll","background-type":"","background-media":"","overlay-type":"","overlay-color":"","overlay-opacity":"","overlay-gradient":""},"tablet":{"background-color":"var(--ast-global-color-5)","background-image":"","background-repeat":"repeat","background-position":"center center","background-size":"auto","background-attachment":"scroll","background-type":"","background-media":"","overlay-type":"","overlay-color":"","overlay-opacity":"","overlay-gradient":""},"mobile":{"background-color":"var(--ast-global-color-5)","background-image":"","background-repeat":"repeat","background-position":"center center","background-size":"auto","background-attachment":"scroll","background-type":"","background-media":"","overlay-type":"","overlay-color":"","overlay-opacity":"","overlay-gradient":""}},"ngg_post_thumbnail":0,"footnotes":""},"class_list":["post-17576","page","type-page","status-publish","hentry"],"_links":{"self":[{"href":"http:\/\/sionbartoszyce.pl\/en\/wp-json\/wp\/v2\/pages\/17576","targetHints":{"allow":["GET"]}}],"collection":[{"href":"http:\/\/sionbartoszyce.pl\/en\/wp-json\/wp\/v2\/pages"}],"about":[{"href":"http:\/\/sionbartoszyce.pl\/en\/wp-json\/wp\/v2\/types\/page"}],"author":[{"embeddable":true,"href":"http:\/\/sionbartoszyce.pl\/en\/wp-json\/wp\/v2\/users\/1"}],"replies":[{"embeddable":true,"href":"http:\/\/sionbartoszyce.pl\/en\/wp-json\/wp\/v2\/comments?post=17576"}],"version-history":[{"count":4,"href":"http:\/\/sionbartoszyce.pl\/en\/wp-json\/wp\/v2\/pages\/17576\/revisions"}],"predecessor-version":[{"id":21503,"href":"http:\/\/sionbartoszyce.pl\/en\/wp-json\/wp\/v2\/pages\/17576\/revisions\/21503"}],"wp:attachment":[{"href":"http:\/\/sionbartoszyce.pl\/en\/wp-json\/wp\/v2\/media?parent=17576"}],"curies":[{"name":"wp","href":"https:\/\/api.w.org\/{rel}","templated":true}]}}