{"id":16829,"date":"2021-04-15T14:23:26","date_gmt":"2021-04-15T12:23:26","guid":{"rendered":"http:\/\/sionbartoszyce.pl\/?page_id=16829"},"modified":"2026-04-10T11:30:58","modified_gmt":"2026-04-10T09:30:58","slug":"pracownia-krawiecka","status":"publish","type":"page","link":"http:\/\/sionbartoszyce.pl\/en\/pracownia-krawiecka\/","title":{"rendered":"Pracownia Krawiecka"},"content":{"rendered":"\n<div class=\"bronze-theme\" style=\"background: #f9f5f0; padding: 40px 0; font-family: 'Segoe UI', Tahoma, Geneva, Verdana, sans-serif;\">\n  <div style=\"max-width: 1200px; margin: 0 auto; padding: 0 20px;\">\n    \n    <!-- Nag\u0142\u00f3wek -->\n    <div style=\"background: linear-gradient(135deg, #8B6B3D, #CD7F32); color: white; padding: 30px; border-radius: 8px 8px 0 0; text-align: center; margin-bottom: 20px; box-shadow: 0 4px 12px rgba(139, 107, 61, 0.2);\">\n      <h1 style=\"margin: 0; font-size: 32px; font-weight: 300; letter-spacing: 1px; text-shadow: 1px 1px 3px rgba(0,0,0,0.2);\">Pracownia Krawiecka<\/h1>\n      <div style=\"height: 2px; background: rgba(255,255,255,0.3); width: 120px; margin: 15px auto;\"><\/div>\n      <p style=\"margin: 0; font-style: italic; opacity: 0.9; font-size: 18px;\">Sztuka szycia i kreatywno\u015bci<\/p>\n    <\/div>\n    \n    <!-- G\u0142\u00f3wna zawarto\u015b\u0107 -->\n    <div style=\"background: white; border-radius: 0 0 8px 8px; box-shadow: 0 5px 25px rgba(139, 107, 61, 0.1); padding: 40px; position: relative; border-top: 4px solid #D2A159;\">\n      \n      <!-- Dekoracyjny element -->\n      <div style=\"position: absolute; top: 20px; right: 20px; width: 60px; height: 60px; opacity: 0.2;\">\n        <svg viewBox=\"0 0 24 24\" fill=\"#8B6B3D\"><path d=\"M21.7 13.35l-1 1-2.05-2.05 1-1c.21-.22.56-.22.77 0l1.28 1.28c.22.21.22.56 0 .77M12 18.94l6.06-6.06 2.05 2.05L14.06 21H12v-2.06M12 14c-4.42 0-8 1.79-8 4v2h6v-1.89l4-4c-.66-.08-1.33-.11-2-.11m0-10c2.21 0 4 1.79 4 4s-1.79 4-4 4-4-1.79-4-4 1.79-4 4-4z\"\/><\/svg>\n      <\/div>\n      \n      <div style=\"max-width: 800px; margin: 0 auto; position: relative;\">\n        <!-- Sekcja 1 -->\n        <div style=\"margin-bottom: 40px;\">\n          <h2 style=\"color: #8B6B3D; font-size: 26px; margin-top: 0; padding-bottom: 10px; border-bottom: 2px solid #E6C8A6; display: inline-block; font-weight: 400;\">\n            <svg style=\"vertical-align: middle; margin-right: 10px;\" width=\"24\" height=\"24\" viewBox=\"0 0 24 24\" fill=\"#CD7F32\"><path d=\"M12 2C6.48 2 2 6.48 2 12s4.48 10 10 10 10-4.48 10-10S17.52 2 12 2zm0 18c-4.41 0-8-3.59-8-8s3.59-8 8-8 8 3.59 8 8-3.59 8-8 8z\"\/><path d=\"M12 6c-3.31 0-6 2.69-6 6s2.69 6 6 6 6-2.69 6-6-2.69-6-6-6zm0 10c-2.21 0-4-1.79-4-4s1.79-4 4-4 4 1.79 4 4-1.79 4-4 4z\"\/><\/svg>\n            O pracowni\n          <\/h2>\n          \n          <p style=\"color: #555; line-height: 1.8; font-size: 16px; margin: 25px 0;\">\n            Pracownia krawiecka umo\u017cliwia kszta\u0142towanie i rozw\u00f3j zdolno\u015bci manualnych, poznawczych, uczy cierpliwo\u015bci i odwagi aby rozpocz\u0105\u0107 prac\u0119 i starannie j\u0105 wykona\u0107.\n          <\/p>\n        <\/div>\n        \n        <!-- Sekcja 2 -->\n        <div style=\"margin-bottom: 40px;\">\n          <h2 style=\"color: #8B6B3D; font-size: 26px; margin-top: 0; padding-bottom: 10px; border-bottom: 2px solid #E6C8A6; display: inline-block; font-weight: 400;\">\n            <svg style=\"vertical-align: middle; margin-right: 10px;\" width=\"24\" height=\"24\" viewBox=\"0 0 24 24\" fill=\"#CD7F32\"><path d=\"M19.35 10.04C18.67 6.59 15.64 4 12 4 9.11 4 6.6 5.64 5.35 8.04 2.34 8.36 0 10.91 0 14c0 3.31 2.69 6 6 6h13c2.76 0 5-2.24 5-5 0-2.64-2.05-4.78-4.65-4.96zM19 18H6c-2.21 0-4-1.79-4-4 0-2.05 1.53-3.76 3.56-3.97l1.07-.11.5-.95C8.08 7.14 9.94 6 12 6c2.62 0 4.88 1.86 5.39 4.43l.3 1.5 1.53.11c1.56.1 2.78 1.41 2.78 2.96 0 1.65-1.35 3-3 3z\"\/><\/svg>\n            Nabywane umiej\u0119tno\u015bci\n          <\/h2>\n          \n          <div style=\"display: flex; flex-wrap: wrap; gap: 20px; margin: 25px 0;\">\n            <div style=\"flex: 1; min-width: 250px; background: #F5EDE4; padding: 20px; border-radius: 6px; border-left: 4px solid #CD7F32;\">\n              <h3 style=\"color: #8B6B3D; margin-top: 0; font-size: 18px;\">Podstawowe techniki<\/h3>\n              <ul style=\"color: #5E4C3A; padding-left: 20px; margin: 10px 0;\">\n                <li style=\"margin-bottom: 8px;\">Pos\u0142ugiwanie si\u0119 ig\u0142\u0105 i no\u017cyczkami<\/li>\n                <li style=\"margin-bottom: 8px;\">Obs\u0142uga maszyny do szycia<\/li>\n                <li style=\"margin-bottom: 8px;\">Prasowanie \u017celazkiem<\/li>\n              <\/ul>\n            <\/div>\n            \n            <div style=\"flex: 1; min-width: 250px; background: #F5EDE4; padding: 20px; border-radius: 6px; border-left: 4px solid #CD7F32;\">\n              <h3 style=\"color: #8B6B3D; margin-top: 0; font-size: 18px;\">Zaawansowane techniki<\/h3>\n              <ul style=\"color: #5E4C3A; padding-left: 20px; margin: 10px 0;\">\n                <li style=\"margin-bottom: 8px;\">\u015aciegi podstawowe i ozdobne<\/li>\n                <li style=\"margin-bottom: 8px;\">Techniki zdobienia aplikacjami<\/li>\n                <li style=\"margin-bottom: 8px;\">Wyszywanie obraz\u00f3w<\/li>\n              <\/ul>\n            <\/div>\n          <\/div>\n        <\/div>\n        \n        <!-- Sekcja 3 -->\n        <div>\n          <h2 style=\"color: #8B6B3D; font-size: 26px; margin-top: 0; padding-bottom: 10px; border-bottom: 2px solid #E6C8A6; display: inline-block; font-weight: 400;\">\n            <svg style=\"vertical-align: middle; margin-right: 10px;\" width=\"24\" height=\"24\" viewBox=\"0 0 24 24\" fill=\"#CD7F32\"><path d=\"M20 6h-4V4c0-1.11-.89-2-2-2h-4c-1.11 0-2 .89-2 2v2H4c-1.11 0-1.99.89-1.99 2L2 19c0 1.11.89 2 2 2h16c1.11 0 2-.89 2-2V8c0-1.11-.89-2-2-2zm-6 0h-4V4h4v2z\"\/><\/svg>\n            Wytwory pracowni\n          <\/h2>\n          \n          <div style=\"background: #F5EDE4; padding: 25px; border-radius: 6px; margin: 25px 0;\">\n            <p style=\"color: #5E4C3A; margin-top: 0; font-weight: 500;\">W pracowni krawieckiej powstaj\u0105:<\/p>\n            <div style=\"display: flex; flex-wrap: wrap; gap: 15px;\">\n              <div style=\"flex: 1; min-width: 200px;\">\n                <ul style=\"color: #5E4C3A; padding-left: 20px; margin: 10px 0;\">\n                  <li style=\"margin-bottom: 8px;\">Poduszki<\/li>\n                  <li style=\"margin-bottom: 8px;\">Fartuszki kuchenne<\/li>\n                  <li style=\"margin-bottom: 8px;\">Fartuszki dzieci\u0119ce<\/li>\n                <\/ul>\n              <\/div>\n              <div style=\"flex: 1; min-width: 200px;\">\n                <ul style=\"color: #5E4C3A; padding-left: 20px; margin: 10px 0;\">\n                  <li style=\"margin-bottom: 8px;\">Obrusy i mere\u017cki<\/li>\n                  <li style=\"margin-bottom: 8px;\">Torebki ozdobne<\/li>\n                  <li style=\"margin-bottom: 8px;\">Suknie sceniczne<\/li>\n                <\/ul>\n              <\/div>\n            <\/div>\n            <p style=\"color: #5E4C3A; margin-bottom: 0; font-style: italic;\">Wszystkie wyroby zdobione s\u0105 cekinami, koralikami i innymi materia\u0142ami dost\u0119pnymi w pracowni.<\/p>\n          <\/div>\n        <\/div>\n        \n<!-- Miejsce na galeri\u0119 -->\n<div style=\"margin-top: 50px; padding-top: 30px; border-top: 1px dashed #E6C8A6;\">\n\n  <h2 style=\"color: #8B6B3D; font-size: 26px; margin-top: 0; padding-bottom: 10px; border-bottom: 2px solid #E6C8A6; display: inline-block; font-weight: 400;\">\n    <svg style=\"vertical-align: middle; margin-right: 10px;\" width=\"24\" height=\"24\" viewBox=\"0 0 24 24\" fill=\"#CD7F32\">\n      <path d=\"M20 5h-3.2l-1.4-1.4c-.4-.4-.9-.6-1.4-.6H10c-.5 0-1 .2-1.4.6L7.2 5H4c-1.1 0-2 .9-2 2v11c0 1.1.9 2 2 2h16c1.1 0 2-.9 2-2V7c0-1.1-.9-2-2-2zm-8 12c-2.2 0-4-1.8-4-4s1.8-4 4-4 4 1.8 4 4-1.8 4-4 4zm0-6.5c-1.4 0-2.5 1.1-2.5 2.5S10.6 15.5 12 15.5s2.5-1.1 2.5-2.5S13.4 10.5 12 10.5z\"\/>\n    <\/svg>\n    Zdj\u0119cia\n  <\/h2>\n  \n  <!-- Tutaj mo\u017cesz wstawi\u0107 swoj\u0105 galeri\u0119 -->\n\n\n<style>\n  @media (max-width: 768px) {\n    .bronze-theme div[style*=\"display: flex\"] {\n      flex-direction: column;\n    }\n    .bronze-theme div[style*=\"min-width: 250px\"], \n    .bronze-theme div[style*=\"min-width: 200px\"] {\n      min-width: 100% !important;\n    }\n    .bronze-theme h1 {\n      font-size: 26px !important;\n    }\n    .bronze-theme h2 {\n      font-size: 22px !important;\n    }\n  }\n<\/style>\n\n\n\n<figure class=\"wp-block-gallery has-nested-images columns-default is-cropped wp-block-gallery-1 is-layout-flex wp-block-gallery-is-layout-flex\">\n<figure class=\"wp-block-image size-large\"><img data-dominant-color=\"82756c\" data-has-transparency=\"false\" style=\"--dominant-color: #82756c;\" loading=\"lazy\" decoding=\"async\" width=\"683\" height=\"1024\" data-id=\"24485\" src=\"http:\/\/sionbartoszyce.pl\/wp-content\/uploads\/2026\/04\/DSC_0060-683x1024.jpg\" alt=\"\" class=\"wp-image-24485 not-transparent\" srcset=\"http:\/\/sionbartoszyce.pl\/wp-content\/uploads\/2026\/04\/DSC_0060-683x1024.jpg 683w, http:\/\/sionbartoszyce.pl\/wp-content\/uploads\/2026\/04\/DSC_0060-200x300.jpg 200w, http:\/\/sionbartoszyce.pl\/wp-content\/uploads\/2026\/04\/DSC_0060-768x1152.jpg 768w, http:\/\/sionbartoszyce.pl\/wp-content\/uploads\/2026\/04\/DSC_0060-1024x1536.jpg 1024w, http:\/\/sionbartoszyce.pl\/wp-content\/uploads\/2026\/04\/DSC_0060-1365x2048.jpg 1365w, http:\/\/sionbartoszyce.pl\/wp-content\/uploads\/2026\/04\/DSC_0060-8x12.jpg 8w, http:\/\/sionbartoszyce.pl\/wp-content\/uploads\/2026\/04\/DSC_0060-scaled.jpg 1707w\" sizes=\"auto, (max-width: 683px) 100vw, 683px\" \/><\/figure>\n\n\n\n<figure class=\"wp-block-image size-large\"><img data-dominant-color=\"807c79\" data-has-transparency=\"false\" style=\"--dominant-color: #807c79;\" loading=\"lazy\" decoding=\"async\" width=\"683\" height=\"1024\" data-id=\"24486\" src=\"http:\/\/sionbartoszyce.pl\/wp-content\/uploads\/2026\/04\/DSC_0064-683x1024.jpg\" alt=\"\" class=\"wp-image-24486 not-transparent\" srcset=\"http:\/\/sionbartoszyce.pl\/wp-content\/uploads\/2026\/04\/DSC_0064-683x1024.jpg 683w, http:\/\/sionbartoszyce.pl\/wp-content\/uploads\/2026\/04\/DSC_0064-200x300.jpg 200w, http:\/\/sionbartoszyce.pl\/wp-content\/uploads\/2026\/04\/DSC_0064-768x1152.jpg 768w, http:\/\/sionbartoszyce.pl\/wp-content\/uploads\/2026\/04\/DSC_0064-1024x1536.jpg 1024w, http:\/\/sionbartoszyce.pl\/wp-content\/uploads\/2026\/04\/DSC_0064-1365x2048.jpg 1365w, http:\/\/sionbartoszyce.pl\/wp-content\/uploads\/2026\/04\/DSC_0064-8x12.jpg 8w, http:\/\/sionbartoszyce.pl\/wp-content\/uploads\/2026\/04\/DSC_0064-scaled.jpg 1707w\" sizes=\"auto, (max-width: 683px) 100vw, 683px\" \/><\/figure>\n\n\n\n<figure class=\"wp-block-image size-large\"><img data-dominant-color=\"8b7472\" data-has-transparency=\"false\" style=\"--dominant-color: #8b7472;\" loading=\"lazy\" decoding=\"async\" width=\"683\" height=\"1024\" data-id=\"24487\" src=\"http:\/\/sionbartoszyce.pl\/wp-content\/uploads\/2026\/04\/DSC_0974-683x1024.jpg\" alt=\"\" class=\"wp-image-24487 not-transparent\" srcset=\"http:\/\/sionbartoszyce.pl\/wp-content\/uploads\/2026\/04\/DSC_0974-683x1024.jpg 683w, http:\/\/sionbartoszyce.pl\/wp-content\/uploads\/2026\/04\/DSC_0974-200x300.jpg 200w, http:\/\/sionbartoszyce.pl\/wp-content\/uploads\/2026\/04\/DSC_0974-768x1152.jpg 768w, http:\/\/sionbartoszyce.pl\/wp-content\/uploads\/2026\/04\/DSC_0974-1024x1536.jpg 1024w, http:\/\/sionbartoszyce.pl\/wp-content\/uploads\/2026\/04\/DSC_0974-1365x2048.jpg 1365w, http:\/\/sionbartoszyce.pl\/wp-content\/uploads\/2026\/04\/DSC_0974-8x12.jpg 8w, http:\/\/sionbartoszyce.pl\/wp-content\/uploads\/2026\/04\/DSC_0974-scaled.jpg 1707w\" sizes=\"auto, (max-width: 683px) 100vw, 683px\" \/><\/figure>\n\n\n\n<figure class=\"wp-block-image size-large\"><img data-dominant-color=\"8c7573\" data-has-transparency=\"false\" style=\"--dominant-color: #8c7573;\" loading=\"lazy\" decoding=\"async\" width=\"683\" height=\"1024\" data-id=\"24488\" src=\"http:\/\/sionbartoszyce.pl\/wp-content\/uploads\/2026\/04\/DSC_0975-683x1024.jpg\" alt=\"\" class=\"wp-image-24488 not-transparent\" srcset=\"http:\/\/sionbartoszyce.pl\/wp-content\/uploads\/2026\/04\/DSC_0975-683x1024.jpg 683w, http:\/\/sionbartoszyce.pl\/wp-content\/uploads\/2026\/04\/DSC_0975-200x300.jpg 200w, http:\/\/sionbartoszyce.pl\/wp-content\/uploads\/2026\/04\/DSC_0975-768x1152.jpg 768w, http:\/\/sionbartoszyce.pl\/wp-content\/uploads\/2026\/04\/DSC_0975-1024x1536.jpg 1024w, http:\/\/sionbartoszyce.pl\/wp-content\/uploads\/2026\/04\/DSC_0975-1365x2048.jpg 1365w, http:\/\/sionbartoszyce.pl\/wp-content\/uploads\/2026\/04\/DSC_0975-8x12.jpg 8w, http:\/\/sionbartoszyce.pl\/wp-content\/uploads\/2026\/04\/DSC_0975-scaled.jpg 1707w\" sizes=\"auto, (max-width: 683px) 100vw, 683px\" \/><\/figure>\n\n\n\n<figure class=\"wp-block-image size-large\"><img data-dominant-color=\"785e5e\" data-has-transparency=\"false\" style=\"--dominant-color: #785e5e;\" loading=\"lazy\" decoding=\"async\" width=\"683\" height=\"1024\" data-id=\"24489\" src=\"http:\/\/sionbartoszyce.pl\/wp-content\/uploads\/2026\/04\/DSC_0976-683x1024.jpg\" alt=\"\" class=\"wp-image-24489 not-transparent\" srcset=\"http:\/\/sionbartoszyce.pl\/wp-content\/uploads\/2026\/04\/DSC_0976-683x1024.jpg 683w, http:\/\/sionbartoszyce.pl\/wp-content\/uploads\/2026\/04\/DSC_0976-200x300.jpg 200w, http:\/\/sionbartoszyce.pl\/wp-content\/uploads\/2026\/04\/DSC_0976-768x1152.jpg 768w, http:\/\/sionbartoszyce.pl\/wp-content\/uploads\/2026\/04\/DSC_0976-1024x1536.jpg 1024w, http:\/\/sionbartoszyce.pl\/wp-content\/uploads\/2026\/04\/DSC_0976-1365x2048.jpg 1365w, http:\/\/sionbartoszyce.pl\/wp-content\/uploads\/2026\/04\/DSC_0976-8x12.jpg 8w, http:\/\/sionbartoszyce.pl\/wp-content\/uploads\/2026\/04\/DSC_0976-scaled.jpg 1707w\" sizes=\"auto, (max-width: 683px) 100vw, 683px\" \/><\/figure>\n\n\n\n<figure class=\"wp-block-image size-large\"><img decoding=\"async\" data-id=\"24503\" src=\"http:\/\/sionbartoszyce.pl\/wp-content\/uploads\/2026\/04\/thumbs_DSC_0570.jpg\" alt=\"\" class=\"wp-image-24503\"\/><\/figure>\n\n\n\n<figure class=\"wp-block-image size-large\"><img decoding=\"async\" data-id=\"24504\" src=\"http:\/\/sionbartoszyce.pl\/wp-content\/uploads\/2026\/04\/thumbs_DSC_0572.jpg\" alt=\"\" class=\"wp-image-24504\"\/><\/figure>\n\n\n\n<figure class=\"wp-block-image size-large\"><img decoding=\"async\" data-id=\"24505\" src=\"http:\/\/sionbartoszyce.pl\/wp-content\/uploads\/2026\/04\/thumbs_DSC_0574.jpg\" alt=\"\" class=\"wp-image-24505\"\/><\/figure>\n\n\n\n<figure class=\"wp-block-image size-large\"><img decoding=\"async\" data-id=\"24506\" src=\"http:\/\/sionbartoszyce.pl\/wp-content\/uploads\/2026\/04\/thumbs_DSC_0576.jpg\" alt=\"\" class=\"wp-image-24506\"\/><\/figure>\n<\/figure>\n","protected":false},"excerpt":{"rendered":"<p>Pracownia Krawiecka Sztuka szycia i kreatywno\u015bci O pracowni Pracownia krawiecka umo\u017cliwia kszta\u0142towanie i rozw\u00f3j zdolno\u015bci manualnych, poznawczych, uczy cierpliwo\u015bci i odwagi aby rozpocz\u0105\u0107 prac\u0119 i starannie j\u0105 wykona\u0107. Nabywane umiej\u0119tno\u015bci Podstawowe techniki Pos\u0142ugiwanie si\u0119 ig\u0142\u0105 i no\u017cyczkami Obs\u0142uga maszyny do szycia Prasowanie \u017celazkiem Zaawansowane techniki \u015aciegi podstawowe i ozdobne Techniki zdobienia aplikacjami Wyszywanie obraz\u00f3w Wytwory [&hellip;]<\/p>\n","protected":false},"author":1,"featured_media":0,"parent":0,"menu_order":0,"comment_status":"closed","ping_status":"closed","template":"","meta":{"site-sidebar-layout":"default","site-content-layout":"default","ast-site-content-layout":"default","site-content-style":"default","site-sidebar-style":"default","ast-global-header-display":"","ast-banner-title-visibility":"","ast-main-header-display":"","ast-hfb-above-header-display":"","ast-hfb-below-header-display":"","ast-hfb-mobile-header-display":"","site-post-title":"","ast-breadcrumbs-content":"","ast-featured-img":"","footer-sml-layout":"","ast-disable-related-posts":"","theme-transparent-header-meta":"default","adv-header-id-meta":"","stick-header-meta":"","header-above-stick-meta":"","header-main-stick-meta":"","header-below-stick-meta":"","astra-migrate-meta-layouts":"set","ast-page-background-enabled":"default","ast-page-background-meta":{"desktop":{"background-color":"","background-image":"","background-repeat":"repeat","background-position":"center center","background-size":"auto","background-attachment":"scroll","background-type":"","background-media":"","overlay-type":"","overlay-color":"","overlay-opacity":"","overlay-gradient":""},"tablet":{"background-color":"","background-image":"","background-repeat":"repeat","background-position":"center center","background-size":"auto","background-attachment":"scroll","background-type":"","background-media":"","overlay-type":"","overlay-color":"","overlay-opacity":"","overlay-gradient":""},"mobile":{"background-color":"","background-image":"","background-repeat":"repeat","background-position":"center center","background-size":"auto","background-attachment":"scroll","background-type":"","background-media":"","overlay-type":"","overlay-color":"","overlay-opacity":"","overlay-gradient":""}},"ast-content-background-meta":{"desktop":{"background-color":"var(--ast-global-color-5)","background-image":"","background-repeat":"repeat","background-position":"center center","background-size":"auto","background-attachment":"scroll","background-type":"","background-media":"","overlay-type":"","overlay-color":"","overlay-opacity":"","overlay-gradient":""},"tablet":{"background-color":"var(--ast-global-color-5)","background-image":"","background-repeat":"repeat","background-position":"center center","background-size":"auto","background-attachment":"scroll","background-type":"","background-media":"","overlay-type":"","overlay-color":"","overlay-opacity":"","overlay-gradient":""},"mobile":{"background-color":"var(--ast-global-color-5)","background-image":"","background-repeat":"repeat","background-position":"center center","background-size":"auto","background-attachment":"scroll","background-type":"","background-media":"","overlay-type":"","overlay-color":"","overlay-opacity":"","overlay-gradient":""}},"ngg_post_thumbnail":0,"footnotes":""},"class_list":["post-16829","page","type-page","status-publish","hentry"],"_links":{"self":[{"href":"http:\/\/sionbartoszyce.pl\/en\/wp-json\/wp\/v2\/pages\/16829","targetHints":{"allow":["GET"]}}],"collection":[{"href":"http:\/\/sionbartoszyce.pl\/en\/wp-json\/wp\/v2\/pages"}],"about":[{"href":"http:\/\/sionbartoszyce.pl\/en\/wp-json\/wp\/v2\/types\/page"}],"author":[{"embeddable":true,"href":"http:\/\/sionbartoszyce.pl\/en\/wp-json\/wp\/v2\/users\/1"}],"replies":[{"embeddable":true,"href":"http:\/\/sionbartoszyce.pl\/en\/wp-json\/wp\/v2\/comments?post=16829"}],"version-history":[{"count":11,"href":"http:\/\/sionbartoszyce.pl\/en\/wp-json\/wp\/v2\/pages\/16829\/revisions"}],"predecessor-version":[{"id":24551,"href":"http:\/\/sionbartoszyce.pl\/en\/wp-json\/wp\/v2\/pages\/16829\/revisions\/24551"}],"wp:attachment":[{"href":"http:\/\/sionbartoszyce.pl\/en\/wp-json\/wp\/v2\/media?parent=16829"}],"curies":[{"name":"wp","href":"https:\/\/api.w.org\/{rel}","templated":true}]}}