{"id":16798,"date":"2021-04-15T14:04:28","date_gmt":"2021-04-15T12:04:28","guid":{"rendered":"http:\/\/sionbartoszyce.pl\/?page_id=16798"},"modified":"2025-06-11T21:35:56","modified_gmt":"2025-06-11T19:35:56","slug":"wypozyczalnia-sprzetu-rehabilitacyjnego","status":"publish","type":"page","link":"http:\/\/sionbartoszyce.pl\/en\/wypozyczalnia-sprzetu-rehabilitacyjnego\/","title":{"rendered":"Rehabilitation Equipment Rental"},"content":{"rendered":"<div class=\"ukryty\">\n\n\n\n<p><strong>11-200 Bartoszyce<br>ul. Genera\u0142a Bema 51A<br>Tel.\/fax 89 764 04 77<\/strong><\/p>\n\n\n\n<p>Z us\u0142ug wypo\u017cyczalni mo\u017cna korzysta\u0107 od poniedzia\u0142ku do pi\u0105tku w godz. 7:30-15.30.<br><strong>Istnieje mo\u017cliwo\u015b\u0107 transportu wypo\u017cyczonego sprz\u0119tu o wi\u0119kszych gabarytach!<\/strong><br>Wypo\u017cyczalnia \u015bwiadczy us\u0142ugi na rzecz os\u00f3b przebywaj\u0105cych na terenie powiatu bartoszyckiego.<br>W sytuacjach szczeg\u00f3lnych, a w razie potrzeby udzielamy pomocy tak\u017ce osobom mieszkaj\u0105cym poza powiatem.<\/p>\n\n\n\n<p><strong>Sprz\u0119t mog\u0105 wypo\u017cycza\u0107 osoby niepe\u0142nosprawne, kt\u00f3re:<\/strong><\/p>\n\n\n\n<ol class=\"wp-block-list\">\n<li>utraci\u0142y sprawno\u015b\u0107 organizmu, s\u0105 w okresie diagnozowania mo\u017cliwo\u015bci oraz potrzeb i jeszcze nie posiadaj\u0105 orzeczenia o niepe\u0142nosprawno\u015bci lub o stopniu niepe\u0142nosprawno\u015bci,<\/li>\n\n\n\n<li>posiadaj\u0105 orzeczenie o niepe\u0142nosprawno\u015bci lub o stopniu niepe\u0142nosprawno\u015bci,<\/li>\n\n\n\n<li>wyka\u017c\u0105 si\u0119 pisemnym wskazaniem sprz\u0119tu rehabilitacyjnego do wypo\u017cyczenia, wystawionym przez lekarza lub rehabilitanta, a w przypadku sprz\u0119tu piel\u0119gnacyjnego uzasadni\u0105 potrzeb\u0119 jego wypo\u017cyczenia.<\/li>\n<\/ol>\n\n\n\n<h2 class=\"wp-block-heading\"><strong>Wypo\u017cyczalnia posiada:<\/strong><\/h2>\n\n\n\n<p>Wypo\u017cyczalnia oferuje urz\u0105dzania do terapii i \u0107wicze\u0144 indywidualnych, kt\u00f3rych stosowanie wspomaga rehabilitacj\u0119 i nie wymaga nadzoru specjalisty oraz sprz\u0119tu piel\u0119gnacyjny i wspomagaj\u0105cy, kt\u00f3ry osoba niepe\u0142nosprawna lub jej opiekun mo\u017ce po instrukta\u017cu stosowa\u0107 samodzielnie.<\/p>\n\n\n\n<h2 class=\"wp-block-heading\"><strong>Sprz\u0119t rehabilitacyjny:<\/strong><\/h2>\n\n\n\n<p>W\u00f3zki inwalidzkie, w\u00f3zki do aktywnej rehabilitacji, rowery rehabilitacyjne, roboty do \u0107wicze\u0144 czynno-oporowych ko\u0144czyn dolnych i g\u00f3rnych, chodziki tr\u00f3jko\u0142owe sk\u0142adane, chodziki z siedziskiem, balkoniki, podp\u00f3rki, laski, kule: \u0142okciowe, pachowe, kule typu tr\u00f3jn\u00f3g, czworon\u00f3g.<\/p>\n\n\n\n<h2 class=\"wp-block-heading\"><strong>Sprz\u0119t wspomagaj\u0105cy:<\/strong><\/h2>\n\n\n\n<p>Podno\u015bniki transportowo-k\u0105pielowe, kliny, walki i materace rehabilitacyjne.<\/p>\n\n\n\n<h2 class=\"wp-block-heading\"><strong>Sprz\u0119t piel\u0119gnacyjny:<\/strong><\/h2>\n\n\n\n<p>\u0141\u00f3\u017cka piel\u0119gnacyjno-rehabilitacyjne, krzes\u0142a sanitarne, \u0142awki na wann\u0119, taborety prysznicowe, materace przeciwodle\u017cynowe.<\/p>\n\n\n\n<h2 class=\"wp-block-heading\"><strong>\u015awiadczymy us\u0142ugi w zakresie:<\/strong><\/h2>\n\n\n\n<p>Naprawy i konserwacji sprz\u0119tu rehabilitacyjnego i pomocniczego.<\/p>\n\n\n\n<h3 class=\"wp-block-heading\"><strong><em>Serdecznie zapraszamy.<\/em><\/strong><\/h3>\n\n\n\n<p><\/p>\n\n\n\n<\/div>\n<!DOCTYPE html>\n<html lang=\"pl\">\n<head>\n    <meta charset=\"UTF-8\">\n    <meta name=\"viewport\" content=\"width=device-width, initial-scale=1.0\">\n    <title>Wypo\u017cyczalnia Sprz\u0119tu Rehabilitacyjnego &#8211; Bartoszyce<\/title>\n    <link rel=\"stylesheet\" href=\"https:\/\/cdnjs.cloudflare.com\/ajax\/libs\/font-awesome\/6.4.0\/css\/all.min.css\">\n    <style>\n        :root {\n            --primary: #D4AF37; \/* Z\u0142oty *\/\n            --secondary: #CD7F32; \/* Br\u0105zowy *\/\n            --dark: #3A2D13; \/* Ciemny br\u0105z *\/\n            --light: #FFF9E6; \/* Jasny \u017c\u00f3\u0142ty *\/\n            --gray: #8B7D65; \/* Szaro-br\u0105zowy *\/\n        }\n        \n        * {\n            margin: 0;\n            padding: 0;\n            box-sizing: border-box;\n            font-family: 'Segoe UI', Tahoma, Geneva, Verdana, sans-serif;\n        }\n        \n        body {\n            background-color: var(--light);\n            color: var(--dark);\n            line-height: 1.6;\n        }\n        \n        .container {\n            max-width: 1200px;\n            margin: 0 auto;\n            padding: 0 20px;\n        }\n        \n        .header {\n            background: linear-gradient(135deg, var(--primary), var(--secondary));\n            color: white;\n            padding: 2rem 0;\n            text-align: center;\n            box-shadow: 0 4px 12px rgba(0,0,0,0.1);\n        }\n        \n        .logo {\n            font-size: 2.5rem;\n            margin-bottom: 1rem;\n        }\n        \n        .contact-bar {\n            background-color: var(--dark);\n            color: white;\n            padding: 0.8rem 0;\n        }\n        \n        .contact-info {\n            display: flex;\n            justify-content: space-between;\n            align-items: center;\n            flex-wrap: wrap;\n        }\n        \n        .contact-item {\n            display: flex;\n            align-items: center;\n            margin: 0.5rem 0;\n        }\n        \n        .contact-item i {\n            margin-right: 10px;\n            color: var(--primary);\n        }\n        \n        section {\n            padding: 3rem 0;\n        }\n        \n        .section-title {\n            text-align: center;\n            margin-bottom: 2rem;\n            position: relative;\n            color: var(--dark);\n        }\n        \n        .section-title:after {\n            content: '';\n            display: block;\n            width: 80px;\n            height: 4px;\n            background: var(--primary);\n            margin: 15px auto;\n        }\n        \n        .card {\n            background: white;\n            border-radius: 10px;\n            box-shadow: 0 5px 15px rgba(0,0,0,0.05);\n            padding: 2rem;\n            margin-bottom: 2rem;\n            transition: transform 0.3s ease;\n            border: 1px solid rgba(212, 175, 55, 0.2);\n        }\n        \n        .card:hover {\n            transform: translateY(-5px);\n            box-shadow: 0 8px 25px rgba(0,0,0,0.1);\n        }\n        \n        .card-title {\n            color: var(--secondary);\n            margin-bottom: 1rem;\n            display: flex;\n            align-items: center;\n        }\n        \n        .card-title i {\n            margin-right: 10px;\n            font-size: 1.5rem;\n            color: var(--primary);\n        }\n        \n        .grid {\n            display: grid;\n            grid-template-columns: repeat(auto-fit, minmax(300px, 1fr));\n            gap: 2rem;\n        }\n        \n        .equipment-category {\n            margin-bottom: 3rem;\n        }\n        \n        .equipment-list {\n            columns: 2;\n            list-style-type: none;\n        }\n                .equipment-list2 {\n            columns: 1;\n            list-style-type: none;\n        }\n        .equipment-list li {\n            margin-bottom: 0.8rem;\n            position: relative;\n            padding-left: 25px;\n        }\n        \n        .equipment-list li:before {\n            content: '\\f00c';\n            font-family: 'Font Awesome 6 Free';\n            font-weight: 900;\n            color: var(--primary);\n            position: absolute;\n            left: 0;\n        }\n                .equipment-list2 li {\n            margin-bottom: 0.8rem;\n            position: relative;\n            padding-left: 25px;\n        }\n        \n        .equipment-list2 li:before {\n            content: '\\f00c';\n            font-family: 'Font Awesome 6 Free';\n            font-weight: 900;\n            color: var(--primary);\n            position: absolute;\n            left: 0;\n        }\n        \n        .image-gallery {\n            display: grid;\n            grid-template-columns: repeat(auto-fill, minmax(250px, 1fr));\n            gap: 1.5rem;\n            margin: 2rem 0;\n        }\n        \n        .gallery-item {\n            height: 200px;\n            border-radius: 8px;\n            overflow: hidden;\n            box-shadow: 0 3px 10px rgba(0,0,0,0.1);\n            background-color: #f5f5f5;\n            display: flex;\n            align-items: center;\n            justify-content: center;\n            color: var(--gray);\n            border: 1px solid rgba(212, 175, 55, 0.3);\n            transition: all 0.3s ease;\n        }\n        \n        .gallery-item:hover {\n            transform: scale(1.03);\n            box-shadow: 0 5px 15px rgba(0,0,0,0.15);\n        }\n        \n        .st\u00f3pka{\n            background: linear-gradient(135deg, var(--dark), #2a210f);\n            color: white;\n            padding: 2rem 0;\n            text-align: center;\n        }\n        \n        .hours {\n            display: flex;\n            justify-content: center;\n            margin: 1rem 0;\n        }\n        \n        .hours-item {\n            margin: 0 1rem;\n            text-align: center;\n            background: rgba(255, 255, 255, 0.9);\n            padding: 1rem;\n            border-radius: 8px;\n            color: var(--dark);\n            box-shadow: 0 3px 10px rgba(0,0,0,0.1);\n        }\n        \n        .hours-item i {\n            color: var(--primary);\n            font-size: 1.5rem;\n            margin-bottom: 0.5rem;\n        }\n        \n        .btn {\n            display: inline-block;\n            background: linear-gradient(to right, var(--primary), var(--secondary));\n            color: white;\n            padding: 0.8rem 1.5rem;\n            border-radius: 50px;\n            text-decoration: none;\n            font-weight: 600;\n            margin-top: 1rem;\n            border: none;\n            cursor: pointer;\n            transition: all 0.3s ease;\n            box-shadow: 0 4px 15px rgba(212, 175, 55, 0.3);\n        }\n        \n        .btn:hover {\n            transform: translateY(-2px);\n            box-shadow: 0 6px 20px rgba(212, 175, 55, 0.4);\n        }\n        \n        @media (max-width: 768px) {\n            .contact-info {\n                flex-direction: column;\n                text-align: center;\n            }\n            \n            .contact-item {\n                justify-content: center;\n            }\n            \n            .equipment-list {\n                columns: 1;\n            }\n            \n            .hours {\n                flex-direction: column;\n            }\n            \n            .hours-item {\n                margin: 0.5rem 0;\n            }\n        }\n    <\/style>\n<\/head>\n<body>\n    <div class=\"contact-bar\">\n        <div class=\"container contact-info\">\n            <div class=\"contact-item\">\n                <i class=\"fas fa-map-marker-alt\"><\/i>\n                <span>ul. Genera\u0142a Bema 51A, 11-200 Bartoszyce<\/span>\n            <\/div>\n            <div class=\"contact-item\">\n                <i class=\"fas fa-phone-alt\"><\/i>\n                <span>Tel.\/fax 89 764 04 77<\/span>\n            <\/div>\n        <\/div>\n    <\/div>\n    \n    <div class=\"header\">\n        <div class=\"container\">\n            <div class=\"logo\">\n                <i class=\"fas fa-wheelchair\"><\/i>\n                <h1>Rehabilitation Equipment Rental<\/h1>\n            <\/div>\n        <\/div>\n    <\/div>\n    \n    <section>\n        <div class=\"container\">\n            <div class=\"card\">\n                <h2 class=\"card-title\"><i class=\"fas fa-info-circle\"><\/i> About Us<\/h2>\n                <p>Wypo\u017cyczalnia \u015bwiadczy us\u0142ugi na rzecz os\u00f3b przebywaj\u0105cych na terenie powiatu bartoszyckiego. W sytuacjach szczeg\u00f3lnych, w razie potrzeby udzielamy pomocy tak\u017ce osobom mieszkaj\u0105cym poza powiatem.<\/p>\n                <p>Istnieje mo\u017cliwo\u015b\u0107 transportu wypo\u017cyczonego sprz\u0119tu o wi\u0119kszych gabarytach!<\/p>\n                \n                <div class=\"hours\">\n                    <div class=\"hours-item\">\n                        <i class=\"far fa-clock\"><\/i>\n                        <p><strong>Godziny otwarcia:<\/strong><\/p>\n                        <p>Pon-Pt: 7:30-15:30<\/p>\n                    <\/div>\n                <\/div>\n                \n                <a href=\"#contact\" class=\"btn\">Contact<\/a>\n            <\/div>\n            \n            <!-- Miejsce na zdj\u0119cia -->\n            <div class=\"image-gallery\">\n                <div class=\"gallery-item\"><img decoding=\"async\" src=\"http:\/\/sionbartoszyce.pl\/wp-content\/uploads\/2025\/06\/wyp6-scaled.jpg\"><\/div>\n                <div class=\"gallery-item\"><img decoding=\"async\" src=\"http:\/\/sionbartoszyce.pl\/wp-content\/uploads\/2025\/06\/wyp11-scaled.jpg\"><\/div>\n                <div class=\"gallery-item\"><img decoding=\"async\" src=\"http:\/\/sionbartoszyce.pl\/wp-content\/uploads\/2025\/06\/wyp5-scaled.jpg\"><\/div>\n                <div class=\"gallery-item\"><img src =\"http:\/\/sionbartoszyce.pl\/wp-content\/uploads\/2025\/06\/wyp10-scaled.jpg\"><\/div>\n            <\/div>\n        <\/div>\n    <\/section>\n    \n    <section style=\"background-color: #FFFBF0;\">\n        <div class=\"container\">\n            <h2 class=\"section-title\">Dla kogo?<\/h2>\n            <div class=\"grid\">\n                <div class=\"card\">\n                    <h3 class=\"card-title\"><i class=\"fas fa-user-plus\"><\/i> Kto mo\u017ce wypo\u017cyczy\u0107?<\/h3>\n                    <p>Sprz\u0119t mog\u0105 wypo\u017cycza\u0107 osoby niepe\u0142nosprawne, kt\u00f3re:<\/p>\n                    <ul class=\"equipment-list2\">\n                        <li>utraci\u0142y sprawno\u015b\u0107 organizmu, s\u0105 w okresie diagnozowania mo\u017cliwo\u015bci oraz potrzeb i jeszcze nie posiadaj\u0105 orzeczenia o niepe\u0142nosprawno\u015bci lub o stopniu niepe\u0142nosprawno\u015bci,<\/li>\n                        <li>posiadaj\u0105 orzeczenie o niepe\u0142nosprawno\u015bci lub o stopniu niepe\u0142nosprawno\u015bci,<\/li>\n                        <li>wyka\u017c\u0105 si\u0119 pisemnym wskazaniem sprz\u0119tu rehabilitacyjnego do wypo\u017cyczenia, wystawionym przez lekarza lub rehabilitanta.<\/li>\n                    <\/ul>\n                <\/div>\n                \n                <div class=\"card\">\n                    <h3 class=\"card-title\"><i class=\"fas fa-concierge-bell\"><\/i> Nasze us\u0142ugi<\/h3>\n                    <p>Wypo\u017cyczalnia oferuje urz\u0105dzenia do terapii i \u0107wicze\u0144 indywidualnych, kt\u00f3rych stosowanie wspomaga rehabilitacj\u0119 i nie wymaga nadzoru specjalisty oraz sprz\u0119t piel\u0119gnacyjny i wspomagaj\u0105cy.<\/p>\n                    <p>\u015awiadczymy r\u00f3wnie\u017c us\u0142ugi w zakresie naprawy i konserwacji sprz\u0119tu rehabilitacyjnego i pomocniczego.<\/p>\n                <\/div>\n            <\/div>\n        <\/div>\n    <\/section>\n    \n    <section>\n        <div class=\"container\">\n            <h2 class=\"section-title\">Nasz sprz\u0119t<\/h2>\n            \n            <div class=\"equipment-category\">\n                <div class=\"card\">\n                    <h3 class=\"card-title\"><i class=\"fas fa-wheelchair-move\"><\/i> Sprz\u0119t rehabilitacyjny<\/h3>\n                    <ul class=\"equipment-list\">\n                        <li>W\u00f3zki inwalidzkie<\/li>\n                        <li>W\u00f3zki do aktywnej rehabilitacji<\/li>\n                        <li>Rowery rehabilitacyjne<\/li>\n                        <li>Roboty do \u0107wicze\u0144 czynno-oporowych ko\u0144czyn dolnych i g\u00f3rnych<\/li>\n                        <li>Chodziki tr\u00f3jko\u0142owe sk\u0142adane<\/li>\n                        <li>Chodziki z siedziskiem<\/li>\n                        <li>Balkoniki<\/li>\n                        <li>Podp\u00f3rki<\/li>\n                        <li>Laski<\/li>\n                        <li>Kule: \u0142okciowe, pachowe<\/li>\n                        <li>Kule typu tr\u00f3jn\u00f3g, czworon\u00f3g<\/li>\n                    <\/ul>\n                <\/div>\n            <\/div>\n            \n            <div class=\"equipment-category\">\n                <div class=\"card\">\n                    <h3 class=\"card-title\"><i class=\"fas fa-hands-helping\"><\/i> Sprz\u0119t wspomagaj\u0105cy<\/h3>\n                    <ul class=\"equipment-list\">\n                        <li>Podno\u015bniki transportowo-k\u0105pielowe<\/li>\n                        <li>Kliny<\/li>\n                        <li>Wa\u0142ki i materace rehabilitacyjne<\/li>\n                    <\/ul>\n                <\/div>\n            <\/div>\n            \n            <div class=\"equipment-category\">\n                <div class=\"card\">\n                    <h3 class=\"card-title\"><i class=\"fas fa-procedures\"><\/i> Sprz\u0119t piel\u0119gnacyjny<\/h3>\n                    <ul class=\"equipment-list\">\n                        <li>\u0141\u00f3\u017cka piel\u0119gnacyjno-rehabilitacyjne<\/li>\n                        <li>Krzes\u0142a sanitarne<\/li>\n                        <li>\u0141awki na wann\u0119<\/li>\n                        <li>Taborety prysznicowe<\/li>\n                        <li>Materace przeciwodle\u017cynowe<\/li>\n                    <\/ul>\n                <\/div>\n            <\/div>\n            \n            <!-- Dodatkowe miejsce na zdj\u0119cia sprz\u0119tu -->\n            <div class=\"image-gallery\">\n                <div class=\"gallery-item\"><img decoding=\"async\" src=\"http:\/\/sionbartoszyce.pl\/wp-content\/uploads\/2025\/06\/wyp12-scaled.jpg\"><\/div>\n                <div class=\"gallery-item\"><img decoding=\"async\" src=\"http:\/\/sionbartoszyce.pl\/wp-content\/uploads\/2025\/06\/wyp4-scaled.jpg\"><\/div>\n                <div class=\"gallery-item\"><img decoding=\"async\" src=\"http:\/\/sionbartoszyce.pl\/wp-content\/uploads\/2025\/06\/wyp3-scaled.jpg\"><\/div>\n                <div class=\"gallery-item\"><img decoding=\"async\" src=\"http:\/\/sionbartoszyce.pl\/wp-content\/uploads\/2025\/06\/wyp8-scaled.jpg\"><\/div>\n            <\/div>\n        <\/div>\n    <\/section>\n    \n    <section id=\"contact\" style=\"background-color: #FFFBF0;\">\n        <div class=\"container\">\n            <h2 class=\"section-title\">Contact<\/h2>\n            <div class=\"card\">\n                <div class=\"grid\">\n                    <div>\n                        <h3 class=\"card-title\"><i class=\"fas fa-map-marked-alt\"><\/i> Adres<\/h3>\n                        <p>Rehabilitation Equipment Rental<\/p>\n                        <p>ul. Genera\u0142a Bema 51A<\/p>\n                        <p>11-200 Bartoszyce<\/p>\n                    <\/div>\n                    <div>\n                        <h3 class=\"card-title\"><i class=\"fas fa-phone-volume\"><\/i> Telefon<\/h3>\n                        <p>Tel.\/fax: 89 764 04 77<\/p>\n                        <h3 class=\"card-title\" style=\"margin-top: 1.5rem;\"><i class=\"far fa-clock\"><\/i> Godziny otwarcia<\/h3>\n                        <p>Poniedzia\u0142ek &#8211; Pi\u0105tek: 7:30-15:30<\/p>\n                    <\/div>\n                <\/div>\n            <\/div>\n        <\/div>\n    <\/section>\n    \n    <div class=\"st\u00f3pka\">\n        <div class=\"container\">\n            <h3>Rehabilitation Equipment Rental<\/h3>\n            <p>ul. Genera\u0142a Bema 51A, 11-200 Bartoszyce<\/p>\n            <p>Tel.\/fax 89 764 04 77<\/p>\n            <p>Serdecznie zapraszamy!<\/p>\n\n        <\/div>\n    <\/div>\n<\/body>\n<\/html>\n\n\nb","protected":false},"excerpt":{"rendered":"<p>11-200 Bartoszyceul. Genera\u0142a Bema 51ATel.\/fax 89 764 04 77 Z us\u0142ug wypo\u017cyczalni mo\u017cna korzysta\u0107 od poniedzia\u0142ku do pi\u0105tku w godz. 7:30-15.30.Istnieje mo\u017cliwo\u015b\u0107 transportu wypo\u017cyczonego sprz\u0119tu o wi\u0119kszych gabarytach!Wypo\u017cyczalnia \u015bwiadczy us\u0142ugi na rzecz os\u00f3b przebywaj\u0105cych na terenie powiatu bartoszyckiego.W sytuacjach szczeg\u00f3lnych, a w razie potrzeby udzielamy pomocy tak\u017ce osobom mieszkaj\u0105cym poza powiatem. Sprz\u0119t mog\u0105 wypo\u017cycza\u0107 osoby [&hellip;]<\/p>\n","protected":false},"author":1,"featured_media":0,"parent":0,"menu_order":0,"comment_status":"closed","ping_status":"closed","template":"","meta":{"site-sidebar-layout":"default","site-content-layout":"default","ast-site-content-layout":"default","site-content-style":"default","site-sidebar-style":"default","ast-global-header-display":"","ast-banner-title-visibility":"","ast-main-header-display":"","ast-hfb-above-header-display":"","ast-hfb-below-header-display":"","ast-hfb-mobile-header-display":"","site-post-title":"","ast-breadcrumbs-content":"","ast-featured-img":"","footer-sml-layout":"","ast-disable-related-posts":"","theme-transparent-header-meta":"default","adv-header-id-meta":"","stick-header-meta":"","header-above-stick-meta":"","header-main-stick-meta":"","header-below-stick-meta":"","astra-migrate-meta-layouts":"set","ast-page-background-enabled":"default","ast-page-background-meta":{"desktop":{"background-color":"","background-image":"","background-repeat":"repeat","background-position":"center center","background-size":"auto","background-attachment":"scroll","background-type":"","background-media":"","overlay-type":"","overlay-color":"","overlay-opacity":"","overlay-gradient":""},"tablet":{"background-color":"","background-image":"","background-repeat":"repeat","background-position":"center center","background-size":"auto","background-attachment":"scroll","background-type":"","background-media":"","overlay-type":"","overlay-color":"","overlay-opacity":"","overlay-gradient":""},"mobile":{"background-color":"","background-image":"","background-repeat":"repeat","background-position":"center center","background-size":"auto","background-attachment":"scroll","background-type":"","background-media":"","overlay-type":"","overlay-color":"","overlay-opacity":"","overlay-gradient":""}},"ast-content-background-meta":{"desktop":{"background-color":"var(--ast-global-color-5)","background-image":"","background-repeat":"repeat","background-position":"center center","background-size":"auto","background-attachment":"scroll","background-type":"","background-media":"","overlay-type":"","overlay-color":"","overlay-opacity":"","overlay-gradient":""},"tablet":{"background-color":"var(--ast-global-color-5)","background-image":"","background-repeat":"repeat","background-position":"center center","background-size":"auto","background-attachment":"scroll","background-type":"","background-media":"","overlay-type":"","overlay-color":"","overlay-opacity":"","overlay-gradient":""},"mobile":{"background-color":"var(--ast-global-color-5)","background-image":"","background-repeat":"repeat","background-position":"center center","background-size":"auto","background-attachment":"scroll","background-type":"","background-media":"","overlay-type":"","overlay-color":"","overlay-opacity":"","overlay-gradient":""}},"ngg_post_thumbnail":0,"footnotes":""},"class_list":["post-16798","page","type-page","status-publish","hentry"],"_links":{"self":[{"href":"http:\/\/sionbartoszyce.pl\/en\/wp-json\/wp\/v2\/pages\/16798","targetHints":{"allow":["GET"]}}],"collection":[{"href":"http:\/\/sionbartoszyce.pl\/en\/wp-json\/wp\/v2\/pages"}],"about":[{"href":"http:\/\/sionbartoszyce.pl\/en\/wp-json\/wp\/v2\/types\/page"}],"author":[{"embeddable":true,"href":"http:\/\/sionbartoszyce.pl\/en\/wp-json\/wp\/v2\/users\/1"}],"replies":[{"embeddable":true,"href":"http:\/\/sionbartoszyce.pl\/en\/wp-json\/wp\/v2\/comments?post=16798"}],"version-history":[{"count":19,"href":"http:\/\/sionbartoszyce.pl\/en\/wp-json\/wp\/v2\/pages\/16798\/revisions"}],"predecessor-version":[{"id":23040,"href":"http:\/\/sionbartoszyce.pl\/en\/wp-json\/wp\/v2\/pages\/16798\/revisions\/23040"}],"wp:attachment":[{"href":"http:\/\/sionbartoszyce.pl\/en\/wp-json\/wp\/v2\/media?parent=16798"}],"curies":[{"name":"wp","href":"https:\/\/api.w.org\/{rel}","templated":true}]}}