{"id":16513,"date":"2021-04-09T13:36:45","date_gmt":"2021-04-09T11:36:45","guid":{"rendered":"http:\/\/sionbartoszyce.pl\/?page_id=16513"},"modified":"2021-06-28T12:49:42","modified_gmt":"2021-06-28T10:49:42","slug":"2017-2","status":"publish","type":"page","link":"http:\/\/sionbartoszyce.pl\/en\/2017-2\/","title":{"rendered":"Sprawozdania Finansowe i Merytoryczne za rok 2017"},"content":{"rendered":"<p><strong><a href=\"http:\/\/sionbartoszyce.pl\/en\/sprawozdania-finansowe-merytoryczne\/bilansmikro\/\">Bilans(mikro)<\/a><\/strong><\/p>\n\n\n\n<p><strong><a href=\"http:\/\/sionbartoszyce.pl\/en\/sprawozdania-finansowe-merytoryczne\/informacje-ogolne-2\/\">Informacje og\u00f3lne<\/a><\/strong><\/p>\n\n\n\n<p><strong><a href=\"http:\/\/sionbartoszyce.pl\/en\/sprawozdania-finansowe-merytoryczne\/informacje-uzupelniajace-do-bilansu-2\/\">Informacje uzupe\u0142niaj\u0105ce do bilansu<\/a><\/strong><\/p>\n\n\n\n<p><strong><a href=\"http:\/\/sionbartoszyce.pl\/en\/sprawozdania-finansowe-merytoryczne\/rachunek-zyskow-i-strat-dla-nieprowadzacych-dzialalnosci-gospodarczej-2\/\">Rachunek zysk\u00f3w i strat (dla nieprowadz\u0105cych dzia\u0142alno\u015bci gospodarczej)<\/a><\/strong><\/p>\n\n\n\n<p><strong><a href=\"http:\/\/sionbartoszyce.pl\/en\/sprawozdania-finansowe-merytoryczne\/sprawozdanie-motoryczne\/\">Sprawozdanie mery<\/a><\/strong><a href=\"http:\/\/sionbartoszyce.pl\/en\/sprawozdania-finansowe-merytoryczne\/sprawozdanie-motoryczne\/\"><strong>toryczne<\/strong><\/a><\/p>","protected":false},"excerpt":{"rendered":"<p>Bilans(mikro) Informacje og\u00f3lne Informacje uzupe\u0142niaj\u0105ce do bilansu Rachunek zysk\u00f3w i strat (dla nieprowadz\u0105cych dzia\u0142alno\u015bci gospodarczej) Sprawozdanie merytoryczne<\/p>","protected":false},"author":1,"featured_media":0,"parent":0,"menu_order":0,"comment_status":"closed","ping_status":"closed","template":"","meta":{"site-sidebar-layout":"default","site-content-layout":"default","ast-site-content-layout":"default","site-content-style":"default","site-sidebar-style":"default","ast-global-header-display":"","ast-banner-title-visibility":"","ast-main-header-display":"","ast-hfb-above-header-display":"","ast-hfb-below-header-display":"","ast-hfb-mobile-header-display":"","site-post-title":"","ast-breadcrumbs-content":"","ast-featured-img":"","footer-sml-layout":"","ast-disable-related-posts":"","theme-transparent-header-meta":"default","adv-header-id-meta":"","stick-header-meta":"","header-above-stick-meta":"","header-main-stick-meta":"","header-below-stick-meta":"","astra-migrate-meta-layouts":"default","ast-page-background-enabled":"default","ast-page-background-meta":{"desktop":{"background-color":"","background-image":"","background-repeat":"repeat","background-position":"center center","background-size":"auto","background-attachment":"scroll","background-type":"","background-media":"","overlay-type":"","overlay-color":"","overlay-opacity":"","overlay-gradient":""},"tablet":{"background-color":"","background-image":"","background-repeat":"repeat","background-position":"center center","background-size":"auto","background-attachment":"scroll","background-type":"","background-media":"","overlay-type":"","overlay-color":"","overlay-opacity":"","overlay-gradient":""},"mobile":{"background-color":"","background-image":"","background-repeat":"repeat","background-position":"center center","background-size":"auto","background-attachment":"scroll","background-type":"","background-media":"","overlay-type":"","overlay-color":"","overlay-opacity":"","overlay-gradient":""}},"ast-content-background-meta":{"desktop":{"background-color":"var(--ast-global-color-5)","background-image":"","background-repeat":"repeat","background-position":"center center","background-size":"auto","background-attachment":"scroll","background-type":"","background-media":"","overlay-type":"","overlay-color":"","overlay-opacity":"","overlay-gradient":""},"tablet":{"background-color":"var(--ast-global-color-5)","background-image":"","background-repeat":"repeat","background-position":"center center","background-size":"auto","background-attachment":"scroll","background-type":"","background-media":"","overlay-type":"","overlay-color":"","overlay-opacity":"","overlay-gradient":""},"mobile":{"background-color":"var(--ast-global-color-5)","background-image":"","background-repeat":"repeat","background-position":"center center","background-size":"auto","background-attachment":"scroll","background-type":"","background-media":"","overlay-type":"","overlay-color":"","overlay-opacity":"","overlay-gradient":""}},"ngg_post_thumbnail":0,"footnotes":""},"class_list":["post-16513","page","type-page","status-publish","hentry"],"_links":{"self":[{"href":"http:\/\/sionbartoszyce.pl\/en\/wp-json\/wp\/v2\/pages\/16513","targetHints":{"allow":["GET"]}}],"collection":[{"href":"http:\/\/sionbartoszyce.pl\/en\/wp-json\/wp\/v2\/pages"}],"about":[{"href":"http:\/\/sionbartoszyce.pl\/en\/wp-json\/wp\/v2\/types\/page"}],"author":[{"embeddable":true,"href":"http:\/\/sionbartoszyce.pl\/en\/wp-json\/wp\/v2\/users\/1"}],"replies":[{"embeddable":true,"href":"http:\/\/sionbartoszyce.pl\/en\/wp-json\/wp\/v2\/comments?post=16513"}],"version-history":[{"count":4,"href":"http:\/\/sionbartoszyce.pl\/en\/wp-json\/wp\/v2\/pages\/16513\/revisions"}],"predecessor-version":[{"id":17089,"href":"http:\/\/sionbartoszyce.pl\/en\/wp-json\/wp\/v2\/pages\/16513\/revisions\/17089"}],"wp:attachment":[{"href":"http:\/\/sionbartoszyce.pl\/en\/wp-json\/wp\/v2\/media?parent=16513"}],"curies":[{"name":"wp","href":"https:\/\/api.w.org\/{rel}","templated":true}]}}