{"id":16507,"date":"2021-04-09T13:36:13","date_gmt":"2021-04-09T11:36:13","guid":{"rendered":"http:\/\/sionbartoszyce.pl\/?page_id=16507"},"modified":"2021-06-28T12:48:28","modified_gmt":"2021-06-28T10:48:28","slug":"2015-2","status":"publish","type":"page","link":"http:\/\/sionbartoszyce.pl\/en\/2015-2\/","title":{"rendered":"Sprawozdania Finansowe i Merytoryczne za rok 2015"},"content":{"rendered":"<p><a href=\"http:\/\/sprawozdaniaopp.mpips.gov.pl\/Search\/Print\/6859?reporttypeId=17\" target=\"_blank\" rel=\"noopener\"><span class=\"has-inline-color has-black-color\"><strong>Bilans<\/strong><\/span><\/a><\/p>\n\n\n\n<p><strong><a href=\"http:\/\/sprawozdaniaopp.mpips.gov.pl\/Search\/Print\/6859?reporttypeId=16\" target=\"_blank\" rel=\"noopener\"><span class=\"has-inline-color has-black-color\">Informacje og\u00f3lne<\/span><\/a><\/strong><\/p>\n\n\n\n<p><strong><a href=\"http:\/\/sprawozdaniaopp.mpips.gov.pl\/Search\/Print\/6860?reporttypeId=15\" target=\"_blank\" rel=\"noopener\"><span class=\"has-inline-color has-black-color\">Informacje uzupe\u0142niaj\u0105ce do bilansu<\/span><\/a><\/strong><\/p>\n\n\n\n<p><strong><a href=\"http:\/\/sprawozdaniaopp.mpips.gov.pl\/Search\/Print\/6632?reporttypeId=18\" target=\"_blank\" rel=\"noopener\"><span class=\"has-inline-color has-black-color\">Rachunek zysk\u00f3w i strat (dla nieprowadz\u0105cych dzia\u0142alno\u015bci gospodarczej)<\/span><\/a><\/strong><\/p>\n\n\n\n<p><a href=\"http:\/\/sprawozdaniaopp.mpips.gov.pl\/Search\/Print\/9447?reporttypeId=13\" target=\"_blank\" rel=\"noopener\"><strong><span class=\"has-inline-color has-black-color\">Sprawozdanie merytoryczne<\/span><\/strong><\/a><\/p>","protected":false},"excerpt":{"rendered":"<p>Bilans Informacje og\u00f3lne Informacje uzupe\u0142niaj\u0105ce do bilansu Rachunek zysk\u00f3w i strat (dla nieprowadz\u0105cych dzia\u0142alno\u015bci gospodarczej) Sprawozdanie merytoryczne<\/p>","protected":false},"author":1,"featured_media":0,"parent":0,"menu_order":0,"comment_status":"closed","ping_status":"closed","template":"","meta":{"site-sidebar-layout":"default","site-content-layout":"default","ast-site-content-layout":"default","site-content-style":"default","site-sidebar-style":"default","ast-global-header-display":"","ast-banner-title-visibility":"","ast-main-header-display":"","ast-hfb-above-header-display":"","ast-hfb-below-header-display":"","ast-hfb-mobile-header-display":"","site-post-title":"","ast-breadcrumbs-content":"","ast-featured-img":"","footer-sml-layout":"","ast-disable-related-posts":"","theme-transparent-header-meta":"default","adv-header-id-meta":"","stick-header-meta":"","header-above-stick-meta":"","header-main-stick-meta":"","header-below-stick-meta":"","astra-migrate-meta-layouts":"default","ast-page-background-enabled":"default","ast-page-background-meta":{"desktop":{"background-color":"","background-image":"","background-repeat":"repeat","background-position":"center center","background-size":"auto","background-attachment":"scroll","background-type":"","background-media":"","overlay-type":"","overlay-color":"","overlay-opacity":"","overlay-gradient":""},"tablet":{"background-color":"","background-image":"","background-repeat":"repeat","background-position":"center center","background-size":"auto","background-attachment":"scroll","background-type":"","background-media":"","overlay-type":"","overlay-color":"","overlay-opacity":"","overlay-gradient":""},"mobile":{"background-color":"","background-image":"","background-repeat":"repeat","background-position":"center center","background-size":"auto","background-attachment":"scroll","background-type":"","background-media":"","overlay-type":"","overlay-color":"","overlay-opacity":"","overlay-gradient":""}},"ast-content-background-meta":{"desktop":{"background-color":"var(--ast-global-color-5)","background-image":"","background-repeat":"repeat","background-position":"center center","background-size":"auto","background-attachment":"scroll","background-type":"","background-media":"","overlay-type":"","overlay-color":"","overlay-opacity":"","overlay-gradient":""},"tablet":{"background-color":"var(--ast-global-color-5)","background-image":"","background-repeat":"repeat","background-position":"center center","background-size":"auto","background-attachment":"scroll","background-type":"","background-media":"","overlay-type":"","overlay-color":"","overlay-opacity":"","overlay-gradient":""},"mobile":{"background-color":"var(--ast-global-color-5)","background-image":"","background-repeat":"repeat","background-position":"center center","background-size":"auto","background-attachment":"scroll","background-type":"","background-media":"","overlay-type":"","overlay-color":"","overlay-opacity":"","overlay-gradient":""}},"ngg_post_thumbnail":0,"footnotes":""},"class_list":["post-16507","page","type-page","status-publish","hentry"],"_links":{"self":[{"href":"http:\/\/sionbartoszyce.pl\/en\/wp-json\/wp\/v2\/pages\/16507","targetHints":{"allow":["GET"]}}],"collection":[{"href":"http:\/\/sionbartoszyce.pl\/en\/wp-json\/wp\/v2\/pages"}],"about":[{"href":"http:\/\/sionbartoszyce.pl\/en\/wp-json\/wp\/v2\/types\/page"}],"author":[{"embeddable":true,"href":"http:\/\/sionbartoszyce.pl\/en\/wp-json\/wp\/v2\/users\/1"}],"replies":[{"embeddable":true,"href":"http:\/\/sionbartoszyce.pl\/en\/wp-json\/wp\/v2\/comments?post=16507"}],"version-history":[{"count":6,"href":"http:\/\/sionbartoszyce.pl\/en\/wp-json\/wp\/v2\/pages\/16507\/revisions"}],"predecessor-version":[{"id":22693,"href":"http:\/\/sionbartoszyce.pl\/en\/wp-json\/wp\/v2\/pages\/16507\/revisions\/22693"}],"wp:attachment":[{"href":"http:\/\/sionbartoszyce.pl\/en\/wp-json\/wp\/v2\/media?parent=16507"}],"curies":[{"name":"wp","href":"https:\/\/api.w.org\/{rel}","templated":true}]}}