{"id":16400,"date":"2021-03-26T11:09:48","date_gmt":"2021-03-26T10:09:48","guid":{"rendered":"http:\/\/sionbartoszyce.pl\/?page_id=16400"},"modified":"2021-04-09T13:47:02","modified_gmt":"2021-04-09T11:47:02","slug":"program-zajecia-klubowe-w-wtz","status":"publish","type":"page","link":"http:\/\/sionbartoszyce.pl\/en\/program-zajecia-klubowe-w-wtz\/","title":{"rendered":"Program &#8222;Zaj\u0119cia Klubowe w WTZ&#8221;"},"content":{"rendered":"<p>\n<!--StartFragment--><\/p>\n\n\n<p>  Rehabilitacja spo\u0142eczna i zawodowa w formie warsztat\u00f3w terapii zaj\u0119ciowej jest wa\u017cnym elementem systemu wsparcia os\u00f3b, kt\u00f3rym niepe\u0142nosprawno\u015b\u0107 uniemo\u017cliwia lub powa\u017cnie utrudnia aktywne funkcjonowanie spo\u0142eczne i zawodowe. Sie\u0107 plac\u00f3wek prowadz\u0105cych warsztaty terapii zaj\u0119ciowej (WTZ) na terenie kraju stwarza osobom niepe\u0142nosprawnym, niezdolnym do podj\u0119cia zatrudnienia, mo\u017cliwo\u015b\u0107 pozyskiwania lub przywracania umiej\u0119tno\u015bci niezb\u0119dnych do rozpocz\u0119cia pracy. <br>  Pa\u0144stwowy Fundusz Rehabilitacji Os\u00f3b Niepe\u0142nosprawnych uruchomi\u0142 program wsparcia os\u00f3b niepe\u0142nosprawnych poprzez prowadzenie przez WTZ zaj\u0119\u0107 klubowych jako zorganizowanej formy rehabilitacji. W ramach programu WTZ zainteresowany prowadzeniem zaj\u0119\u0107 klubowych mo\u017ce ubiega\u0107 si\u0119 o ich dofinansowanie. <\/p>\n\n\n\n<p>  Program \u201eZaj\u0119cia klubowe w WTZ\u201d jest rozwi\u0105zaniem, kt\u00f3re sprzyja aktywnemu wspomaganiu uczestnik\u00f3w warsztat\u00f3w, kt\u00f3rzy weszli na rynek pracy oraz os\u00f3b niepe\u0142nosprawnych przed rozpocz\u0119ciem procesu rehabilitacji w warsztacie terapii zaj\u0119ciowej.<br> <br> <\/p>\n\n\n\n<p>Cele programu:<\/p>\n\n\n\n<p>Celem\nprogramu jest wsparcie os\u00f3b niepe\u0142nosprawnych w utrzymaniu samodzielno\u015bci i\nniezale\u017cno\u015bci w \u017cyciu spo\u0142ecznym i zawodowym poprzez prowadzenie przez\nwarsztaty terapii zaj\u0119ciowej zaj\u0119\u0107 klubowych jako zorganizowanej formy\nrehabilitacji.<\/p>\n\n\n\n<p>Beneficjenci,\nadresaci programu i podmioty udzielaj\u0105ce pomocy w ramach programu.<\/p>\n\n\n\n<p>Beneficjentami\nprogramu s\u0105:<\/p>\n\n\n\n<ul class=\"wp-block-list\"><li>osoby niepe\u0142nosprawne, posiadaj\u0105ce wa\u017cne orzeczenie o stopniu niepe\u0142nosprawno\u015bci (lub orzeczenie r\u00f3wnowa\u017cne), kt\u00f3re by\u0142y uczestnikami WTZ i opu\u015bci\u0142y go w zwi\u0105zku z podj\u0119ciem zatrudnienia,<\/li><li>osoby niepe\u0142nosprawne, posiadaj\u0105ce wa\u017cne orzeczenie o stopniu niepe\u0142nosprawno\u015bci (lub orzeczenie r\u00f3wnowa\u017cne), znajduj\u0105ce si\u0119 na prowadzonej przez podmiot prowadz\u0105cy WTZ li\u015bcie os\u00f3b (o kt\u00f3rej mowa w art. 10f ust. 2a ustawy o rehabilitacji), kt\u00f3rych zg\u0142oszenie do uczestnictwa w warsztacie zosta\u0142o zatwierdzone i kt\u00f3re nie rozpocz\u0119\u0142y terapii w WTZ.<\/li><\/ul>\n\n\n\n<p><\/p>\n\n\n\n<p>Pobierz wniosek osoby ubiegaj\u0105cej si\u0119 o uczestnictwo w zaj\u0119ciach klubowych:<br><strong><span class=\"has-inline-color has-vivid-cyan-blue-color\"><a href=\"http:\/\/sionbartoszyce.pl\/wp-content\/uploads\/2021\/03\/Wniosek-osoby-ubiegaj\u0105cej-si\u0119-o-uczestnictwo-w-zaj\u0119ciach-klubowych.doc\">Wniosek osoby ubiegaj\u0105cej si\u0119 o uczestnictwo w zaj\u0119ciach klubowych<\/a> <\/span><\/strong><br><\/p>\n\n\n\n<p><br><\/p>\n\n\n<p><!--EndFragment--><\/p>","protected":false},"excerpt":{"rendered":"<p>Rehabilitacja spo\u0142eczna i zawodowa w formie warsztat\u00f3w terapii zaj\u0119ciowej jest wa\u017cnym elementem systemu wsparcia os\u00f3b, kt\u00f3rym niepe\u0142nosprawno\u015b\u0107 uniemo\u017cliwia lub powa\u017cnie utrudnia aktywne funkcjonowanie spo\u0142eczne i zawodowe. Sie\u0107 plac\u00f3wek prowadz\u0105cych warsztaty terapii zaj\u0119ciowej (WTZ) na terenie kraju stwarza osobom niepe\u0142nosprawnym, niezdolnym do podj\u0119cia zatrudnienia, mo\u017cliwo\u015b\u0107 pozyskiwania lub przywracania umiej\u0119tno\u015bci niezb\u0119dnych do rozpocz\u0119cia pracy. Pa\u0144stwowy Fundusz Rehabilitacji [&hellip;]<\/p>\n","protected":false},"author":1,"featured_media":0,"parent":0,"menu_order":0,"comment_status":"closed","ping_status":"closed","template":"","meta":{"site-sidebar-layout":"default","site-content-layout":"default","ast-site-content-layout":"default","site-content-style":"default","site-sidebar-style":"default","ast-global-header-display":"","ast-banner-title-visibility":"","ast-main-header-display":"","ast-hfb-above-header-display":"","ast-hfb-below-header-display":"","ast-hfb-mobile-header-display":"","site-post-title":"","ast-breadcrumbs-content":"","ast-featured-img":"","footer-sml-layout":"","ast-disable-related-posts":"","theme-transparent-header-meta":"default","adv-header-id-meta":"","stick-header-meta":"","header-above-stick-meta":"","header-main-stick-meta":"","header-below-stick-meta":"","astra-migrate-meta-layouts":"default","ast-page-background-enabled":"default","ast-page-background-meta":{"desktop":{"background-color":"","background-image":"","background-repeat":"repeat","background-position":"center center","background-size":"auto","background-attachment":"scroll","background-type":"","background-media":"","overlay-type":"","overlay-color":"","overlay-opacity":"","overlay-gradient":""},"tablet":{"background-color":"","background-image":"","background-repeat":"repeat","background-position":"center center","background-size":"auto","background-attachment":"scroll","background-type":"","background-media":"","overlay-type":"","overlay-color":"","overlay-opacity":"","overlay-gradient":""},"mobile":{"background-color":"","background-image":"","background-repeat":"repeat","background-position":"center center","background-size":"auto","background-attachment":"scroll","background-type":"","background-media":"","overlay-type":"","overlay-color":"","overlay-opacity":"","overlay-gradient":""}},"ast-content-background-meta":{"desktop":{"background-color":"var(--ast-global-color-5)","background-image":"","background-repeat":"repeat","background-position":"center center","background-size":"auto","background-attachment":"scroll","background-type":"","background-media":"","overlay-type":"","overlay-color":"","overlay-opacity":"","overlay-gradient":""},"tablet":{"background-color":"var(--ast-global-color-5)","background-image":"","background-repeat":"repeat","background-position":"center center","background-size":"auto","background-attachment":"scroll","background-type":"","background-media":"","overlay-type":"","overlay-color":"","overlay-opacity":"","overlay-gradient":""},"mobile":{"background-color":"var(--ast-global-color-5)","background-image":"","background-repeat":"repeat","background-position":"center center","background-size":"auto","background-attachment":"scroll","background-type":"","background-media":"","overlay-type":"","overlay-color":"","overlay-opacity":"","overlay-gradient":""}},"ngg_post_thumbnail":0,"footnotes":""},"class_list":["post-16400","page","type-page","status-publish","hentry"],"_links":{"self":[{"href":"http:\/\/sionbartoszyce.pl\/en\/wp-json\/wp\/v2\/pages\/16400","targetHints":{"allow":["GET"]}}],"collection":[{"href":"http:\/\/sionbartoszyce.pl\/en\/wp-json\/wp\/v2\/pages"}],"about":[{"href":"http:\/\/sionbartoszyce.pl\/en\/wp-json\/wp\/v2\/types\/page"}],"author":[{"embeddable":true,"href":"http:\/\/sionbartoszyce.pl\/en\/wp-json\/wp\/v2\/users\/1"}],"replies":[{"embeddable":true,"href":"http:\/\/sionbartoszyce.pl\/en\/wp-json\/wp\/v2\/comments?post=16400"}],"version-history":[{"count":5,"href":"http:\/\/sionbartoszyce.pl\/en\/wp-json\/wp\/v2\/pages\/16400\/revisions"}],"predecessor-version":[{"id":16963,"href":"http:\/\/sionbartoszyce.pl\/en\/wp-json\/wp\/v2\/pages\/16400\/revisions\/16963"}],"wp:attachment":[{"href":"http:\/\/sionbartoszyce.pl\/en\/wp-json\/wp\/v2\/media?parent=16400"}],"curies":[{"name":"wp","href":"https:\/\/api.w.org\/{rel}","templated":true}]}}