{"id":16390,"date":"2021-03-26T09:37:16","date_gmt":"2021-03-26T08:37:16","guid":{"rendered":"http:\/\/sionbartoszyce.pl\/?page_id=16390"},"modified":"2025-04-08T11:50:59","modified_gmt":"2025-04-08T09:50:59","slug":"wniosek-o-przyjecie-do-wtz-2","status":"publish","type":"page","link":"http:\/\/sionbartoszyce.pl\/en\/wniosek-o-przyjecie-do-wtz-2\/","title":{"rendered":"Wniosek o Przyj\u0119cie do WTZ"},"content":{"rendered":"<div class=\"wp-block-file\"><a href=\"http:\/\/sionbartoszyce.pl\/wp-content\/uploads\/2025\/04\/WNIOSEK-O-PRZYJECIE-NOWY-DRUK.docx\" class=\"wp-block-file__button wp-element-button\" download><strong>Pobierz Wniosek o Przyj\u0119cie do WTZ<\/strong><\/a><\/div>\n\n\n\n<p>Podstaw\u0105 do zakwalifikowania osoby z niepe\u0142nosprawno\u015bciami do uczestnictwa w warsztacie jest orzeczenie o stopniu niepe\u0142nosprawno\u015bci ze wskazaniem do uczestnictwa w terapii zaj\u0119ciowej.<\/p>\n\n\n\n<p><br><br>Przyk\u0142adowe orzeczenie:<\/p>\n\n\n\n<figure class=\"wp-block-image\"><img decoding=\"async\" src=\"http:\/\/sionbartoszyce.pl\/wp-content\/uploads\/2021\/03\/orzeczenie-o-stopniu-niepelnosprawnosci-741x1024.jpg\" alt=\"\" class=\"wp-image-16379\"\/><\/figure>\n\n\n\n<p><\/p>","protected":false},"excerpt":{"rendered":"<p>Podstaw\u0105 do zakwalifikowania osoby z niepe\u0142nosprawno\u015bciami do uczestnictwa w warsztacie jest orzeczenie o stopniu niepe\u0142nosprawno\u015bci ze wskazaniem do uczestnictwa w terapii zaj\u0119ciowej. Przyk\u0142adowe orzeczenie:<\/p>","protected":false},"author":1,"featured_media":0,"parent":0,"menu_order":0,"comment_status":"closed","ping_status":"closed","template":"","meta":{"site-sidebar-layout":"default","site-content-layout":"default","ast-site-content-layout":"default","site-content-style":"default","site-sidebar-style":"default","ast-global-header-display":"","ast-banner-title-visibility":"","ast-main-header-display":"","ast-hfb-above-header-display":"","ast-hfb-below-header-display":"","ast-hfb-mobile-header-display":"","site-post-title":"","ast-breadcrumbs-content":"","ast-featured-img":"","footer-sml-layout":"","ast-disable-related-posts":"","theme-transparent-header-meta":"default","adv-header-id-meta":"","stick-header-meta":"","header-above-stick-meta":"","header-main-stick-meta":"","header-below-stick-meta":"","astra-migrate-meta-layouts":"set","ast-page-background-enabled":"default","ast-page-background-meta":{"desktop":{"background-color":"","background-image":"","background-repeat":"repeat","background-position":"center center","background-size":"auto","background-attachment":"scroll","background-type":"","background-media":"","overlay-type":"","overlay-color":"","overlay-opacity":"","overlay-gradient":""},"tablet":{"background-color":"","background-image":"","background-repeat":"repeat","background-position":"center center","background-size":"auto","background-attachment":"scroll","background-type":"","background-media":"","overlay-type":"","overlay-color":"","overlay-opacity":"","overlay-gradient":""},"mobile":{"background-color":"","background-image":"","background-repeat":"repeat","background-position":"center center","background-size":"auto","background-attachment":"scroll","background-type":"","background-media":"","overlay-type":"","overlay-color":"","overlay-opacity":"","overlay-gradient":""}},"ast-content-background-meta":{"desktop":{"background-color":"var(--ast-global-color-5)","background-image":"","background-repeat":"repeat","background-position":"center center","background-size":"auto","background-attachment":"scroll","background-type":"","background-media":"","overlay-type":"","overlay-color":"","overlay-opacity":"","overlay-gradient":""},"tablet":{"background-color":"var(--ast-global-color-5)","background-image":"","background-repeat":"repeat","background-position":"center center","background-size":"auto","background-attachment":"scroll","background-type":"","background-media":"","overlay-type":"","overlay-color":"","overlay-opacity":"","overlay-gradient":""},"mobile":{"background-color":"var(--ast-global-color-5)","background-image":"","background-repeat":"repeat","background-position":"center center","background-size":"auto","background-attachment":"scroll","background-type":"","background-media":"","overlay-type":"","overlay-color":"","overlay-opacity":"","overlay-gradient":""}},"ngg_post_thumbnail":0,"footnotes":""},"class_list":["post-16390","page","type-page","status-publish","hentry"],"_links":{"self":[{"href":"http:\/\/sionbartoszyce.pl\/en\/wp-json\/wp\/v2\/pages\/16390","targetHints":{"allow":["GET"]}}],"collection":[{"href":"http:\/\/sionbartoszyce.pl\/en\/wp-json\/wp\/v2\/pages"}],"about":[{"href":"http:\/\/sionbartoszyce.pl\/en\/wp-json\/wp\/v2\/types\/page"}],"author":[{"embeddable":true,"href":"http:\/\/sionbartoszyce.pl\/en\/wp-json\/wp\/v2\/users\/1"}],"replies":[{"embeddable":true,"href":"http:\/\/sionbartoszyce.pl\/en\/wp-json\/wp\/v2\/comments?post=16390"}],"version-history":[{"count":5,"href":"http:\/\/sionbartoszyce.pl\/en\/wp-json\/wp\/v2\/pages\/16390\/revisions"}],"predecessor-version":[{"id":21854,"href":"http:\/\/sionbartoszyce.pl\/en\/wp-json\/wp\/v2\/pages\/16390\/revisions\/21854"}],"wp:attachment":[{"href":"http:\/\/sionbartoszyce.pl\/en\/wp-json\/wp\/v2\/media?parent=16390"}],"curies":[{"name":"wp","href":"https:\/\/api.w.org\/{rel}","templated":true}]}}